{"id":43579,"date":"2025-04-10T12:12:05","date_gmt":"2025-04-10T10:12:05","guid":{"rendered":"https:\/\/myspainfood.com\/producto\/la-vieja-fabrica-bitter-orange-jam-280-g\/"},"modified":"2025-04-10T12:12:05","modified_gmt":"2025-04-10T10:12:05","slug":"la-vieja-fabrica-bitter-orange-jam-280-g","status":"publish","type":"product","link":"https:\/\/myspainfood.com\/cs\/producto\/la-vieja-fabrica-bitter-orange-jam-280-g\/","title":{"rendered":"La Vieja F\u00e1brica Bitter Orange Jam 280 g"},"content":{"rendered":"<p>Marmel\u00e1da z ho\u0159k\u00fdch pomeran\u010d\u016f La Vieja F\u00e1brica je tradi\u010dn\u00ed \u0161pan\u011blsk\u00fd v\u00fdrobek, kter\u00fd vynik\u00e1 svou autentickou a lahodnou chut\u00ed. Vyr\u00e1b\u00ed se z nejlep\u0161\u00edch ho\u0159k\u00fdch pomeran\u010d\u016f podle tradi\u010dn\u00edch receptur a nab\u00edz\u00ed dokonalou rovnov\u00e1hu mezi sladkost\u00ed a ho\u0159kost\u00ed. Tato marmel\u00e1da je ide\u00e1ln\u00ed k sn\u00eddani, sva\u010din\u011b nebo dezertu a p\u0159in\u00e1\u0161\u00ed na v\u00e1\u0161 st\u016fl bohatstv\u00ed tradi\u010dn\u00edch chut\u00ed \u0160pan\u011blska.  <\/p>\n<p>&nbsp;<\/p>\n<p><span class=\"info-key \"><strong>N\u00e1zev potraviny<\/strong>:<\/span> Marmel\u00e1da z ho\u0159k\u00fdch pomeran\u010d\u016f<\/p>\n<p><span class=\"info-key \"><strong>N\u00e1zev provozovatele<\/strong><\/span>: \u00c1ngel Camacho Alimentaci\u00f3n, S.L.<\/p>\n<p><span class=\"info-key \"><strong>Adresa provozovatele:<\/strong><\/span> Avda. del Pilar, 6 - 41530 Mor\u00f3n de la Frontera (Sevilla)<\/p>\n<p><span class=\"info-key \"><strong>M\u00edsto p\u016fvodu potraviny<\/strong>:<\/span> V\u00fdrobek ze \u0160pan\u011blska<\/p>\n<p><span class=\"info-key \"><strong>\u010cist\u00e9 mno\u017estv\u00ed:<\/strong><\/span> 365 g<\/p>\n<p><span class=\"info-key \"><strong>Dal\u0161\u00ed povinn\u00e9 \u00fadaje na etiket\u011b<\/strong>:<\/span> Vyrobeno ze 40 g pomeran\u010d\u016f na 100 g.<\/p>\n<p><strong>Celkov\u00fd obsah cukru<\/strong> 65 g na 100 g.<\/p>\n","protected":false},"excerpt":{"rendered":"<p>Marmel\u00e1da z ho\u0159k\u00fdch pomeran\u010d\u016f La Vieja F\u00e1brica je tradi\u010dn\u00ed \u0161pan\u011blsk\u00fd v\u00fdrobek, kter\u00fd vynik\u00e1 svou autentickou a lahodnou chut\u00ed. Vyr\u00e1b\u00ed se z nejlep\u0161\u00edch ho\u0159k\u00fdch pomeran\u010d\u016f podle tradi\u010dn\u00edch receptur a nab\u00edz\u00ed dokonalou rovnov\u00e1hu mezi sladkost\u00ed a ho\u0159kost\u00ed. Tato marmel\u00e1da je ide\u00e1ln\u00ed k sn\u00eddani, sva\u010din\u011b nebo dezertu a p\u0159in\u00e1\u0161\u00ed na v\u00e1\u0161 st\u016fl bohatstv\u00ed tradi\u010dn\u00edch chut\u00ed \u0160pan\u011blska. &nbsp; N\u00e1zev [&hellip;]<\/p>\n","protected":false},"featured_media":43585,"template":"","meta":{"_et_pb_use_builder":"","_et_pb_old_content":"","_et_gb_content_width":""},"product_brand":[1460],"product_cat":[1935],"product_tag":[],"class_list":{"0":"post-43579","1":"product","2":"type-product","3":"status-publish","4":"has-post-thumbnail","6":"product_brand-la-vieja-fabrica","7":"product_cat-zachovava","9":"first","10":"outofstock","11":"taxable","12":"shipping-taxable","13":"product-type-variable"},"_links":{"self":[{"href":"https:\/\/myspainfood.com\/cs\/wp-json\/wp\/v2\/product\/43579","targetHints":{"allow":["GET"]}}],"collection":[{"href":"https:\/\/myspainfood.com\/cs\/wp-json\/wp\/v2\/product"}],"about":[{"href":"https:\/\/myspainfood.com\/cs\/wp-json\/wp\/v2\/types\/product"}],"wp:featuredmedia":[{"embeddable":true,"href":"https:\/\/myspainfood.com\/cs\/wp-json\/wp\/v2\/media\/43585"}],"wp:attachment":[{"href":"https:\/\/myspainfood.com\/cs\/wp-json\/wp\/v2\/media?parent=43579"}],"wp:term":[{"taxonomy":"product_brand","embeddable":true,"href":"https:\/\/myspainfood.com\/cs\/wp-json\/wp\/v2\/product_brand?post=43579"},{"taxonomy":"product_cat","embeddable":true,"href":"https:\/\/myspainfood.com\/cs\/wp-json\/wp\/v2\/product_cat?post=43579"},{"taxonomy":"product_tag","embeddable":true,"href":"https:\/\/myspainfood.com\/cs\/wp-json\/wp\/v2\/product_tag?post=43579"}],"curies":[{"name":"wp","href":"https:\/\/api.w.org\/{rel}","templated":true}]}}