{"id":43906,"date":"2025-04-10T12:10:02","date_gmt":"2025-04-10T10:10:02","guid":{"rendered":"https:\/\/myspainfood.com\/producto\/chicon-olivy-lizatka-900-gramu-baleni-6-kusu\/"},"modified":"2025-04-10T12:10:02","modified_gmt":"2025-04-10T10:10:02","slug":"chicon-olivy-lizatka-900-gramu-baleni-6-kusu","status":"publish","type":"product","link":"https:\/\/myspainfood.com\/cs\/producto\/chicon-olivy-lizatka-900-gramu-baleni-6-kusu\/","title":{"rendered":"Chic\u00f3n olivy l\u00edz\u00e1tka 900 gram\u016f balen\u00ed 6 kus\u016f"},"content":{"rendered":"<h3>V\u00fdhody oliv <a href=\"https:\/\/aceitunaschiconlebron.com\/\" target=\"_blank\" rel=\"noopener noreferrer nofollow\">Chicon<\/a> Chupadedos Ali\u00f1o<\/h3>\n<p>V\u011bd\u011bli jste, \u017ee tyto olivy Chicon Ali\u00f1o Suckers maj\u00ed mnohostrann\u00fd p\u0159\u00ednos? Maj\u00ed vysokou schopnost p\u0159edch\u00e1zet srde\u010dn\u00edm onemocn\u011bn\u00edm a nemocem ob\u011bhov\u00e9ho syst\u00e9mu obecn\u011b. <\/p>\n<p>To je zp\u016fsobeno vysok\u00fdm obsahem nenasycen\u00fdch tuk\u016f. Krom\u011b toho obsahuje hodn\u011b \u017eeleza a vl\u00e1kniny a je velmi syt\u00fd, tak\u017ee je ide\u00e1ln\u00ed sva\u010dinou. <\/p>\n<p>Cel\u00e9 olivy je vhodn\u00e9 skladovat na chladn\u00e9m a such\u00e9m m\u00edst\u011b, mimo dosah slune\u010dn\u00edho z\u00e1\u0159en\u00ed.<\/p>\n<p>Pokud si chcete koupit olivy nebo jak\u00fdkoli jin\u00fd druh <a href=\"https:\/\/latiendadesami.com\/categoria-producto\/encurtidos\/\" rel=\"noopener noreferrer nofollow\" target=\"_blank\">nakl\u00e1dan\u00fdch potravin<\/a>, nev\u00e1hejte se pod\u00edvat do na\u0161eho online katalogu a prohl\u00e9dnout si \u0161irokou nab\u00eddku <a href=\"https:\/\/latiendadesami.com\/categoria-producto\/encurtidos\/aceitunas\/\" target=\"_blank\" rel=\"noopener noreferrer nofollow\">oliv<\/a>.<\/p>\n","protected":false},"excerpt":{"rendered":"<p>V\u00fdhody oliv Chicon Chupadedos Ali\u00f1o V\u011bd\u011bli jste, \u017ee tyto olivy Chicon Ali\u00f1o Suckers maj\u00ed mnohostrann\u00fd p\u0159\u00ednos? Maj\u00ed vysokou schopnost p\u0159edch\u00e1zet srde\u010dn\u00edm onemocn\u011bn\u00edm a nemocem ob\u011bhov\u00e9ho syst\u00e9mu obecn\u011b. To je zp\u016fsobeno vysok\u00fdm obsahem nenasycen\u00fdch tuk\u016f. Krom\u011b toho obsahuje hodn\u011b \u017eeleza a vl\u00e1kniny a je velmi syt\u00fd, tak\u017ee je ide\u00e1ln\u00ed sva\u010dinou. Cel\u00e9 olivy je vhodn\u00e9 skladovat na [&hellip;]<\/p>\n","protected":false},"featured_media":43912,"template":"","meta":{"_et_pb_use_builder":"","_et_pb_old_content":"","_et_gb_content_width":""},"product_brand":[1036],"product_cat":[3140,2957],"product_tag":[4097],"class_list":{"0":"post-43906","1":"product","2":"type-product","3":"status-publish","4":"has-post-thumbnail","6":"product_brand-chicon","7":"product_cat-pickles-cs-2","8":"product_cat-velkoobchod-cs","9":"product_tag-suckers-cs","11":"first","12":"instock","13":"taxable","14":"shipping-taxable","15":"purchasable","16":"product-type-variable"},"_links":{"self":[{"href":"https:\/\/myspainfood.com\/cs\/wp-json\/wp\/v2\/product\/43906","targetHints":{"allow":["GET"]}}],"collection":[{"href":"https:\/\/myspainfood.com\/cs\/wp-json\/wp\/v2\/product"}],"about":[{"href":"https:\/\/myspainfood.com\/cs\/wp-json\/wp\/v2\/types\/product"}],"wp:featuredmedia":[{"embeddable":true,"href":"https:\/\/myspainfood.com\/cs\/wp-json\/wp\/v2\/media\/43912"}],"wp:attachment":[{"href":"https:\/\/myspainfood.com\/cs\/wp-json\/wp\/v2\/media?parent=43906"}],"wp:term":[{"taxonomy":"product_brand","embeddable":true,"href":"https:\/\/myspainfood.com\/cs\/wp-json\/wp\/v2\/product_brand?post=43906"},{"taxonomy":"product_cat","embeddable":true,"href":"https:\/\/myspainfood.com\/cs\/wp-json\/wp\/v2\/product_cat?post=43906"},{"taxonomy":"product_tag","embeddable":true,"href":"https:\/\/myspainfood.com\/cs\/wp-json\/wp\/v2\/product_tag?post=43906"}],"curies":[{"name":"wp","href":"https:\/\/api.w.org\/{rel}","templated":true}]}}