{"id":44209,"date":"2025-04-10T12:11:14","date_gmt":"2025-04-10T10:11:14","guid":{"rendered":"https:\/\/myspainfood.com\/producto\/vermutovy-koktejl-los-cantabros-025-lata-od-jairo-cuetao-staceny-do-lahvi-bodegas-igarmi\/"},"modified":"2026-01-29T13:00:04","modified_gmt":"2026-01-29T12:00:04","slug":"vermutovy-koktejl-los-cantabros-025-lata-od-jairo-cuetao-staceny-do-lahvi-bodegas-igarmi","status":"publish","type":"product","link":"https:\/\/myspainfood.com\/cs\/producto\/vermutovy-koktejl-los-cantabros-025-lata-od-jairo-cuetao-staceny-do-lahvi-bodegas-igarmi\/","title":{"rendered":"Vermutov\u00fd koktejl los C\u00e1ntabros 0,25 Lata od Jairo Cuetao st\u00e1\u010den\u00fd do lahv\u00ed bodegas Igarmi"},"content":{"rendered":"<p>Verm\u00fa los C\u00e1ntabros je poctou v\u0161em mu\u017e\u016fm a \u017een\u00e1m, kte\u0159\u00ed um\u011bli zachovat a \u0161\u00ed\u0159it na\u0161i kulturu.<\/p>\n<p>Tak\u00e9 na\u0161e ko\u0159eny a tradice, doprov\u00e1zen\u00e9 jarmarky, festivaly, hrami a gastronomi\u00ed, od mo\u0159e a\u017e po hory na\u0161\u00ed milovan\u00e9 Kant\u00e1brie.<\/p>\n<p>Tento produkt st\u00e1\u010d\u00ed do lahv\u00ed spole\u010dnost Bodegas Igarmi.  <\/p>\n<p>Bodegas Igarmi je sou\u010dasnost\u00ed tradice, kter\u00e1 se od roku 1890 vyzna\u010duje kvalitou a slu\u017ebami z\u00e1kazn\u00edk\u016fm.<\/p>\n<p>Rodinn\u00fd podnik, kter\u00fd d\u00edky sv\u00e9 v\u00e1\u0161ni a oddanosti v\u00ednu st\u00e1\u010d\u00ed a prod\u00e1v\u00e1 v\u00edna s bezkonkuren\u010dn\u00edm pom\u011brem kvality a ceny, je\u017e jsou na trhu i u spot\u0159ebitel\u016f vysoce cen\u011bna.<\/p>\n<p>Bodegas Igarmi m\u00e1 ve m\u011bst\u011b Heras prostory o rozloze 3000 m\u00b2 s kapacitou skladu p\u0159ibli\u017en\u011b jeden milion litr\u016f.<\/p>\n<p>Je to tak\u00e9 nejv\u011bt\u0161\u00ed vina\u0159stv\u00ed v Kant\u00e1brii.<\/p>\n<p>Tvo\u0159\u00ed skv\u011bl\u00fd t\u00fdm v\u00edce ne\u017e 30 lid\u00ed, kte\u0159\u00ed se sna\u017e\u00ed poskytovat z\u00e1kazn\u00edk\u016fm ty nejlep\u0161\u00ed produkty a slu\u017eby, kter\u00fdmi se vyzna\u010dujeme.<\/p>\n<p>Disponuje vozov\u00fdm parkem 20 vozidel pro rozvoz a distribuci v\u00fdrobk\u016f po cel\u00e9 Kant\u00e1brii a sousedn\u00edch obc\u00edch.<\/p>\n<p>Pokud si chcete koupit Vermut Los C\u00e1ntabros 5 litr\u016f Bag in Box nebo jak\u00fdkoli jin\u00fd druh n\u00e1poje, nev\u00e1hejte se pod\u00edvat do na\u0161eho online katalogu a prohl\u00e9dnout si \u0161irokou nab\u00eddku n\u00e1poj\u016f.<\/p>\n<p>Napi\u0161te n\u00e1m o dal\u0161\u00ed informace.<\/p>\n","protected":false},"excerpt":{"rendered":"<p>Verm\u00fa los C\u00e1ntabros je poctou v\u0161em mu\u017e\u016fm a \u017een\u00e1m, kte\u0159\u00ed um\u011bli zachovat a \u0161\u00ed\u0159it na\u0161i kulturu. Tak\u00e9 na\u0161e ko\u0159eny a tradice, doprov\u00e1zen\u00e9 jarmarky, festivaly, hrami a gastronomi\u00ed, od mo\u0159e a\u017e po hory na\u0161\u00ed milovan\u00e9 Kant\u00e1brie. Tento produkt st\u00e1\u010d\u00ed do lahv\u00ed spole\u010dnost Bodegas Igarmi. Bodegas Igarmi je sou\u010dasnost\u00ed tradice, kter\u00e1 se od roku 1890 vyzna\u010duje kvalitou [&hellip;]<\/p>\n","protected":false},"featured_media":44214,"template":"","meta":{"_et_pb_use_builder":"","_et_pb_old_content":"","_et_gb_content_width":""},"product_brand":[1244,1245],"product_cat":[4908,5791],"product_tag":[5793],"class_list":{"0":"post-44209","1":"product","2":"type-product","3":"status-publish","4":"has-post-thumbnail","6":"product_brand-igarmi","7":"product_brand-los-cantabros","8":"product_cat-napoje-cs","9":"product_cat-vermut-cs","10":"product_tag-igarmi-cs","12":"first","13":"outofstock","14":"featured","15":"taxable","16":"shipping-taxable","17":"product-type-variable"},"_links":{"self":[{"href":"https:\/\/myspainfood.com\/cs\/wp-json\/wp\/v2\/product\/44209","targetHints":{"allow":["GET"]}}],"collection":[{"href":"https:\/\/myspainfood.com\/cs\/wp-json\/wp\/v2\/product"}],"about":[{"href":"https:\/\/myspainfood.com\/cs\/wp-json\/wp\/v2\/types\/product"}],"wp:featuredmedia":[{"embeddable":true,"href":"https:\/\/myspainfood.com\/cs\/wp-json\/wp\/v2\/media\/44214"}],"wp:attachment":[{"href":"https:\/\/myspainfood.com\/cs\/wp-json\/wp\/v2\/media?parent=44209"}],"wp:term":[{"taxonomy":"product_brand","embeddable":true,"href":"https:\/\/myspainfood.com\/cs\/wp-json\/wp\/v2\/product_brand?post=44209"},{"taxonomy":"product_cat","embeddable":true,"href":"https:\/\/myspainfood.com\/cs\/wp-json\/wp\/v2\/product_cat?post=44209"},{"taxonomy":"product_tag","embeddable":true,"href":"https:\/\/myspainfood.com\/cs\/wp-json\/wp\/v2\/product_tag?post=44209"}],"curies":[{"name":"wp","href":"https:\/\/api.w.org\/{rel}","templated":true}]}}