{"id":44287,"date":"2025-04-10T12:11:27","date_gmt":"2025-04-10T10:11:27","guid":{"rendered":"https:\/\/myspainfood.com\/producto\/sortiment-don-bosco-polvorones-700-gramu-krabice-la-ponderosa\/"},"modified":"2025-09-02T10:51:19","modified_gmt":"2025-09-02T08:51:19","slug":"sortiment-don-bosco-polvorones-700-gramu-krabice-la-ponderosa","status":"publish","type":"product","link":"https:\/\/myspainfood.com\/cs\/producto\/sortiment-don-bosco-polvorones-700-gramu-krabice-la-ponderosa\/","title":{"rendered":"Sortiment Don Bosco polvorones 700 gram\u016f krabice La Ponderosa"},"content":{"rendered":"<p>Popis<\/p>\n<p> V tomto mini s\u00e1\u010dku se sortimentem 700 grs najdete ty nejtradi\u010dn\u011bj\u0161\u00ed v\u00e1no\u010dky.  <\/p>\n","protected":false},"excerpt":{"rendered":"<p>Popis V tomto mini s\u00e1\u010dku se sortimentem 700 grs najdete ty nejtradi\u010dn\u011bj\u0161\u00ed v\u00e1no\u010dky.<\/p>\n","protected":false},"featured_media":44293,"template":"","meta":{"_et_pb_use_builder":"","_et_pb_old_content":"","_et_gb_content_width":""},"product_brand":[1417],"product_cat":[7783,1935],"product_tag":[],"class_list":{"0":"post-44287","1":"product","2":"type-product","3":"status-publish","4":"has-post-thumbnail","6":"product_brand-la-ponderosa","7":"product_cat-vanocni-special","8":"product_cat-zachovava","10":"first","11":"outofstock","12":"taxable","13":"shipping-taxable","14":"product-type-variable"},"_links":{"self":[{"href":"https:\/\/myspainfood.com\/cs\/wp-json\/wp\/v2\/product\/44287","targetHints":{"allow":["GET"]}}],"collection":[{"href":"https:\/\/myspainfood.com\/cs\/wp-json\/wp\/v2\/product"}],"about":[{"href":"https:\/\/myspainfood.com\/cs\/wp-json\/wp\/v2\/types\/product"}],"wp:featuredmedia":[{"embeddable":true,"href":"https:\/\/myspainfood.com\/cs\/wp-json\/wp\/v2\/media\/44293"}],"wp:attachment":[{"href":"https:\/\/myspainfood.com\/cs\/wp-json\/wp\/v2\/media?parent=44287"}],"wp:term":[{"taxonomy":"product_brand","embeddable":true,"href":"https:\/\/myspainfood.com\/cs\/wp-json\/wp\/v2\/product_brand?post=44287"},{"taxonomy":"product_cat","embeddable":true,"href":"https:\/\/myspainfood.com\/cs\/wp-json\/wp\/v2\/product_cat?post=44287"},{"taxonomy":"product_tag","embeddable":true,"href":"https:\/\/myspainfood.com\/cs\/wp-json\/wp\/v2\/product_tag?post=44287"}],"curies":[{"name":"wp","href":"https:\/\/api.w.org\/{rel}","templated":true}]}}