{"id":44324,"date":"2025-04-10T12:11:27","date_gmt":"2025-04-10T10:11:27","guid":{"rendered":"https:\/\/myspainfood.com\/producto\/sortimentni-sacek-400-gramu-la-ponderosa\/"},"modified":"2025-04-10T12:11:27","modified_gmt":"2025-04-10T10:11:27","slug":"sortimentni-sacek-400-gramu-la-ponderosa","status":"publish","type":"product","link":"https:\/\/myspainfood.com\/cs\/producto\/sortimentni-sacek-400-gramu-la-ponderosa\/","title":{"rendered":"Sortimentn\u00ed s\u00e1\u010dek 400 gram\u016f La Ponderosa"},"content":{"rendered":"<p>Popis<\/p>\n<p>V tomto sortimentu minis\u00e1\u010dku 400 grs najdete ty nejtradi\u010dn\u011bj\u0161\u00ed v\u00e1no\u010dn\u00ed v\u00fdrobky. V jednom v\u00fdrobku najdete v\u00fdb\u011br z: <\/p>\n<p>- V\u00edno a mandlov\u00e9 koblihy. Mini verze na\u0161ich vynikaj\u00edc\u00edch vinn\u00fdch koblih. Kulat\u00fd tvar s otvorem uprost\u0159ed, vyroben\u00fd ze sladk\u00e9ho v\u00edna, mandl\u00ed, sezamov\u00fdch sem\u00ednek a mou\u010dkov\u00e9ho cukru.  <\/p>\n<p>- Polvoroncitos de almendra. Co by to bylo za V\u00e1noce bez tradi\u010dn\u00edch polvoronones? I kdy\u017e jsou na\u0161e polvoroncitos men\u0161\u00ed ne\u017e ty p\u016fvodn\u00ed, zachov\u00e1vaj\u00ed si charakteristickou mandlovou chu\u0165.  <\/p>\n<p>- Sko\u0159icov\u00fd chleb\u00ed\u010dek. Kr\u00e1l V\u00e1noc spolu s polvor\u00f3nem. Mini verze na\u0161eho mantecado se vyr\u00e1b\u00ed ze stejn\u00fdch surovin: m\u00e1sla, mouky, mlet\u00fdch mandl\u00ed, sezamov\u00fdch sem\u00ednek a sko\u0159ice.  <\/p>\n<p>Slo\u017een\u00ed<\/p>\n<p>Mini sko\u0159icov\u00e9 m\u00e1slo: p\u0161eni\u010dn\u00e1 mouka, cukr, ibersk\u00e9 s\u00e1dlo (antioxidant: E-320), sko\u0159ice (1 %) a sezamov\u00e1 sem\u00ednka. M\u016f\u017ee obsahovat stopy sko\u0159\u00e1pkov\u00fdch plod\u016f, ara\u0161\u00edd\u016f a si\u0159i\u010ditan\u016f. <\/p>\n<p>Mini mandlov\u00fd polvor\u00f3n: p\u0161eni\u010dn\u00e1 mouka, cukr, ibersk\u00e9 s\u00e1dlo (antioxidant: E-320), mandle (8 %), sko\u0159ice, h\u0159eb\u00ed\u010dek a citronov\u00e9 aroma. M\u016f\u017ee obsahovat stopy ara\u0161\u00edd\u016f, sezamu a si\u0159i\u010ditan\u016f. <\/p>\n<p>Vinn\u00e9 a mandlov\u00e9 mini kobl\u00ed\u017eky: P\u0161eni\u010dn\u00e1 mouka, ibersk\u00e9 s\u00e1dlo (antioxidant: E-320), cukr, v\u00edno (obsahuje si\u0159i\u010ditany) (12 %), mandle (5 %), an\u00fdz, sko\u0159ice, sezamov\u00e1 sem\u00ednka, an\u00fdzov\u00e9 a citronov\u00e9 aroma. M\u016f\u017ee obsahovat stopy ara\u0161\u00edd\u016f. <\/p>\n<p>Alergeny<\/p>\n<p>Obsahuje lepek, o\u0159echy, sezam a si\u0159i\u010ditany. M\u016f\u017ee obsahovat stopy ara\u0161\u00edd\u016f. <\/p>\n","protected":false},"excerpt":{"rendered":"<p>Popis V tomto sortimentu minis\u00e1\u010dku 400 grs najdete ty nejtradi\u010dn\u011bj\u0161\u00ed v\u00e1no\u010dn\u00ed v\u00fdrobky. V jednom v\u00fdrobku najdete v\u00fdb\u011br z: - V\u00edno a mandlov\u00e9 koblihy. Mini verze na\u0161ich vynikaj\u00edc\u00edch vinn\u00fdch koblih. Kulat\u00fd tvar s otvorem uprost\u0159ed, vyroben\u00fd ze sladk\u00e9ho v\u00edna, mandl\u00ed, sezamov\u00fdch sem\u00ednek a mou\u010dkov\u00e9ho cukru. - Polvoroncitos de almendra. Co by to bylo za V\u00e1noce bez [&hellip;]<\/p>\n","protected":false},"featured_media":44331,"template":"","meta":{"_et_pb_use_builder":"","_et_pb_old_content":"","_et_gb_content_width":""},"product_brand":[1417],"product_cat":[7783,1935],"product_tag":[],"class_list":{"0":"post-44324","1":"product","2":"type-product","3":"status-publish","4":"has-post-thumbnail","6":"product_brand-la-ponderosa","7":"product_cat-vanocni-special","8":"product_cat-zachovava","10":"first","11":"outofstock","12":"taxable","13":"shipping-taxable","14":"product-type-variable"},"_links":{"self":[{"href":"https:\/\/myspainfood.com\/cs\/wp-json\/wp\/v2\/product\/44324","targetHints":{"allow":["GET"]}}],"collection":[{"href":"https:\/\/myspainfood.com\/cs\/wp-json\/wp\/v2\/product"}],"about":[{"href":"https:\/\/myspainfood.com\/cs\/wp-json\/wp\/v2\/types\/product"}],"wp:featuredmedia":[{"embeddable":true,"href":"https:\/\/myspainfood.com\/cs\/wp-json\/wp\/v2\/media\/44331"}],"wp:attachment":[{"href":"https:\/\/myspainfood.com\/cs\/wp-json\/wp\/v2\/media?parent=44324"}],"wp:term":[{"taxonomy":"product_brand","embeddable":true,"href":"https:\/\/myspainfood.com\/cs\/wp-json\/wp\/v2\/product_brand?post=44324"},{"taxonomy":"product_cat","embeddable":true,"href":"https:\/\/myspainfood.com\/cs\/wp-json\/wp\/v2\/product_cat?post=44324"},{"taxonomy":"product_tag","embeddable":true,"href":"https:\/\/myspainfood.com\/cs\/wp-json\/wp\/v2\/product_tag?post=44324"}],"curies":[{"name":"wp","href":"https:\/\/api.w.org\/{rel}","templated":true}]}}