{"id":44356,"date":"2025-04-10T12:11:27","date_gmt":"2025-04-10T10:11:27","guid":{"rendered":"https:\/\/myspainfood.com\/producto\/domaci-chleb-500-gramu-sacek-la-ponderosa\/"},"modified":"2025-04-10T12:11:27","modified_gmt":"2025-04-10T10:11:27","slug":"domaci-chleb-500-gramu-sacek-la-ponderosa","status":"publish","type":"product","link":"https:\/\/myspainfood.com\/cs\/producto\/domaci-chleb-500-gramu-sacek-la-ponderosa\/","title":{"rendered":"Dom\u00e1c\u00ed chl\u00e9b 500 gram\u016f s\u00e1\u010dek La Ponderosa"},"content":{"rendered":"<p>\u010cokol\u00e1dov\u00e9, citronov\u00e9, sko\u0159icov\u00e9&#8230; Na trhu je mnoho p\u0159\u00edchut\u00ed mantecados, ale jestli jsou n\u011bjak\u00e9, kter\u00e9 na v\u00e1no\u010dn\u00edm stole nesm\u00ed chyb\u011bt, pak jsou to dom\u00e1c\u00ed mantecados. Sm\u011bs kvality, proto\u017ee na\u0161e dom\u00e1c\u00ed mantecados se vyr\u00e1b\u00ed z t\u011bch nejlep\u0161\u00edch surovin, s \u0159emeslnou zru\u010dnost\u00ed, tradic\u00ed v\u00fdrobku, kter\u00fd se v na\u0161\u00ed zemi prod\u00e1v\u00e1 u\u017e l\u00e9ta, z n\u011bj d\u011bl\u00e1 jeden z nejprod\u00e1van\u011bj\u0161\u00edch v\u00fdrobk\u016f mezi na\u0161imi z\u00e1kazn\u00edky. <\/p>\n<p>Slo\u017een\u00ed:<\/p>\n<p>P\u0161eni\u010dn\u00e1 mouka, cukr, ibersk\u00e9 s\u00e1dlo (antioxidant: E-320), sko\u0159ice a sezamov\u00e1 sem\u00ednka. M\u016f\u017ee obsahovat stopy sko\u0159\u00e1pkov\u00fdch plod\u016f, ara\u0161\u00edd\u016f a si\u0159i\u010ditan\u016f. <\/p>\n<p>Alergeny<\/p>\n<p>Obsahuje lepek a sezam. M\u016f\u017ee obsahovat stopy sko\u0159\u00e1pkov\u00fdch plod\u016f, ara\u0161\u00edd\u016f a si\u0159i\u010ditan\u016f. <\/p>\n","protected":false},"excerpt":{"rendered":"<p>\u010cokol\u00e1dov\u00e9, citronov\u00e9, sko\u0159icov\u00e9&#8230; Na trhu je mnoho p\u0159\u00edchut\u00ed mantecados, ale jestli jsou n\u011bjak\u00e9, kter\u00e9 na v\u00e1no\u010dn\u00edm stole nesm\u00ed chyb\u011bt, pak jsou to dom\u00e1c\u00ed mantecados. Sm\u011bs kvality, proto\u017ee na\u0161e dom\u00e1c\u00ed mantecados se vyr\u00e1b\u00ed z t\u011bch nejlep\u0161\u00edch surovin, s \u0159emeslnou zru\u010dnost\u00ed, tradic\u00ed v\u00fdrobku, kter\u00fd se v na\u0161\u00ed zemi prod\u00e1v\u00e1 u\u017e l\u00e9ta, z n\u011bj d\u011bl\u00e1 jeden z nejprod\u00e1van\u011bj\u0161\u00edch [&hellip;]<\/p>\n","protected":false},"featured_media":44360,"template":"","meta":{"_et_pb_use_builder":"","_et_pb_old_content":"","_et_gb_content_width":""},"product_brand":[1417],"product_cat":[7783,1935],"product_tag":[],"class_list":{"0":"post-44356","1":"product","2":"type-product","3":"status-publish","4":"has-post-thumbnail","6":"product_brand-la-ponderosa","7":"product_cat-vanocni-special","8":"product_cat-zachovava","10":"first","11":"outofstock","12":"taxable","13":"shipping-taxable","14":"product-type-variable"},"_links":{"self":[{"href":"https:\/\/myspainfood.com\/cs\/wp-json\/wp\/v2\/product\/44356","targetHints":{"allow":["GET"]}}],"collection":[{"href":"https:\/\/myspainfood.com\/cs\/wp-json\/wp\/v2\/product"}],"about":[{"href":"https:\/\/myspainfood.com\/cs\/wp-json\/wp\/v2\/types\/product"}],"wp:featuredmedia":[{"embeddable":true,"href":"https:\/\/myspainfood.com\/cs\/wp-json\/wp\/v2\/media\/44360"}],"wp:attachment":[{"href":"https:\/\/myspainfood.com\/cs\/wp-json\/wp\/v2\/media?parent=44356"}],"wp:term":[{"taxonomy":"product_brand","embeddable":true,"href":"https:\/\/myspainfood.com\/cs\/wp-json\/wp\/v2\/product_brand?post=44356"},{"taxonomy":"product_cat","embeddable":true,"href":"https:\/\/myspainfood.com\/cs\/wp-json\/wp\/v2\/product_cat?post=44356"},{"taxonomy":"product_tag","embeddable":true,"href":"https:\/\/myspainfood.com\/cs\/wp-json\/wp\/v2\/product_tag?post=44356"}],"curies":[{"name":"wp","href":"https:\/\/api.w.org\/{rel}","templated":true}]}}