{"id":44748,"date":"2025-04-10T12:07:16","date_gmt":"2025-04-10T10:07:16","guid":{"rendered":"https:\/\/myspainfood.com\/producto\/kvetinovy-med-1-kg-la-celda-real\/"},"modified":"2025-04-10T12:07:16","modified_gmt":"2025-04-10T10:07:16","slug":"kvetinovy-med-1-kg-la-celda-real","status":"publish","type":"product","link":"https:\/\/myspainfood.com\/cs\/producto\/kvetinovy-med-1-kg-la-celda-real\/","title":{"rendered":"Kv\u011btinov\u00fd med 1 kg La Celda Real"},"content":{"rendered":"<p style=\"text-align: left\">Miel de Flores 1 kg je produkt vyr\u00e1b\u011bn\u00fd d\u00edky rozs\u00e1hl\u00fdm za\u0159\u00edzen\u00edm vybaven\u00fdm automatizovan\u00fdmi <a href=\"https:\/\/es.wikipedia.org\/wiki\/Miel\" target=\"_blank\" rel=\"noopener noreferrer nofollow\">v\u00fdrobn\u00edmi<\/a> linkami a integrovan\u00fdm syst\u00e9mem kvality.<\/p>\n<p style=\"text-align: left\">Po sb\u011bru zku\u0161en\u00fdmi v\u010dela\u0159i je produkt zabalen postupem, kter\u00fd zaji\u0161\u0165uje maxim\u00e1ln\u00ed zachov\u00e1n\u00ed jeho p\u0159\u00edrodn\u00edch vlastnost\u00ed.<\/p>\n<p style=\"text-align: left\">Tento produkt se vyv\u00edj\u00ed d\u00edky zku\u0161enostem, znalostem a nad\u0161en\u00ed v\u0161ech, kte\u0159\u00ed jej tvo\u0159\u00ed, s vyv\u00e1\u017een\u00fdm z\u00e1vazkem k nejlep\u0161\u00ed tradici, zachov\u00e1v\u00e1n\u00edm dobr\u00e9 pr\u00e1ce z minul\u00fdch let a v\u00fdrobn\u00edmi postupy, kter\u00e9 zaji\u0161\u0165uj\u00ed <strong>kvalitu kone\u010dn\u00e9ho produktu.<\/strong><\/p>\n<p style=\"text-align: left\">Med je plnohodnotn\u00e1 potravina, kterou v\u010dely vyr\u00e1b\u011bj\u00ed z nektaru z\u00edskan\u00e9ho z kv\u011bt\u016f.<\/p>\n<p style=\"text-align: left\">Je to zlatav\u00e1, lepkav\u00e1, sladk\u00e1 a chutn\u00e1 tekutina, kterou si v\u010dely uchov\u00e1vaj\u00ed jako potravu b\u011bhem letn\u00ed sez\u00f3ny.<\/p>\n<p style=\"text-align: left\">M\u00e1 mnoho v\u00fdhod, nap\u0159\u00edklad:<\/p>\n<ul style=\"text-align: left\">\n<li>Jedn\u00e1 se o n\u00e1hra\u017eku cukru. P\u0159\u00edrodn\u00ed a lahodn\u00fd. <\/li>\n<li>Posiluje va\u0161i obranyschopnost. Chr\u00e1n\u00ed v\u00e1s organicky. <\/li>\n<li>Zabra\u0148uje infekc\u00edm. Pe\u010duje o va\u0161e zdrav\u00ed. <\/li>\n<li>Dod\u00e1v\u00e1 v\u00e1m energii nav\u00edc ka\u017ed\u00fd den.<\/li>\n<li>  Pom\u00e1h\u00e1 podporovat tr\u00e1ven\u00ed<\/li>\n<\/ul>\n<p style=\"text-align: left\">Pokud si chcete koupit Miel de Flores 1 kg nebo jak\u00fdkoli jin\u00fd druh <a href=\"https:\/\/latiendadesami.com\/categoria-producto\/conservas\/\" rel=\"noopener noreferrer nofollow\" target=\"_blank\">konzervy<\/a>, nev\u00e1hejte se pod\u00edvat do na\u0161eho online katalogu a prohl\u00e9dnout si \u0161irokou nab\u00eddku.<\/p>\n<p style=\"text-align: left\">Napi\u0161te n\u00e1m o dal\u0161\u00ed informace.<\/p>\n","protected":false},"excerpt":{"rendered":"<p>Kv\u011btov\u00fd med 1 kg<\/p>\n","protected":false},"featured_media":44761,"template":"","meta":{"_et_pb_use_builder":"","_et_pb_old_content":"","_et_gb_content_width":""},"product_brand":[1210],"product_cat":[3063,1935],"product_tag":[],"class_list":{"0":"post-44748","1":"product","2":"type-product","3":"status-publish","4":"has-post-thumbnail","6":"product_brand-la-celda-real","7":"product_cat-honey-cs","8":"product_cat-zachovava","10":"first","11":"instock","12":"taxable","13":"shipping-taxable","14":"purchasable","15":"product-type-variable"},"_links":{"self":[{"href":"https:\/\/myspainfood.com\/cs\/wp-json\/wp\/v2\/product\/44748","targetHints":{"allow":["GET"]}}],"collection":[{"href":"https:\/\/myspainfood.com\/cs\/wp-json\/wp\/v2\/product"}],"about":[{"href":"https:\/\/myspainfood.com\/cs\/wp-json\/wp\/v2\/types\/product"}],"wp:featuredmedia":[{"embeddable":true,"href":"https:\/\/myspainfood.com\/cs\/wp-json\/wp\/v2\/media\/44761"}],"wp:attachment":[{"href":"https:\/\/myspainfood.com\/cs\/wp-json\/wp\/v2\/media?parent=44748"}],"wp:term":[{"taxonomy":"product_brand","embeddable":true,"href":"https:\/\/myspainfood.com\/cs\/wp-json\/wp\/v2\/product_brand?post=44748"},{"taxonomy":"product_cat","embeddable":true,"href":"https:\/\/myspainfood.com\/cs\/wp-json\/wp\/v2\/product_cat?post=44748"},{"taxonomy":"product_tag","embeddable":true,"href":"https:\/\/myspainfood.com\/cs\/wp-json\/wp\/v2\/product_tag?post=44748"}],"curies":[{"name":"wp","href":"https:\/\/api.w.org\/{rel}","templated":true}]}}