{"id":44800,"date":"2025-04-10T12:07:40","date_gmt":"2025-04-10T10:07:40","guid":{"rendered":"https:\/\/myspainfood.com\/producto\/smiseny-taveny-syr-las-gavillas-cca-800-g\/"},"modified":"2025-06-24T14:12:16","modified_gmt":"2025-06-24T12:12:16","slug":"smiseny-taveny-syr-las-gavillas-cca-800-g","status":"publish","type":"product","link":"https:\/\/myspainfood.com\/cs\/producto\/smiseny-taveny-syr-las-gavillas-cca-800-g\/","title":{"rendered":"Sm\u00ed\u0161en\u00fd taven\u00fd s\u00fdr Las Gavillas cca 800 g"},"content":{"rendered":"<p>S\u00fdr ze syrov\u00e9ho kravsk\u00e9ho, koz\u00edho a ov\u010d\u00edho ml\u00e9ka<\/p>\n<p> P\u0159ibli\u017en\u00fd kl\u00edn 800 gr.<\/p>\n","protected":false},"excerpt":{"rendered":"<p>S\u00fdr ze syrov\u00e9ho kravsk\u00e9ho, koz\u00edho a ov\u010d\u00edho ml\u00e9ka P\u0159ibli\u017en\u00fd kl\u00edn 800 gr.<\/p>\n","protected":false},"featured_media":44804,"template":"","meta":{"_et_pb_use_builder":"","_et_pb_old_content":"","_et_gb_content_width":""},"product_brand":[1247],"product_cat":[1868,2298],"product_tag":[],"class_list":{"0":"post-44800","1":"product","2":"type-product","3":"status-publish","4":"has-post-thumbnail","6":"product_brand-gavillas","7":"product_cat-cold-cs","8":"product_cat-syr-a-klobasa-cs","9":"product_shipping_class-preprava-za-studena","11":"first","12":"outofstock","13":"featured","14":"taxable","15":"shipping-taxable","16":"purchasable","17":"product-type-simple"},"_links":{"self":[{"href":"https:\/\/myspainfood.com\/cs\/wp-json\/wp\/v2\/product\/44800","targetHints":{"allow":["GET"]}}],"collection":[{"href":"https:\/\/myspainfood.com\/cs\/wp-json\/wp\/v2\/product"}],"about":[{"href":"https:\/\/myspainfood.com\/cs\/wp-json\/wp\/v2\/types\/product"}],"wp:featuredmedia":[{"embeddable":true,"href":"https:\/\/myspainfood.com\/cs\/wp-json\/wp\/v2\/media\/44804"}],"wp:attachment":[{"href":"https:\/\/myspainfood.com\/cs\/wp-json\/wp\/v2\/media?parent=44800"}],"wp:term":[{"taxonomy":"product_brand","embeddable":true,"href":"https:\/\/myspainfood.com\/cs\/wp-json\/wp\/v2\/product_brand?post=44800"},{"taxonomy":"product_cat","embeddable":true,"href":"https:\/\/myspainfood.com\/cs\/wp-json\/wp\/v2\/product_cat?post=44800"},{"taxonomy":"product_tag","embeddable":true,"href":"https:\/\/myspainfood.com\/cs\/wp-json\/wp\/v2\/product_tag?post=44800"}],"curies":[{"name":"wp","href":"https:\/\/api.w.org\/{rel}","templated":true}]}}