{"id":44975,"date":"2025-04-10T12:11:39","date_gmt":"2025-04-10T10:11:39","guid":{"rendered":"https:\/\/myspainfood.com\/producto\/sanmer-cerne-perlove-olivy-s-peckou-314-ml\/"},"modified":"2025-04-10T12:11:39","modified_gmt":"2025-04-10T10:11:39","slug":"sanmer-cerne-perlove-olivy-s-peckou-314-ml","status":"publish","type":"product","link":"https:\/\/myspainfood.com\/cs\/producto\/sanmer-cerne-perlove-olivy-s-peckou-314-ml\/","title":{"rendered":"Sanmer \u010cern\u00e9 perlov\u00e9 olivy s peckou 314 ml"},"content":{"rendered":"<p>Intenzivn\u00ed \u010dern\u00e1 barva s v\u00fdrazn\u00fdm leskem, \u0161\u0165avnatou du\u017einou a p\u0159\u00edjemnou strukturou. Skv\u011bl\u00fd dopln\u011bk k \u010derstv\u00fdm sal\u00e1t\u016fm a pizze, vynikaj\u00edc\u00ed k jak\u00e9mukoli jemn\u00e9mu pokrmu. <\/p>\n","protected":false},"excerpt":{"rendered":"<p>Intenzivn\u00ed \u010dern\u00e1 barva s v\u00fdrazn\u00fdm leskem, \u0161\u0165avnatou du\u017einou a p\u0159\u00edjemnou strukturou. Skv\u011bl\u00fd dopln\u011bk k \u010derstv\u00fdm sal\u00e1t\u016fm a pizze, vynikaj\u00edc\u00ed k jak\u00e9mukoli jemn\u00e9mu pokrmu.<\/p>\n","protected":false},"featured_media":44979,"template":"","meta":{"_et_pb_use_builder":"","_et_pb_old_content":"","_et_gb_content_width":""},"product_brand":[1069,1303],"product_cat":[1780,1778],"product_tag":[7083,2038],"class_list":{"0":"post-44975","1":"product","2":"type-product","3":"status-publish","4":"has-post-thumbnail","6":"product_brand-sangar","7":"product_brand-sanmer","8":"product_cat-olivy-cs","9":"product_cat-pickles-cs","10":"product_tag-cerna","11":"product_tag-hermanek","13":"first","14":"outofstock","15":"taxable","16":"shipping-taxable","17":"product-type-variable"},"_links":{"self":[{"href":"https:\/\/myspainfood.com\/cs\/wp-json\/wp\/v2\/product\/44975","targetHints":{"allow":["GET"]}}],"collection":[{"href":"https:\/\/myspainfood.com\/cs\/wp-json\/wp\/v2\/product"}],"about":[{"href":"https:\/\/myspainfood.com\/cs\/wp-json\/wp\/v2\/types\/product"}],"wp:featuredmedia":[{"embeddable":true,"href":"https:\/\/myspainfood.com\/cs\/wp-json\/wp\/v2\/media\/44979"}],"wp:attachment":[{"href":"https:\/\/myspainfood.com\/cs\/wp-json\/wp\/v2\/media?parent=44975"}],"wp:term":[{"taxonomy":"product_brand","embeddable":true,"href":"https:\/\/myspainfood.com\/cs\/wp-json\/wp\/v2\/product_brand?post=44975"},{"taxonomy":"product_cat","embeddable":true,"href":"https:\/\/myspainfood.com\/cs\/wp-json\/wp\/v2\/product_cat?post=44975"},{"taxonomy":"product_tag","embeddable":true,"href":"https:\/\/myspainfood.com\/cs\/wp-json\/wp\/v2\/product_tag?post=44975"}],"curies":[{"name":"wp","href":"https:\/\/api.w.org\/{rel}","templated":true}]}}