{"id":45146,"date":"2025-04-10T12:05:33","date_gmt":"2025-04-10T10:05:33","guid":{"rendered":"https:\/\/myspainfood.com\/producto\/olivova-prichut-lilku\/"},"modified":"2025-04-10T12:05:33","modified_gmt":"2025-04-10T10:05:33","slug":"olivova-prichut-lilku","status":"publish","type":"product","link":"https:\/\/myspainfood.com\/cs\/producto\/olivova-prichut-lilku\/","title":{"rendered":"Olivov\u00e1 p\u0159\u00edchu\u0165 lilku"},"content":{"rendered":"<p>Lilek s p\u0159\u00edchut\u00ed olivy m\u00e1 velmi jemnou chu\u0165, co\u017e z n\u011bj d\u011bl\u00e1 odv\u00e1\u017en\u00fd <a href=\"https:\/\/www.laencajera.es\/aceitunas\" target=\"_blank\" rel=\"noopener noreferrer nofollow\">p\u0159edkrm,<\/a> kter\u00fd je v\u017edy chutn\u00fd.<\/p>\n<p>Stejn\u011b tak je ide\u00e1ln\u00edm dopl\u0148kem k pokrm\u016fm na l\u017e\u00edci. Lze si je vychutnat se sklenkou v\u00edna. <\/p>\n<p>Slo\u017een\u00ed: P\u0159\u00edrodn\u00ed ko\u0159en\u00ed (\u010desnek, km\u00edn, paprika a olej), l\u00e1tky zv\u00fdraz\u0148uj\u00edc\u00ed chu\u0165 a v\u016fni (E-631, E-627, E-621), okyseluj\u00edc\u00ed l\u00e1tka (E-330), konzervanty (E-270, E-202, E-211), antioxidant (E-330) a p\u0159\u00edrodn\u00ed aromata. M\u016f\u017ee obsahovat si\u0159i\u010ditany. <\/p>\n<p>Uchov\u00e1vejte na chladn\u00e9m a such\u00e9m m\u00edst\u011b p\u0159i teplot\u011b od 3 do 10 \u00b0C. Uchov\u00e1vejte mimo dosah slune\u010dn\u00edho sv\u011btla a siln\u00fdch pach\u016f. <\/p>\n<p>Olive s p\u0159\u00edchut\u00ed lilku po otev\u0159en\u00ed uchov\u00e1vejte v chladu a spot\u0159ebujte do 30 dn\u016f.<\/p>\n<p>Pokud si chcete koupit olivy nebo jak\u00fdkoli jin\u00fd druh <a href=\"https:\/\/latiendadesami.com\/categoria-producto\/encurtidos\/\" rel=\"noopener noreferrer nofollow\" target=\"_blank\">nakl\u00e1dan\u00e9 zeleniny<\/a>, nev\u00e1hejte se pod\u00edvat do na\u0161eho online katalogu a prohl\u00e9dnout si \u0161irokou nab\u00eddku <a href=\"https:\/\/latiendadesami.com\/categoria-producto\/encurtidos\/berenjenas\/\" target=\"_blank\" rel=\"noopener noreferrer nofollow\">lilk\u016f<\/a>.<\/p>\n<p>Zna\u010dka La Encajonera je rodinn\u00fd podnik zalo\u017een\u00fd v roce 1990, kter\u00fd se nach\u00e1z\u00ed v srdci regionu La Mancha, ve m\u011bst\u011b ALMAGRO v provincii Ciudad Real.<\/p>\n<p>V\u00fdrobn\u00ed proces jej\u00edch produkt\u016f za\u010d\u00edn\u00e1 ve stejn\u00e9 p\u011bstitelsk\u00e9 oblasti, kde se vyb\u00edr\u00e1 ten nejkvalitn\u011bj\u0161\u00ed produkt.<\/p>\n<p>Tov\u00e1rna je vybavena nejmodern\u011bj\u0161\u00edmi technologiemi a z\u00e1rove\u0148 si zachov\u00e1v\u00e1 tradici a know-how sv\u00fdch \u0159emesln\u00edk\u016f.<\/p>\n","protected":false},"excerpt":{"rendered":"<p>Lilek s p\u0159\u00edchut\u00ed olivy m\u00e1 velmi jemnou chu\u0165, co\u017e z n\u011bj d\u011bl\u00e1 odv\u00e1\u017en\u00fd p\u0159edkrm, kter\u00fd je v\u017edy chutn\u00fd. Stejn\u011b tak je ide\u00e1ln\u00edm dopl\u0148kem k pokrm\u016fm na l\u017e\u00edci. Lze si je vychutnat se sklenkou v\u00edna. Slo\u017een\u00ed: P\u0159\u00edrodn\u00ed ko\u0159en\u00ed (\u010desnek, km\u00edn, paprika a olej), l\u00e1tky zv\u00fdraz\u0148uj\u00edc\u00ed chu\u0165 a v\u016fni (E-631, E-627, E-621), okyseluj\u00edc\u00ed l\u00e1tka (E-330), konzervanty (E-270, [&hellip;]<\/p>\n","protected":false},"featured_media":45152,"template":"","meta":{"_et_pb_use_builder":"","_et_pb_old_content":"","_et_gb_content_width":""},"product_brand":[1057],"product_cat":[1780,1778],"product_tag":[2146],"class_list":{"0":"post-45146","1":"product","2":"type-product","3":"status-publish","4":"has-post-thumbnail","6":"product_brand-la-encajera","7":"product_cat-olivy-cs","8":"product_cat-pickles-cs","9":"product_tag-lilek","11":"first","12":"outofstock","13":"taxable","14":"shipping-taxable","15":"product-type-variable"},"_links":{"self":[{"href":"https:\/\/myspainfood.com\/cs\/wp-json\/wp\/v2\/product\/45146","targetHints":{"allow":["GET"]}}],"collection":[{"href":"https:\/\/myspainfood.com\/cs\/wp-json\/wp\/v2\/product"}],"about":[{"href":"https:\/\/myspainfood.com\/cs\/wp-json\/wp\/v2\/types\/product"}],"wp:featuredmedia":[{"embeddable":true,"href":"https:\/\/myspainfood.com\/cs\/wp-json\/wp\/v2\/media\/45152"}],"wp:attachment":[{"href":"https:\/\/myspainfood.com\/cs\/wp-json\/wp\/v2\/media?parent=45146"}],"wp:term":[{"taxonomy":"product_brand","embeddable":true,"href":"https:\/\/myspainfood.com\/cs\/wp-json\/wp\/v2\/product_brand?post=45146"},{"taxonomy":"product_cat","embeddable":true,"href":"https:\/\/myspainfood.com\/cs\/wp-json\/wp\/v2\/product_cat?post=45146"},{"taxonomy":"product_tag","embeddable":true,"href":"https:\/\/myspainfood.com\/cs\/wp-json\/wp\/v2\/product_tag?post=45146"}],"curies":[{"name":"wp","href":"https:\/\/api.w.org\/{rel}","templated":true}]}}