{"id":46027,"date":"2025-04-10T12:11:14","date_gmt":"2025-04-10T10:11:14","guid":{"rendered":"https:\/\/myspainfood.com\/producto\/nakladane-musle-10-14-kusu-arlequin\/"},"modified":"2025-04-10T12:11:14","modified_gmt":"2025-04-10T10:11:14","slug":"nakladane-musle-10-14-kusu-arlequin","status":"publish","type":"product","link":"https:\/\/myspainfood.com\/cs\/producto\/nakladane-musle-10-14-kusu-arlequin\/","title":{"rendered":"Nakl\u00e1dan\u00e9 mu\u0161le 10\/14 kus\u016f Arlequ\u00edn"},"content":{"rendered":"<p><a href=\"https:\/\/conservasarlequin.com\/arlequin\/\" target=\"_blank\" rel=\"noopener noreferrer nofollow\">Arlequ\u00edn<\/a> Mussel 10\/14 kus\u016f je \u0159emesln\u00fd konzervovan\u00fd produkt.<\/p>\n<p><strong>Skladovatelnost<\/strong>: 5 let<\/p>\n<p><strong>Ochrana p\u0159\u00edrody:<\/strong> \u017divotn\u00ed prost\u0159ed\u00ed<\/p>\n<p><strong>Po\u010det filet\u016f\/po\u010det kus\u016f:<\/strong> 10\/14<\/p>\n<p>Posl\u00e1n\u00edm spole\u010dnosti Conservas <a href=\"https:\/\/latiendadesami.com\/marca\/arlequin\/\" target=\"_blank\" rel=\"noopener noreferrer nofollow\">Arlequ\u00edn<\/a> je nab\u00edzet skv\u011bl\u00fd produkt, nejlep\u0161\u00ed slu\u017eby a \u0161irok\u00fd sortiment ryb\u00edch konzerv za nejlep\u0161\u00ed cenu.<\/p>\n<p>Specializuj\u00ed se tak\u00e9 na an\u010dovi\u010dky, sardelky, an\u010dovi\u010dky, bonita, tu\u0148\u00e1ka \u017elutoploutv\u00e9ho, mu\u0161le, mu\u0161le 10\/14 kus\u016f, makrely a sardinky.<\/p>\n<p>Nap\u0159\u00edklad Comidista v den\u00edku El Pa\u00eds o ventresce napsal: &#8222;Je tak jemn\u00e1, t\u00e9m\u011b\u0159 kr\u00e9mov\u00e1, \u017ee m\u00e1 \u010dlov\u011bk chu\u0165 se s n\u00ed o\u017eenit a \u017e\u00edt \u0161\u0165astn\u011b, dokud si ji P\u00e1nb\u016fh nevezme.&#8220;<\/p>\n<h4>Hlavn\u00ed v\u00fdhody konzervovan\u00fdch potravin<\/h4>\n<ol>\n<li>Zachov\u00e1vaj\u00ed v\u0161echny v\u00fd\u017eivov\u00e9 vlastnosti samotn\u00e9 potraviny. Potraviny si zachov\u00e1vaj\u00ed svou \u010derstvost. <\/li>\n<li>Pou\u017eit\u00e9 potraviny jsou zdrav\u00e9 a d\u00edky vysok\u00e9mu obsahu vitam\u00edn\u016f a b\u00edlkovin vhodn\u00e9 pro optim\u00e1ln\u00ed stravu.<\/li>\n<li>Tyto v\u00fdrobky maj\u00ed del\u0161\u00ed \u017eivotnost (obvykle 2-5 let).<\/li>\n<li>Konzervy se velmi snadno skladuj\u00ed, proto\u017ee jejich obal se snadno nan\u00e1\u0161\u00ed.<\/li>\n<\/ol>\n<p>Pokud si chcete koupit tu\u0148\u00e1ka nebo jak\u00fdkoli jin\u00fd druh <a href=\"https:\/\/latiendadesami.com\/categoria-producto\/conservas\/\" rel=\"noopener noreferrer nofollow\" target=\"_blank\">konzervy<\/a>, nev\u00e1hejte se pod\u00edvat do na\u0161eho online katalogu a prohl\u00e9dnout si \u0161irokou nab\u00eddku <a href=\"https:\/\/latiendadesami.com\/categoria-producto\/conservas\/atun-y-bonito\/\" target=\"_blank\" rel=\"noopener noreferrer nofollow\">tu\u0148\u00e1k\u016f<\/a>.<\/p>\n<p>Napi\u0161te n\u00e1m o dal\u0161\u00ed informace.<\/p>\n","protected":false},"excerpt":{"rendered":"<p>Arlequ\u00edn Mussel 10\/14 kus\u016f je \u0159emesln\u00fd konzervovan\u00fd produkt. Skladovatelnost: 5 let Ochrana p\u0159\u00edrody: \u017divotn\u00ed prost\u0159ed\u00ed Po\u010det filet\u016f\/po\u010det kus\u016f: 10\/14 Posl\u00e1n\u00edm spole\u010dnosti Conservas Arlequ\u00edn je nab\u00edzet skv\u011bl\u00fd produkt, nejlep\u0161\u00ed slu\u017eby a \u0161irok\u00fd sortiment ryb\u00edch konzerv za nejlep\u0161\u00ed cenu. Specializuj\u00ed se tak\u00e9 na an\u010dovi\u010dky, sardelky, an\u010dovi\u010dky, bonita, tu\u0148\u00e1ka \u017elutoploutv\u00e9ho, mu\u0161le, mu\u0161le 10\/14 kus\u016f, makrely a sardinky. Nap\u0159\u00edklad [&hellip;]<\/p>\n","protected":false},"featured_media":46038,"template":"","meta":{"_et_pb_use_builder":"","_et_pb_old_content":"","_et_gb_content_width":""},"product_brand":[1162],"product_cat":[4071,1935],"product_tag":[],"class_list":{"0":"post-46027","1":"product","2":"type-product","3":"status-publish","4":"has-post-thumbnail","6":"product_brand-arlequin","7":"product_cat-musle-cs-2","8":"product_cat-zachovava","10":"first","11":"instock","12":"featured","13":"taxable","14":"shipping-taxable","15":"purchasable","16":"product-type-variable"},"_links":{"self":[{"href":"https:\/\/myspainfood.com\/cs\/wp-json\/wp\/v2\/product\/46027","targetHints":{"allow":["GET"]}}],"collection":[{"href":"https:\/\/myspainfood.com\/cs\/wp-json\/wp\/v2\/product"}],"about":[{"href":"https:\/\/myspainfood.com\/cs\/wp-json\/wp\/v2\/types\/product"}],"wp:featuredmedia":[{"embeddable":true,"href":"https:\/\/myspainfood.com\/cs\/wp-json\/wp\/v2\/media\/46038"}],"wp:attachment":[{"href":"https:\/\/myspainfood.com\/cs\/wp-json\/wp\/v2\/media?parent=46027"}],"wp:term":[{"taxonomy":"product_brand","embeddable":true,"href":"https:\/\/myspainfood.com\/cs\/wp-json\/wp\/v2\/product_brand?post=46027"},{"taxonomy":"product_cat","embeddable":true,"href":"https:\/\/myspainfood.com\/cs\/wp-json\/wp\/v2\/product_cat?post=46027"},{"taxonomy":"product_tag","embeddable":true,"href":"https:\/\/myspainfood.com\/cs\/wp-json\/wp\/v2\/product_tag?post=46027"}],"curies":[{"name":"wp","href":"https:\/\/api.w.org\/{rel}","templated":true}]}}