{"id":46769,"date":"2025-04-10T12:06:14","date_gmt":"2025-04-10T10:06:14","guid":{"rendered":"https:\/\/myspainfood.com\/producto\/kantaberske-ancovicky-120-gr\/"},"modified":"2025-09-02T10:37:49","modified_gmt":"2025-09-02T08:37:49","slug":"kantaberske-ancovicky-120-gr","status":"publish","type":"product","link":"https:\/\/myspainfood.com\/cs\/producto\/kantaberske-ancovicky-120-gr\/","title":{"rendered":"Kantabersk\u00e9 an\u010dovi\u010dky 120 gr"},"content":{"rendered":"<p>Kantabrijsk\u00e9 an\u010dovi\u010dky jsou na trhu nejv\u00edce cen\u011bn\u00e9 a oce\u0148ovan\u00e9, vynikaj\u00ed jemnou strukturou a intenzivn\u00ed chut\u00ed. Kantabersk\u00e9 sardelky Arroyabe jsou prvot\u0159\u00eddn\u00ed kvality, lov\u00ed se pouze v Kantabersk\u00e9m mo\u0159i, poch\u00e1zej\u00ed z druhu &#8222;Engraulis Encrasicholus&#8220; a vyr\u00e1b\u011bj\u00ed se tradi\u010dn\u00edmi metodami. <\/p>\n<p>Existuj\u00ed dva druhy polokonzervovan\u00fdch sardel\u00ed: sardelov\u00e9 filety v oleji a solen\u00e9 sardelky. Solen\u00e9 sardelky se b\u011bhem jarn\u00ed pob\u0159e\u017en\u00ed sez\u00f3ny bal\u00ed do plechovek se sol\u00ed a pot\u00e9 se nech\u00e1vaj\u00ed 9 m\u011bs\u00edc\u016f zr\u00e1t. Jsou nejlep\u0161\u00edm \u0159e\u0161en\u00edm pro ty, kte\u0159\u00ed si cht\u011bj\u00ed p\u0159ipravit an\u010dovi\u010dky podle vlastn\u00ed chuti, a solen\u00e9 an\u010dovi\u010dky m\u016f\u017eete zakoupit v 2,5, 5 a 10 kg plechovk\u00e1ch.  <\/p>\n<p>V\u00fdhodou sardelov\u00fdch filet\u016f v olivov\u00e9m oleji je, \u017ee se po dozr\u00e1n\u00ed ru\u010dn\u011b \u010dist\u00ed a filetuj\u00ed podle tradi\u010dn\u00edch postup\u016f zpracov\u00e1n\u00ed sardel\u00ed.<\/p>\n","protected":false},"excerpt":{"rendered":"<p>Kantabrijsk\u00e9 an\u010dovi\u010dky jsou na trhu nejv\u00edce cen\u011bn\u00e9 a oce\u0148ovan\u00e9, vynikaj\u00ed jemnou strukturou a intenzivn\u00ed chut\u00ed. Kantabersk\u00e9 sardelky Arroyabe jsou prvot\u0159\u00eddn\u00ed kvality, lov\u00ed se pouze v Kantabersk\u00e9m mo\u0159i, poch\u00e1zej\u00ed z druhu &#8222;Engraulis Encrasicholus&#8220; a vyr\u00e1b\u011bj\u00ed se tradi\u010dn\u00edmi metodami. Existuj\u00ed dva druhy polokonzervovan\u00fdch sardel\u00ed: sardelov\u00e9 filety v oleji a solen\u00e9 sardelky. Solen\u00e9 sardelky se b\u011bhem jarn\u00ed pob\u0159e\u017en\u00ed [&hellip;]<\/p>\n","protected":false},"featured_media":46775,"template":"","meta":{"_et_pb_use_builder":"","_et_pb_old_content":"","_et_gb_content_width":""},"product_brand":[1127],"product_cat":[1869,1868],"product_tag":[],"class_list":{"0":"post-46769","1":"product","2":"type-product","3":"status-publish","4":"has-post-thumbnail","6":"product_brand-picarpicar","7":"product_cat-ancovicky-cs","8":"product_cat-cold-cs","9":"product_shipping_class-preprava-za-studena","11":"first","12":"instock","13":"featured","14":"taxable","15":"shipping-taxable","16":"purchasable","17":"product-type-variable"},"_links":{"self":[{"href":"https:\/\/myspainfood.com\/cs\/wp-json\/wp\/v2\/product\/46769","targetHints":{"allow":["GET"]}}],"collection":[{"href":"https:\/\/myspainfood.com\/cs\/wp-json\/wp\/v2\/product"}],"about":[{"href":"https:\/\/myspainfood.com\/cs\/wp-json\/wp\/v2\/types\/product"}],"wp:featuredmedia":[{"embeddable":true,"href":"https:\/\/myspainfood.com\/cs\/wp-json\/wp\/v2\/media\/46775"}],"wp:attachment":[{"href":"https:\/\/myspainfood.com\/cs\/wp-json\/wp\/v2\/media?parent=46769"}],"wp:term":[{"taxonomy":"product_brand","embeddable":true,"href":"https:\/\/myspainfood.com\/cs\/wp-json\/wp\/v2\/product_brand?post=46769"},{"taxonomy":"product_cat","embeddable":true,"href":"https:\/\/myspainfood.com\/cs\/wp-json\/wp\/v2\/product_cat?post=46769"},{"taxonomy":"product_tag","embeddable":true,"href":"https:\/\/myspainfood.com\/cs\/wp-json\/wp\/v2\/product_tag?post=46769"}],"curies":[{"name":"wp","href":"https:\/\/api.w.org\/{rel}","templated":true}]}}