{"id":46861,"date":"2025-04-10T12:06:14","date_gmt":"2025-04-10T10:06:14","guid":{"rendered":"https:\/\/myspainfood.com\/producto\/ancovicky-chop-chop-2-kg\/"},"modified":"2025-09-02T10:37:38","modified_gmt":"2025-09-02T08:37:38","slug":"ancovicky-chop-chop-2-kg","status":"publish","type":"product","link":"https:\/\/myspainfood.com\/cs\/producto\/ancovicky-chop-chop-2-kg\/","title":{"rendered":"An\u010dovi\u010dky Chop &amp; Chop 2 kg"},"content":{"rendered":"<p>Boquer\u00f3n Picar&amp;Picar 2 kg GOLD SERIES jsou an\u010dovi\u010dky s \u010desnekem a petr\u017eelkou GOLD SERIES.<\/p>\n<p>Jedn\u00e1 se o vynikaj\u00edc\u00ed a velmi velkou rybu, kter\u00e1 je prezentov\u00e1na na t\u00e1cku o hmotnosti 200 g.<\/p>\n<p>Tento <a href=\"https:\/\/picaripicar.com\/presentacion\/\" target=\"_blank\" rel=\"noopener noreferrer nofollow\">produkt<\/a> je konzervov\u00e1n ve slune\u010dnicov\u00e9m oleji, octu a \u010desneku.<\/p>\n<p>Z\u00e1sobn\u00edk by se m\u011bl udr\u017eovat p\u0159i teplot\u011b mezi 0 a 4 \u00b0C.<\/p>\n<p>K jej\u00ed p\u0159\u00edprav\u011b se pou\u017e\u00edvaj\u00ed o\u010di\u0161t\u011bn\u00e9 h\u0159bety sardel\u00ed, kter\u00e9 maj\u00ed zpo\u010d\u00e1tku nahn\u011bdl\u00e9 maso.<\/p>\n<p>Zv\u00fdrazn\u00ed se st\u0159\u00edb\u0159it\u00e9 odlesky jejich vn\u011bj\u0161\u00ed slupky a pono\u0159\u00ed se do misky (sklen\u011bn\u00e9, nikdy ne kovov\u00e9, proto\u017ee by ji napadla kyselina octov\u00e1 v octu) se sol\u00ed, vodou a octem na 3 hodiny do vody a p\u0159ibli\u017en\u011b 6 hodin do octa na chladn\u00e9m m\u00edst\u011b.<\/p>\n<p>Sardelov\u00e1 k\u00fdta, kter\u00e1 byla d\u0159\u00edve hn\u011bd\u00e1, po p\u016fsoben\u00ed octa zb\u011bl\u00e1.<\/p>\n<p>Po scezen\u00ed tekutiny ji ozdobte velk\u00fdm mno\u017estv\u00edm nasekan\u00e9ho \u010desneku, olivov\u00e9ho oleje a petr\u017eelky.<\/p>\n<p>Toto j\u00eddlo se obvykle konzumuje studen\u00e9 s pivem (v\u00edno se nedoporu\u010duje, proto\u017ee se s n\u00edm \u0161patn\u011b sn\u00e1\u0161\u00ed).<\/p>\n<p>Ve \u0160pan\u011blsku je to velmi typick\u00fd aperitiv, zejm\u00e9na v teplej\u0161\u00edch m\u011bs\u00edc\u00edch.<\/p>\n<p>Ve \u0160pan\u011blsku je typick\u00e9, \u017ee je m\u016f\u017eete vid\u011bt na t\u00e1cech na pultech mnoha bar\u016f a restaurac\u00ed.<\/p>\n<p>Porce se \u010dasto zdob\u00ed nakl\u00e1dan\u00fdmi okurkami: kapary nebo olivami a pod\u00e1v\u00e1 se s bramborov\u00fdmi lup\u00ednky na velk\u00e9m tal\u00ed\u0159i.<\/p>\n<p>Ve \u0160pan\u011blsku se tento produkt prod\u00e1v\u00e1 ve velk\u00fdch supermarketech v plastov\u00fdch tub\u00e1ch r\u016fzn\u00fdch velikost\u00ed, do kter\u00fdch se p\u0159id\u00e1v\u00e1 pouze \u010desnek a petr\u017eel.<\/p>\n<h2>Boquer\u00f3n Picar&amp;Picar 2 kg GOLD SERIES<\/h2>\n<p>Pokud si chcete koupit Boquer\u00f3n Picar&amp;Picar 2 kg SERIE ORO nebo jak\u00fdkoli jin\u00fd druh <a href=\"https:\/\/latiendadesami.com\/categoria-producto\/frio\/\" rel=\"noopener noreferrer nofollow\" target=\"_blank\">studen\u00e9 kuchyn\u011b<\/a>, nev\u00e1hejte se pod\u00edvat do na\u0161eho online katalogu.<\/p>\n<p>M\u00e1me nejvy\u0161\u0161\u00ed kvalitu za nejlep\u0161\u00ed cenu.<\/p>\n<p>Napi\u0161te n\u00e1m pro v\u00edce informac\u00ed nebo v p\u0159\u00edpad\u011b dotaz\u016f k tomuto nebo jin\u00e9mu produktu.<\/p>\n","protected":false},"excerpt":{"rendered":"<p>Boquer\u00f3n Picar&amp;Picar 2 kg GOLD SERIES jsou an\u010dovi\u010dky s \u010desnekem a petr\u017eelkou GOLD SERIES. Jedn\u00e1 se o vynikaj\u00edc\u00ed a velmi velkou rybu, kter\u00e1 je prezentov\u00e1na na t\u00e1cku o hmotnosti 200 g. Tento produkt je konzervov\u00e1n ve slune\u010dnicov\u00e9m oleji, octu a \u010desneku. Z\u00e1sobn\u00edk by se m\u011bl udr\u017eovat p\u0159i teplot\u011b mezi 0 a 4 \u00b0C. K jej\u00ed [&hellip;]<\/p>\n","protected":false},"featured_media":46867,"template":"","meta":{"_et_pb_use_builder":"","_et_pb_old_content":"","_et_gb_content_width":""},"product_brand":[1127],"product_cat":[1897,1868],"product_tag":[],"class_list":{"0":"post-46861","1":"product","2":"type-product","3":"status-publish","4":"has-post-thumbnail","6":"product_brand-picarpicar","7":"product_cat-ancovicky-cs-2","8":"product_cat-cold-cs","9":"product_shipping_class-preprava-za-studena","11":"first","12":"instock","13":"taxable","14":"shipping-taxable","15":"purchasable","16":"product-type-variable"},"_links":{"self":[{"href":"https:\/\/myspainfood.com\/cs\/wp-json\/wp\/v2\/product\/46861","targetHints":{"allow":["GET"]}}],"collection":[{"href":"https:\/\/myspainfood.com\/cs\/wp-json\/wp\/v2\/product"}],"about":[{"href":"https:\/\/myspainfood.com\/cs\/wp-json\/wp\/v2\/types\/product"}],"wp:featuredmedia":[{"embeddable":true,"href":"https:\/\/myspainfood.com\/cs\/wp-json\/wp\/v2\/media\/46867"}],"wp:attachment":[{"href":"https:\/\/myspainfood.com\/cs\/wp-json\/wp\/v2\/media?parent=46861"}],"wp:term":[{"taxonomy":"product_brand","embeddable":true,"href":"https:\/\/myspainfood.com\/cs\/wp-json\/wp\/v2\/product_brand?post=46861"},{"taxonomy":"product_cat","embeddable":true,"href":"https:\/\/myspainfood.com\/cs\/wp-json\/wp\/v2\/product_cat?post=46861"},{"taxonomy":"product_tag","embeddable":true,"href":"https:\/\/myspainfood.com\/cs\/wp-json\/wp\/v2\/product_tag?post=46861"}],"curies":[{"name":"wp","href":"https:\/\/api.w.org\/{rel}","templated":true}]}}