{"id":47112,"date":"2025-04-10T12:06:46","date_gmt":"2025-04-10T10:06:46","guid":{"rendered":"https:\/\/myspainfood.com\/producto\/chrest-d-o-navarra-5-plodu-cambra\/"},"modified":"2025-04-10T12:06:46","modified_gmt":"2025-04-10T10:06:46","slug":"chrest-d-o-navarra-5-plodu-cambra","status":"publish","type":"product","link":"https:\/\/myspainfood.com\/cs\/producto\/chrest-d-o-navarra-5-plodu-cambra\/","title":{"rendered":"Ch\u0159est D. O. Navarra 5 plod\u016f Cambra"},"content":{"rendered":"<p>Ch\u0159est <strong>D.O. Navarra<\/strong> ve sklen\u011bn\u00e9m balen\u00ed 5 plod\u016f extra.<\/p>\n<p> Autentick\u00fd ch\u0159est z Navarry s velmi velkou velikost\u00ed. <strong>Extra kvalita.<\/strong><\/p>\n","protected":false},"excerpt":{"rendered":"<p>Ch\u0159est D.O. Navarra ve sklen\u011bn\u00e9m balen\u00ed 5 plod\u016f extra. Autentick\u00fd ch\u0159est z Navarry s velmi velkou velikost\u00ed. Extra kvalita.<\/p>\n","protected":false},"featured_media":47119,"template":"","meta":{"_et_pb_use_builder":"","_et_pb_old_content":"","_et_gb_content_width":""},"product_brand":[1129],"product_cat":[6417,1935],"product_tag":[9740],"class_list":{"0":"post-47112","1":"product","2":"type-product","3":"status-publish","4":"has-post-thumbnail","6":"product_brand-mateo","7":"product_cat-chrest","8":"product_cat-zachovava","9":"product_tag-navarra-cs","11":"first","12":"outofstock","13":"taxable","14":"shipping-taxable","15":"product-type-variable"},"_links":{"self":[{"href":"https:\/\/myspainfood.com\/cs\/wp-json\/wp\/v2\/product\/47112","targetHints":{"allow":["GET"]}}],"collection":[{"href":"https:\/\/myspainfood.com\/cs\/wp-json\/wp\/v2\/product"}],"about":[{"href":"https:\/\/myspainfood.com\/cs\/wp-json\/wp\/v2\/types\/product"}],"wp:featuredmedia":[{"embeddable":true,"href":"https:\/\/myspainfood.com\/cs\/wp-json\/wp\/v2\/media\/47119"}],"wp:attachment":[{"href":"https:\/\/myspainfood.com\/cs\/wp-json\/wp\/v2\/media?parent=47112"}],"wp:term":[{"taxonomy":"product_brand","embeddable":true,"href":"https:\/\/myspainfood.com\/cs\/wp-json\/wp\/v2\/product_brand?post=47112"},{"taxonomy":"product_cat","embeddable":true,"href":"https:\/\/myspainfood.com\/cs\/wp-json\/wp\/v2\/product_cat?post=47112"},{"taxonomy":"product_tag","embeddable":true,"href":"https:\/\/myspainfood.com\/cs\/wp-json\/wp\/v2\/product_tag?post=47112"}],"curies":[{"name":"wp","href":"https:\/\/api.w.org\/{rel}","templated":true}]}}