{"id":47225,"date":"2025-04-10T12:06:56","date_gmt":"2025-04-10T10:06:56","guid":{"rendered":"https:\/\/myspainfood.com\/producto\/gulas-arlequinitos\/"},"modified":"2025-08-20T15:02:04","modified_gmt":"2025-08-20T13:02:04","slug":"gulas-arlequinitos","status":"publish","type":"product","link":"https:\/\/myspainfood.com\/cs\/producto\/gulas-arlequinitos\/","title":{"rendered":"Arlequinitos Arlequin 230 gram\u016f"},"content":{"rendered":"<p>Arlequinitos de <a href=\"https:\/\/conservasarlequin.com\/arlequin\/\" target=\"_blank\" rel=\"noopener noreferrer nofollow\">Arlequ\u00edn<\/a> je ru\u010dn\u011b vyr\u00e1b\u011bn\u00fd konzervovan\u00fd produkt.<\/p>\n<p><strong>Hmotnost netto\/v\u00fdlisek: <\/strong>230g\/110g<\/p>\n<p><strong>Skladovatelnost<\/strong>: 5 let<\/p>\n<p><strong>Ochrana p\u0159\u00edrody:<\/strong> \u017divotn\u00ed prost\u0159ed\u00ed<\/p>\n<p>Posl\u00e1n\u00edm spole\u010dnosti Conservas <a href=\"https:\/\/latiendadesami.com\/marca\/arlequin\/\" target=\"_blank\" rel=\"noopener noreferrer nofollow\">Arlequ\u00edn<\/a> je nab\u00edzet skv\u011bl\u00fd produkt, nejlep\u0161\u00ed slu\u017eby a \u0161irok\u00fd sortiment ryb\u00edch konzerv za nejlep\u0161\u00ed cenu.<\/p>\n<p>Specializuj\u00ed se tak\u00e9 na an\u010dovi\u010dky, sardelky, an\u010dovi\u010dky, bonito, tu\u0148\u00e1ka \u017elutoploutv\u00e9ho, mu\u0161le, makrely, gulas arlequinitos a sardinky.<\/p>\n<p>Nap\u0159\u00edklad Comidista v den\u00edku El Pa\u00eds o ventresce napsal: &#8222;Je tak jemn\u00e1, t\u00e9m\u011b\u0159 kr\u00e9mov\u00e1, \u017ee m\u00e1 \u010dlov\u011bk chu\u0165 se s n\u00ed o\u017eenit a \u017e\u00edt \u0161\u0165astn\u011b, dokud si ji P\u00e1nb\u016fh nevezme.&#8220;<\/p>\n<h4>Hlavn\u00ed v\u00fdhody konzervovan\u00fdch potravin<\/h4>\n<ol>\n<li>Zachov\u00e1vaj\u00ed v\u0161echny v\u00fd\u017eivov\u00e9 vlastnosti samotn\u00e9 potraviny. Potraviny si zachov\u00e1vaj\u00ed svou \u010derstvost. <\/li>\n<li>Pou\u017eit\u00e9 potraviny jsou zdrav\u00e9 a d\u00edky vysok\u00e9mu obsahu vitam\u00edn\u016f a b\u00edlkovin vhodn\u00e9 pro optim\u00e1ln\u00ed stravu.<\/li>\n<li>Tyto v\u00fdrobky maj\u00ed del\u0161\u00ed \u017eivotnost (obvykle 2-5 let).<\/li>\n<li>Konzervy se velmi snadno skladuj\u00ed, proto\u017ee jejich obal se snadno nan\u00e1\u0161\u00ed.<\/li>\n<\/ol>\n<p>Pokud si chcete koupit tu\u0148\u00e1ka nebo jak\u00fdkoli jin\u00fd druh <a href=\"https:\/\/latiendadesami.com\/categoria-producto\/conservas\/\" rel=\"noopener noreferrer nofollow\" target=\"_blank\">konzervy<\/a>, nev\u00e1hejte se pod\u00edvat do na\u0161eho online katalogu a prohl\u00e9dnout si \u0161irokou nab\u00eddku <a href=\"https:\/\/latiendadesami.com\/categoria-producto\/conservas\/atun-y-bonito\/\" target=\"_blank\" rel=\"noopener noreferrer nofollow\">tu\u0148\u00e1k\u016f<\/a>.<\/p>\n<p>Napi\u0161te n\u00e1m o dal\u0161\u00ed informace.<\/p>\n","protected":false},"excerpt":{"rendered":"<p>Arlequinitos de Arlequ\u00edn je ru\u010dn\u011b vyr\u00e1b\u011bn\u00fd konzervovan\u00fd produkt. Hmotnost netto\/v\u00fdlisek: 230g\/110g Skladovatelnost: 5 let Ochrana p\u0159\u00edrody: \u017divotn\u00ed prost\u0159ed\u00ed Posl\u00e1n\u00edm spole\u010dnosti Conservas Arlequ\u00edn je nab\u00edzet skv\u011bl\u00fd produkt, nejlep\u0161\u00ed slu\u017eby a \u0161irok\u00fd sortiment ryb\u00edch konzerv za nejlep\u0161\u00ed cenu. Specializuj\u00ed se tak\u00e9 na an\u010dovi\u010dky, sardelky, an\u010dovi\u010dky, bonito, tu\u0148\u00e1ka \u017elutoploutv\u00e9ho, mu\u0161le, makrely, gulas arlequinitos a sardinky. Nap\u0159\u00edklad Comidista v [&hellip;]<\/p>\n","protected":false},"featured_media":47231,"template":"","meta":{"_et_pb_use_builder":"","_et_pb_old_content":"","_et_gb_content_width":""},"product_brand":[1162],"product_cat":[1935],"product_tag":[],"class_list":{"0":"post-47225","1":"product","2":"type-product","3":"status-publish","4":"has-post-thumbnail","6":"product_brand-arlequin","7":"product_cat-zachovava","9":"first","10":"outofstock","11":"taxable","12":"shipping-taxable","13":"purchasable","14":"product-type-variable"},"_links":{"self":[{"href":"https:\/\/myspainfood.com\/cs\/wp-json\/wp\/v2\/product\/47225","targetHints":{"allow":["GET"]}}],"collection":[{"href":"https:\/\/myspainfood.com\/cs\/wp-json\/wp\/v2\/product"}],"about":[{"href":"https:\/\/myspainfood.com\/cs\/wp-json\/wp\/v2\/types\/product"}],"wp:featuredmedia":[{"embeddable":true,"href":"https:\/\/myspainfood.com\/cs\/wp-json\/wp\/v2\/media\/47231"}],"wp:attachment":[{"href":"https:\/\/myspainfood.com\/cs\/wp-json\/wp\/v2\/media?parent=47225"}],"wp:term":[{"taxonomy":"product_brand","embeddable":true,"href":"https:\/\/myspainfood.com\/cs\/wp-json\/wp\/v2\/product_brand?post=47225"},{"taxonomy":"product_cat","embeddable":true,"href":"https:\/\/myspainfood.com\/cs\/wp-json\/wp\/v2\/product_cat?post=47225"},{"taxonomy":"product_tag","embeddable":true,"href":"https:\/\/myspainfood.com\/cs\/wp-json\/wp\/v2\/product_tag?post=47225"}],"curies":[{"name":"wp","href":"https:\/\/api.w.org\/{rel}","templated":true}]}}