{"id":47381,"date":"2025-04-10T12:06:58","date_gmt":"2025-04-10T10:06:58","guid":{"rendered":"https:\/\/myspainfood.com\/producto\/mini-baby-fazole\/"},"modified":"2025-04-10T12:06:58","modified_gmt":"2025-04-10T10:06:58","slug":"mini-baby-fazole","status":"publish","type":"product","link":"https:\/\/myspainfood.com\/cs\/producto\/mini-baby-fazole\/","title":{"rendered":"Mini baby fazole"},"content":{"rendered":"<p>Mini baby fazole od spole\u010dnosti <a href=\"https:\/\/www.alsurvegetales.com\/producto\/id\/12\/habas-frita-mini-baby\" target=\"_blank\" rel=\"noopener noreferrer nofollow\">Alsur<\/a> se skl\u00edzej\u00ed ru\u010dn\u011b, aby byla zaru\u010dena jejich maxim\u00e1ln\u00ed kvalita.<\/p>\n<p>Produkt se vyb\u00edr\u00e1 podle velikosti a v ide\u00e1ln\u00edm okam\u017eiku zr\u00e1n\u00ed, \u010d\u00edm\u017e se dos\u00e1hne nejvy\u0161\u0161\u00ed kvality chuti a jemnosti slupky.<\/p>\n<p>Pouze 8 % sklizen\u00e9 \u00farody se proto pou\u017eije na kone\u010dn\u00e9 balen\u00ed, kde olivov\u00fd olej p\u016fsob\u00ed jako konzerva\u010dn\u00ed prost\u0159edek.<\/p>\n<p>Skladujte na chladn\u00e9m a such\u00e9m m\u00edst\u011b. Po otev\u0159en\u00ed uchov\u00e1vejte v chladni\u010dce a spot\u0159ebujte do 7 dn\u016f. <\/p>\n<p>Slo\u017een\u00ed: Extra jemn\u00e9 fazole, panensk\u00fd olivov\u00fd olej (31 %), s\u016fl a okyseluj\u00edc\u00ed l\u00e1tka citronov\u00e1.<\/p>\n<p>Alsur je rodinn\u00fd podnik, jeho\u017e hlavn\u00edm hrdinou je podstata j\u00eddla.<\/p>\n<h4>Hlavn\u00ed v\u00fdhody konzervovan\u00fdch potravin<\/h4>\n<ol>\n<li>Zachov\u00e1vaj\u00ed v\u0161echny v\u00fd\u017eivov\u00e9 vlastnosti samotn\u00e9 potraviny. Potraviny si zachov\u00e1vaj\u00ed svou \u010derstvost. <\/li>\n<li>Pou\u017eit\u00e9 potraviny jsou zdrav\u00e9 a d\u00edky vysok\u00e9mu obsahu vitam\u00edn\u016f a b\u00edlkovin vhodn\u00e9 pro optim\u00e1ln\u00ed stravu.<\/li>\n<li>Tyto v\u00fdrobky maj\u00ed del\u0161\u00ed \u017eivotnost (obvykle 2-5 let).<\/li>\n<li>Konzervy se velmi snadno skladuj\u00ed, proto\u017ee jejich obal se snadno nan\u00e1\u0161\u00ed.<\/li>\n<\/ol>\n<p>Pokud si chcete koupit d\u011btsk\u00e9 baby fazole s tu\u0148\u00e1kem nebo jak\u00fdkoli jin\u00fd druh <a href=\"https:\/\/latiendadesami.com\/categoria-producto\/conservas\/\" rel=\"noopener noreferrer nofollow\" target=\"_blank\">konzervy<\/a>, nev\u00e1hejte se pod\u00edvat do na\u0161eho online katalogu a prohl\u00e9dnout si \u0161irokou nab\u00eddku <a href=\"https:\/\/latiendadesami.com\/categoria-producto\/conservas\/atun-y-bonito\/\" target=\"_blank\" rel=\"noopener noreferrer nofollow\">tu\u0148\u00e1k\u016f<\/a>.<\/p>\n<p>Napi\u0161te n\u00e1m o dal\u0161\u00ed informace.<\/p>\n","protected":false},"excerpt":{"rendered":"<p>Baby fazole<\/p>\n","protected":false},"featured_media":47387,"template":"","meta":{"_et_pb_use_builder":"","_et_pb_old_content":"","_et_gb_content_width":""},"product_brand":[1196],"product_cat":[1935,3731],"product_tag":[],"class_list":{"0":"post-47381","1":"product","2":"type-product","3":"status-publish","4":"has-post-thumbnail","6":"product_brand-alsur","7":"product_cat-zachovava","8":"product_cat-zelenina-cs","10":"first","11":"instock","12":"taxable","13":"shipping-taxable","14":"product-type-variable"},"_links":{"self":[{"href":"https:\/\/myspainfood.com\/cs\/wp-json\/wp\/v2\/product\/47381","targetHints":{"allow":["GET"]}}],"collection":[{"href":"https:\/\/myspainfood.com\/cs\/wp-json\/wp\/v2\/product"}],"about":[{"href":"https:\/\/myspainfood.com\/cs\/wp-json\/wp\/v2\/types\/product"}],"wp:featuredmedia":[{"embeddable":true,"href":"https:\/\/myspainfood.com\/cs\/wp-json\/wp\/v2\/media\/47387"}],"wp:attachment":[{"href":"https:\/\/myspainfood.com\/cs\/wp-json\/wp\/v2\/media?parent=47381"}],"wp:term":[{"taxonomy":"product_brand","embeddable":true,"href":"https:\/\/myspainfood.com\/cs\/wp-json\/wp\/v2\/product_brand?post=47381"},{"taxonomy":"product_cat","embeddable":true,"href":"https:\/\/myspainfood.com\/cs\/wp-json\/wp\/v2\/product_cat?post=47381"},{"taxonomy":"product_tag","embeddable":true,"href":"https:\/\/myspainfood.com\/cs\/wp-json\/wp\/v2\/product_tag?post=47381"}],"curies":[{"name":"wp","href":"https:\/\/api.w.org\/{rel}","templated":true}]}}