{"id":48569,"date":"2025-04-10T12:07:42","date_gmt":"2025-04-10T10:07:42","guid":{"rendered":"https:\/\/myspainfood.com\/producto\/chilli-15-kg-ciste-hmotnosti\/"},"modified":"2025-04-10T12:07:42","modified_gmt":"2025-04-10T10:07:42","slug":"chilli-15-kg-ciste-hmotnosti","status":"publish","type":"product","link":"https:\/\/myspainfood.com\/cs\/producto\/chilli-15-kg-ciste-hmotnosti\/","title":{"rendered":"Chilli 1,5 kg \u010dist\u00e9 hmotnosti"},"content":{"rendered":"<p>Piparra o \u010dist\u00e9 hmotnosti 1,5 kg v oct\u011b dod\u00e1 na\u0161im <a href=\"https:\/\/es.wikipedia.org\/wiki\/Guindilla_de_Ibarra\" target=\"_blank\" rel=\"noopener noreferrer nofollow\">pokrm\u016fm<\/a> pikantn\u00ed n\u00e1dech, kter\u00fd je zv\u00fdrazn\u00ed.<\/p>\n<p>Tento produkt rozvibruje chu\u0165ov\u00e9 bu\u0148ky a je velmi cen\u011bn\u00fd vedle du\u0161en\u00fdch pokrm\u016f nebo om\u00e1\u010dek pln\u00fdch chuti.<\/p>\n<p>K mnoha tradi\u010dn\u00edm ingredienc\u00edm baskick\u00e9 kuchyn\u011b pat\u0159\u00ed chilli papri\u010dka piparra.<\/p>\n<p>Velmi zvl\u00e1\u0161tn\u00ed chilli, proto\u017ee t\u00e9m\u011b\u0159 nep\u00e1l\u00ed.<\/p>\n<p>Velmi dob\u0159e se hod\u00ed do v\u0161ech druh\u016f j\u00eddeln\u00ed\u010dk\u016f a je velmi dob\u0159e p\u0159ij\u00edm\u00e1na i t\u011bmi, kte\u0159\u00ed tuto chu\u0165 nemaj\u00ed p\u0159\u00edli\u0161 v oblib\u011b.<\/p>\n<p>Piparra o \u010dist\u00e9 hmotnosti 1,5 kg z t\u00e9to n\u00e1doby jsou st\u0159edn\u011b velk\u00e9 a p\u0159ipravuj\u00ed se s octem.<\/p>\n<p>Prav\u00fd n\u00e1dech, s n\u00edm\u017e se piparry b\u011b\u017en\u011b pod\u00e1vaj\u00ed a kter\u00fd v\u00e1m s ka\u017ed\u00fdm soustem vyvol\u00e1 v t\u011ble z\u00e1chv\u011bv intenzivn\u00ed chuti.<\/p>\n<p>N\u011bkter\u00e9 vlastnosti guinejsk\u00e9ho pt\u00e1ka:<\/p>\n<ul>\n<li>Sni\u017euje hladinu cholesterolu.<\/li>\n<li>Stimuluje krevn\u00ed a d\u00fdchac\u00ed ob\u011bh.<\/li>\n<li>P\u0159edpokl\u00e1d\u00e1 se, \u017ee m\u016f\u017ee pomoci sn\u00ed\u017eit nadv\u00e1hu zrychlen\u00edm metabolismu.<\/li>\n<li>Podle n\u011bkter\u00fdch studi\u00ed chr\u00e1n\u00ed \u017ealudek t\u00edm, \u017ee produkuje v\u00edce hlenu.<\/li>\n<\/ul>\n<p>Pokud si chcete koupit olivy nebo jak\u00fdkoli jin\u00fd druh <a href=\"https:\/\/latiendadesami.com\/categoria-producto\/encurtidos\/\" rel=\"noopener noreferrer nofollow\" target=\"_blank\">nakl\u00e1dan\u00e9 zeleniny<\/a>, nev\u00e1hejte se pod\u00edvat do na\u0161eho online katalogu a prohl\u00e9dnout si \u0161irokou nab\u00eddku <a href=\"https:\/\/latiendadesami.com\/categoria-producto\/encurtidos\/pepinillos\/\" target=\"_blank\" rel=\"noopener noreferrer nofollow\">nakl\u00e1dan\u00e9 zeleniny<\/a>.<\/p>\n","protected":false},"excerpt":{"rendered":"<p>Piparra o \u010dist\u00e9 hmotnosti 1,5 kg v oct\u011b dod\u00e1 na\u0161im pokrm\u016fm pikantn\u00ed n\u00e1dech, kter\u00fd je zv\u00fdrazn\u00ed. Tento produkt rozvibruje chu\u0165ov\u00e9 bu\u0148ky a je velmi cen\u011bn\u00fd vedle du\u0161en\u00fdch pokrm\u016f nebo om\u00e1\u010dek pln\u00fdch chuti. K mnoha tradi\u010dn\u00edm ingredienc\u00edm baskick\u00e9 kuchyn\u011b pat\u0159\u00ed chilli papri\u010dka piparra. Velmi zvl\u00e1\u0161tn\u00ed chilli, proto\u017ee t\u00e9m\u011b\u0159 nep\u00e1l\u00ed. Velmi dob\u0159e se hod\u00ed do v\u0161ech druh\u016f [&hellip;]<\/p>\n","protected":false},"featured_media":48571,"template":"","meta":{"_et_pb_use_builder":"","_et_pb_old_content":"","_et_gb_content_width":""},"product_brand":[1069],"product_cat":[4023,1778],"product_tag":[9875],"class_list":{"0":"post-48569","1":"product","2":"type-product","3":"status-publish","4":"has-post-thumbnail","6":"product_brand-sangar","7":"product_cat-chilli-papricky-cs","8":"product_cat-pickles-cs","9":"product_tag-piparra-cs","11":"first","12":"outofstock","13":"taxable","14":"shipping-taxable","15":"purchasable","16":"product-type-simple"},"_links":{"self":[{"href":"https:\/\/myspainfood.com\/cs\/wp-json\/wp\/v2\/product\/48569","targetHints":{"allow":["GET"]}}],"collection":[{"href":"https:\/\/myspainfood.com\/cs\/wp-json\/wp\/v2\/product"}],"about":[{"href":"https:\/\/myspainfood.com\/cs\/wp-json\/wp\/v2\/types\/product"}],"wp:featuredmedia":[{"embeddable":true,"href":"https:\/\/myspainfood.com\/cs\/wp-json\/wp\/v2\/media\/48571"}],"wp:attachment":[{"href":"https:\/\/myspainfood.com\/cs\/wp-json\/wp\/v2\/media?parent=48569"}],"wp:term":[{"taxonomy":"product_brand","embeddable":true,"href":"https:\/\/myspainfood.com\/cs\/wp-json\/wp\/v2\/product_brand?post=48569"},{"taxonomy":"product_cat","embeddable":true,"href":"https:\/\/myspainfood.com\/cs\/wp-json\/wp\/v2\/product_cat?post=48569"},{"taxonomy":"product_tag","embeddable":true,"href":"https:\/\/myspainfood.com\/cs\/wp-json\/wp\/v2\/product_tag?post=48569"}],"curies":[{"name":"wp","href":"https:\/\/api.w.org\/{rel}","templated":true}]}}