{"id":48634,"date":"2025-04-10T12:07:46","date_gmt":"2025-04-10T10:07:46","guid":{"rendered":"https:\/\/myspainfood.com\/producto\/manzanilla-4-kg-raze-180-200\/"},"modified":"2025-04-10T12:07:46","modified_gmt":"2025-04-10T10:07:46","slug":"manzanilla-4-kg-raze-180-200","status":"publish","type":"product","link":"https:\/\/myspainfood.com\/cs\/producto\/manzanilla-4-kg-raze-180-200\/","title":{"rendered":"Manzanilla 4 kg r\u00e1\u017ee 180\/200"},"content":{"rendered":"<p>Olivy Manzanilla 180\/200 r\u00e1\u017ee 4 kg si zachov\u00e1vaj\u00ed sv\u016fj <a href=\"https:\/\/www.google.com\/search?q=aceituna+manzanilla+calibre&amp;tbm=isch&amp;ved=2ahUKEwjzs-WOhPD1AhWHh1wKHXXjAgAQ2-cCegQIABAA&amp;oq=aceituna+manzanilla+calibre&amp;gs_lcp=CgNpbWcQA1CzBli4GGC8GWgAcAB4AIABbYgBzQySAQQxNy4ymAEAoAEBqgELZ3dzLXdpei1pbWfAAQE&amp;sclient=img&amp;ei=6FcCYvOfBoeP8gL1xgs&amp;bih=780&amp;biw=1577\" target=\"_blank\" rel=\"noopener noreferrer nofollow\">p\u016fvodn\u00ed<\/a> tvar a pecku uvnit\u0159 plodu.<\/p>\n<p>R\u016fzn\u00e9 odr\u016fdy olivovn\u00edku (Olea europaea) jsou zn\u00e1m\u00e9 jako he\u0159m\u00e1nek.<\/p>\n<p>Toto jm\u00e9no nesou tak\u00e9 plody nebo olivy, kter\u00e9 produkuj\u00ed.<\/p>\n<p>Hlavn\u00edmi odr\u016fdami jsou manzanilla sevillana, manzanilla cacere\u00f1a a manzanilla alore\u00f1a.<\/p>\n<p>Cel\u00e9 olivy je vhodn\u00e9 skladovat na chladn\u00e9m a such\u00e9m m\u00edst\u011b, mimo dosah slune\u010dn\u00edho z\u00e1\u0159en\u00ed.<\/p>\n<h3>V\u00fdhody he\u0159m\u00e1nku 180\/200 caliber 4kg<\/h3>\n<p>V\u011bd\u011bli jste, \u017ee tyto olivy maj\u00ed mnohostrann\u00fd p\u0159\u00ednos? Jsou velmi \u00fa\u010dinn\u00e9 v prevenci srde\u010dn\u00edch a ob\u011bhov\u00fdch onemocn\u011bn\u00ed obecn\u011b. <\/p>\n<p>To je zp\u016fsobeno vysok\u00fdm obsahem nenasycen\u00fdch tuk\u016f. Krom\u011b toho obsahuje hodn\u011b \u017eeleza a vl\u00e1kniny a je velmi syt\u00fd, tak\u017ee je ide\u00e1ln\u00ed sva\u010dinou. <\/p>\n<p>Pokud si chcete koupit olivy nebo jak\u00fdkoli jin\u00fd druh <a href=\"https:\/\/latiendadesami.com\/categoria-producto\/encurtidos\/\" rel=\"noopener noreferrer nofollow\" target=\"_blank\">nakl\u00e1dan\u00fdch potravin<\/a>, nev\u00e1hejte se pod\u00edvat do na\u0161eho online katalogu a prohl\u00e9dnout si \u0161irokou nab\u00eddku <a href=\"https:\/\/latiendadesami.com\/categoria-producto\/encurtidos\/aceitunas\/\" target=\"_blank\" rel=\"noopener noreferrer nofollow\">oliv<\/a>.<\/p>\n","protected":false},"excerpt":{"rendered":"<p>Olivy Manzanilla 180\/200 r\u00e1\u017ee 4 kg si zachov\u00e1vaj\u00ed sv\u016fj p\u016fvodn\u00ed tvar a pecku uvnit\u0159 plodu. R\u016fzn\u00e9 odr\u016fdy olivovn\u00edku (Olea europaea) jsou zn\u00e1m\u00e9 jako he\u0159m\u00e1nek. Toto jm\u00e9no nesou tak\u00e9 plody nebo olivy, kter\u00e9 produkuj\u00ed. Hlavn\u00edmi odr\u016fdami jsou manzanilla sevillana, manzanilla cacere\u00f1a a manzanilla alore\u00f1a. Cel\u00e9 olivy je vhodn\u00e9 skladovat na chladn\u00e9m a such\u00e9m m\u00edst\u011b, mimo dosah [&hellip;]<\/p>\n","protected":false},"featured_media":48638,"template":"","meta":{"_et_pb_use_builder":"","_et_pb_old_content":"","_et_gb_content_width":""},"product_brand":[1069],"product_cat":[1780,1778],"product_tag":[2038],"class_list":{"0":"post-48634","1":"product","2":"type-product","3":"status-publish","4":"has-post-thumbnail","6":"product_brand-sangar","7":"product_cat-olivy-cs","8":"product_cat-pickles-cs","9":"product_tag-hermanek","11":"first","12":"outofstock","13":"taxable","14":"shipping-taxable","15":"purchasable","16":"product-type-simple"},"_links":{"self":[{"href":"https:\/\/myspainfood.com\/cs\/wp-json\/wp\/v2\/product\/48634","targetHints":{"allow":["GET"]}}],"collection":[{"href":"https:\/\/myspainfood.com\/cs\/wp-json\/wp\/v2\/product"}],"about":[{"href":"https:\/\/myspainfood.com\/cs\/wp-json\/wp\/v2\/types\/product"}],"wp:featuredmedia":[{"embeddable":true,"href":"https:\/\/myspainfood.com\/cs\/wp-json\/wp\/v2\/media\/48638"}],"wp:attachment":[{"href":"https:\/\/myspainfood.com\/cs\/wp-json\/wp\/v2\/media?parent=48634"}],"wp:term":[{"taxonomy":"product_brand","embeddable":true,"href":"https:\/\/myspainfood.com\/cs\/wp-json\/wp\/v2\/product_brand?post=48634"},{"taxonomy":"product_cat","embeddable":true,"href":"https:\/\/myspainfood.com\/cs\/wp-json\/wp\/v2\/product_cat?post=48634"},{"taxonomy":"product_tag","embeddable":true,"href":"https:\/\/myspainfood.com\/cs\/wp-json\/wp\/v2\/product_tag?post=48634"}],"curies":[{"name":"wp","href":"https:\/\/api.w.org\/{rel}","templated":true}]}}