{"id":48800,"date":"2025-04-10T12:08:25","date_gmt":"2025-04-10T10:08:25","guid":{"rendered":"https:\/\/myspainfood.com\/producto\/treska-10-20-cela-solena-treska-faerska\/"},"modified":"2025-06-24T13:51:21","modified_gmt":"2025-06-24T11:51:21","slug":"treska-10-20-cela-solena-treska-faerska","status":"publish","type":"product","link":"https:\/\/myspainfood.com\/cs\/producto\/treska-10-20-cela-solena-treska-faerska\/","title":{"rendered":"Treska 10\/20 Cel\u00e1 solen\u00e1 treska faersk\u00e1"},"content":{"rendered":"","protected":false},"excerpt":{"rendered":"","protected":false},"featured_media":0,"template":"","meta":{"_et_pb_use_builder":"","_et_pb_old_content":"","_et_gb_content_width":""},"product_brand":[1290],"product_cat":[1868,3553],"product_tag":[],"class_list":{"0":"post-48800","1":"product","2":"type-product","3":"status-publish","5":"product_brand-la-barajilla","6":"product_cat-cold-cs","7":"product_cat-treska-cs","8":"product_shipping_class-preprava-za-studena","10":"first","11":"instock","12":"taxable","13":"shipping-taxable","14":"purchasable","15":"product-type-variable"},"_links":{"self":[{"href":"https:\/\/myspainfood.com\/cs\/wp-json\/wp\/v2\/product\/48800","targetHints":{"allow":["GET"]}}],"collection":[{"href":"https:\/\/myspainfood.com\/cs\/wp-json\/wp\/v2\/product"}],"about":[{"href":"https:\/\/myspainfood.com\/cs\/wp-json\/wp\/v2\/types\/product"}],"wp:attachment":[{"href":"https:\/\/myspainfood.com\/cs\/wp-json\/wp\/v2\/media?parent=48800"}],"wp:term":[{"taxonomy":"product_brand","embeddable":true,"href":"https:\/\/myspainfood.com\/cs\/wp-json\/wp\/v2\/product_brand?post=48800"},{"taxonomy":"product_cat","embeddable":true,"href":"https:\/\/myspainfood.com\/cs\/wp-json\/wp\/v2\/product_cat?post=48800"},{"taxonomy":"product_tag","embeddable":true,"href":"https:\/\/myspainfood.com\/cs\/wp-json\/wp\/v2\/product_tag?post=48800"}],"curies":[{"name":"wp","href":"https:\/\/api.w.org\/{rel}","templated":true}]}}