{"id":48974,"date":"2025-04-10T12:08:48","date_gmt":"2025-04-10T10:08:48","guid":{"rendered":"https:\/\/myspainfood.com\/producto\/pokuseni-z-ancovicek-18-kg\/"},"modified":"2025-04-10T12:08:48","modified_gmt":"2025-04-10T10:08:48","slug":"pokuseni-z-ancovicek-18-kg","status":"publish","type":"product","link":"https:\/\/myspainfood.com\/cs\/producto\/pokuseni-z-ancovicek-18-kg\/","title":{"rendered":"Poku\u0161en\u00ed z an\u010dovi\u010dek 1,8 kg"},"content":{"rendered":"<p>Olej (100% slune\u010dnicov\u00fd), sladk\u00e1 t\u0159e\u0161\u0148ov\u00e1 paprika, smetanov\u00fd s\u00fdr a drcen\u00e1 <strong>an\u010dovi\u010dka<\/strong>.<\/p>\n","protected":false},"excerpt":{"rendered":"<p>Olej (100% slune\u010dnicov\u00fd), sladk\u00e1 t\u0159e\u0161\u0148ov\u00e1 paprika, smetanov\u00fd s\u00fdr a drcen\u00e1 an\u010dovi\u010dka.<\/p>\n","protected":false},"featured_media":48977,"template":"","meta":{"_et_pb_use_builder":"","_et_pb_old_content":"","_et_gb_content_width":""},"product_brand":[1277],"product_cat":[2371,2298,1935],"product_tag":[],"class_list":{"0":"post-48974","1":"product","2":"type-product","3":"status-publish","4":"has-post-thumbnail","6":"product_brand-bokeo","7":"product_cat-peppers-cs","8":"product_cat-syr-a-klobasa-cs","9":"product_cat-zachovava","10":"product_shipping_class-preprava-za-studena","12":"first","13":"outofstock","14":"taxable","15":"shipping-taxable","16":"purchasable","17":"product-type-simple"},"_links":{"self":[{"href":"https:\/\/myspainfood.com\/cs\/wp-json\/wp\/v2\/product\/48974","targetHints":{"allow":["GET"]}}],"collection":[{"href":"https:\/\/myspainfood.com\/cs\/wp-json\/wp\/v2\/product"}],"about":[{"href":"https:\/\/myspainfood.com\/cs\/wp-json\/wp\/v2\/types\/product"}],"wp:featuredmedia":[{"embeddable":true,"href":"https:\/\/myspainfood.com\/cs\/wp-json\/wp\/v2\/media\/48977"}],"wp:attachment":[{"href":"https:\/\/myspainfood.com\/cs\/wp-json\/wp\/v2\/media?parent=48974"}],"wp:term":[{"taxonomy":"product_brand","embeddable":true,"href":"https:\/\/myspainfood.com\/cs\/wp-json\/wp\/v2\/product_brand?post=48974"},{"taxonomy":"product_cat","embeddable":true,"href":"https:\/\/myspainfood.com\/cs\/wp-json\/wp\/v2\/product_cat?post=48974"},{"taxonomy":"product_tag","embeddable":true,"href":"https:\/\/myspainfood.com\/cs\/wp-json\/wp\/v2\/product_tag?post=48974"}],"curies":[{"name":"wp","href":"https:\/\/api.w.org\/{rel}","templated":true}]}}