{"id":49065,"date":"2025-04-10T12:09:50","date_gmt":"2025-04-10T10:09:50","guid":{"rendered":"https:\/\/myspainfood.com\/producto\/paprikovy-salat-s-tunakem-alsur-120-jednotek\/"},"modified":"2025-04-10T12:09:50","modified_gmt":"2025-04-10T10:09:50","slug":"paprikovy-salat-s-tunakem-alsur-120-jednotek","status":"publish","type":"product","link":"https:\/\/myspainfood.com\/cs\/producto\/paprikovy-salat-s-tunakem-alsur-120-jednotek\/","title":{"rendered":"Paprikov\u00fd sal\u00e1t s tu\u0148\u00e1kem Alsur 120 jednotek"},"content":{"rendered":"<p>\u00dasp\u011bch paprikov\u00e9ho sal\u00e1tu <a href=\"https:\/\/www.alsurvegetales.com\/producto\/id\/26\/ensalada-de-pimiento-asado-con-atun\" target=\"_blank\" rel=\"noopener noreferrer nofollow\">Alsur<\/a> s tu\u0148\u00e1kem spo\u010d\u00edv\u00e1 v jeho prom\u011bnliv\u00e9 barv\u011b od sv\u011btle po tmav\u011b \u010dervenou, chuti a jemn\u00e9 struktu\u0159e.<\/p>\n<p>Tyto pe\u010den\u00e9 papriky spolu s cibul\u00ed tvo\u0159\u00ed lahodn\u00fd pokrm, kter\u00fd se velmi snadno p\u0159ipravuje.<\/p>\n<p>Sklen\u011bn\u00e1 n\u00e1doba v\u00e1\u017e\u00ed 340 gram\u016f.<\/p>\n<p>Skladujte na chladn\u00e9m a such\u00e9m m\u00edst\u011b. Po otev\u0159en\u00ed uchov\u00e1vejte v chladni\u010dce a spot\u0159ebujte do 7 dn\u016f. <\/p>\n<p>Slo\u017een\u00ed: Papriky piquillo, cibule, voda, cukr, tu\u0148\u00e1k (5 %), ocet, s\u016fl a kyselina citronov\u00e1.<\/p>\n<p>Alsur je rodinn\u00fd podnik, jeho\u017e hlavn\u00edm hrdinou je podstata j\u00eddla.<\/p>\n<h4>Hlavn\u00ed v\u00fdhody konzervovan\u00fdch potravin<\/h4>\n<ol>\n<li>Zachov\u00e1vaj\u00ed v\u0161echny v\u00fd\u017eivov\u00e9 vlastnosti samotn\u00e9 potraviny. Potraviny si zachov\u00e1vaj\u00ed svou \u010derstvost. <\/li>\n<li>Pou\u017eit\u00e9 potraviny jsou zdrav\u00e9 a d\u00edky vysok\u00e9mu obsahu vitam\u00edn\u016f a b\u00edlkovin vhodn\u00e9 pro optim\u00e1ln\u00ed stravu.<\/li>\n<li>Tyto v\u00fdrobky maj\u00ed del\u0161\u00ed \u017eivotnost (obvykle 2-5 let).<\/li>\n<li>Konzervy se velmi snadno skladuj\u00ed, proto\u017ee jejich obal se snadno nan\u00e1\u0161\u00ed.<\/li>\n<\/ol>\n<p>Pokud si chcete koupit Pep\u0159ov\u00fd sal\u00e1t s tu\u0148\u00e1kem nebo jak\u00fdkoli jin\u00fd druh <a href=\"https:\/\/latiendadesami.com\/categoria-producto\/conservas\/\" rel=\"noopener noreferrer nofollow\" target=\"_blank\">konzervy<\/a>, nev\u00e1hejte se pod\u00edvat do na\u0161eho online katalogu a prohl\u00e9dnout si \u0161irokou nab\u00eddku <a href=\"https:\/\/latiendadesami.com\/categoria-producto\/conservas\/atun-y-bonito\/\" target=\"_blank\" rel=\"noopener noreferrer nofollow\">tu\u0148\u00e1kov\u00fdch konzerv<\/a>.<\/p>\n<p>Napi\u0161te n\u00e1m o dal\u0161\u00ed informace.<\/p>\n","protected":false},"excerpt":{"rendered":"<p>\u00dasp\u011bch paprikov\u00e9ho sal\u00e1tu Alsur s tu\u0148\u00e1kem spo\u010d\u00edv\u00e1 v jeho prom\u011bnliv\u00e9 barv\u011b od sv\u011btle po tmav\u011b \u010dervenou, chuti a jemn\u00e9 struktu\u0159e. Tyto pe\u010den\u00e9 papriky spolu s cibul\u00ed tvo\u0159\u00ed lahodn\u00fd pokrm, kter\u00fd se velmi snadno p\u0159ipravuje. Sklen\u011bn\u00e1 n\u00e1doba v\u00e1\u017e\u00ed 340 gram\u016f. Skladujte na chladn\u00e9m a such\u00e9m m\u00edst\u011b. Po otev\u0159en\u00ed uchov\u00e1vejte v chladni\u010dce a spot\u0159ebujte do 7 dn\u016f. [&hellip;]<\/p>\n","protected":false},"featured_media":49067,"template":"","meta":{"_et_pb_use_builder":"","_et_pb_old_content":"","_et_gb_content_width":""},"product_brand":[1196],"product_cat":[2371,4317,2957,1935],"product_tag":[],"class_list":{"0":"post-49065","1":"product","2":"type-product","3":"status-publish","4":"has-post-thumbnail","6":"product_brand-alsur","7":"product_cat-peppers-cs","8":"product_cat-tunak-a-bonito","9":"product_cat-velkoobchod-cs","10":"product_cat-zachovava","12":"first","13":"outofstock","14":"taxable","15":"shipping-taxable","16":"purchasable","17":"product-type-simple"},"_links":{"self":[{"href":"https:\/\/myspainfood.com\/cs\/wp-json\/wp\/v2\/product\/49065","targetHints":{"allow":["GET"]}}],"collection":[{"href":"https:\/\/myspainfood.com\/cs\/wp-json\/wp\/v2\/product"}],"about":[{"href":"https:\/\/myspainfood.com\/cs\/wp-json\/wp\/v2\/types\/product"}],"wp:featuredmedia":[{"embeddable":true,"href":"https:\/\/myspainfood.com\/cs\/wp-json\/wp\/v2\/media\/49067"}],"wp:attachment":[{"href":"https:\/\/myspainfood.com\/cs\/wp-json\/wp\/v2\/media?parent=49065"}],"wp:term":[{"taxonomy":"product_brand","embeddable":true,"href":"https:\/\/myspainfood.com\/cs\/wp-json\/wp\/v2\/product_brand?post=49065"},{"taxonomy":"product_cat","embeddable":true,"href":"https:\/\/myspainfood.com\/cs\/wp-json\/wp\/v2\/product_cat?post=49065"},{"taxonomy":"product_tag","embeddable":true,"href":"https:\/\/myspainfood.com\/cs\/wp-json\/wp\/v2\/product_tag?post=49065"}],"curies":[{"name":"wp","href":"https:\/\/api.w.org\/{rel}","templated":true}]}}