{"id":49088,"date":"2025-04-10T12:09:50","date_gmt":"2025-04-10T10:09:50","guid":{"rendered":"https:\/\/myspainfood.com\/producto\/lilek-kousky-la-encajera-almagro-700-gramu-120-jednotek\/"},"modified":"2025-04-10T12:09:50","modified_gmt":"2025-04-10T10:09:50","slug":"lilek-kousky-la-encajera-almagro-700-gramu-120-jednotek","status":"publish","type":"product","link":"https:\/\/myspainfood.com\/cs\/producto\/lilek-kousky-la-encajera-almagro-700-gramu-120-jednotek\/","title":{"rendered":"Lilek kousky la Encajera almagro 700 gram\u016f 120 jednotek"},"content":{"rendered":"<p>Nakr\u00e1jen\u00fd lilek je hlavn\u00ed ingredienc\u00ed sal\u00e1t\u016f <a href=\"https:\/\/www.laencajera.es\/berenjenas-de-almagro\" target=\"_blank\" rel=\"noopener noreferrer nofollow\">Almagro<\/a>. Tradi\u010dn\u00ed chu\u0165 poc\u00edt\u00edte v ka\u017ed\u00e9m soustu. <\/p>\n<p>Obvykle se pod\u00e1v\u00e1 jako p\u0159edkrm nebo v kombinaci s l\u017e\u00edc\u00ed. Sekan\u00e9 lilky poch\u00e1zej\u00ed ze \u0161pan\u011blsk\u00e9 Kastilie la Mancha. <\/p>\n<p>Slo\u017een\u00ed: Lilek &#8222;De Almagro&#8220;, voda, s\u016fl, ocet alkoholov\u00fd, kyselina citronov\u00e1 (E-330), chlorid v\u00e1penat\u00fd (E-509), metabisulfit sodn\u00fd, km\u00edn, paprika, p\u0159\u00edrodn\u00ed fenykl, kyselina ml\u00e9\u010dn\u00e1 (E-270).<\/p>\n<p>Podm\u00ednky ochrany:<\/p>\n<p>Uchov\u00e1vejte na chladn\u00e9m a such\u00e9m m\u00edst\u011b p\u0159i teplot\u011b od 3 do 10 \u00b0C. Chra\u0148te p\u0159ed slune\u010dn\u00edm z\u00e1\u0159en\u00edm a siln\u00fdmi pachy. <\/p>\n<p>Po otev\u0159en\u00ed uchov\u00e1vejte v chladu a spot\u0159ebujte do 30 dn\u016f.<\/p>\n<p>Pokud si chcete koupit olivy nebo jak\u00fdkoli jin\u00fd druh <a href=\"https:\/\/latiendadesami.com\/categoria-producto\/encurtidos\/\" rel=\"noopener noreferrer nofollow\" target=\"_blank\">nakl\u00e1dan\u00e9 zeleniny<\/a>, nev\u00e1hejte se pod\u00edvat do na\u0161eho online katalogu a prohl\u00e9dnout si \u0161irokou nab\u00eddku <a href=\"https:\/\/latiendadesami.com\/categoria-producto\/encurtidos\/berenjenas\/\" target=\"_blank\" rel=\"noopener noreferrer nofollow\">lilk\u016f<\/a>.<\/p>\n<p>Zna\u010dka La Encajonera je rodinn\u00fd podnik zalo\u017een\u00fd v roce 1990, kter\u00fd se nach\u00e1z\u00ed v srdci regionu La Mancha, ve m\u011bst\u011b ALMAGRO v provincii Ciudad Real.<\/p>\n<p>V\u00fdrobn\u00ed proces jej\u00edch produkt\u016f za\u010d\u00edn\u00e1 ve stejn\u00e9 p\u011bstitelsk\u00e9 oblasti, kde se vyb\u00edr\u00e1 ten nejkvalitn\u011bj\u0161\u00ed produkt.<\/p>\n<p>Tov\u00e1rna je vybavena nejmodern\u011bj\u0161\u00edmi technologiemi a z\u00e1rove\u0148 si zachov\u00e1v\u00e1 tradici a know-how sv\u00fdch \u0159emesln\u00edk\u016f.<\/p>\n","protected":false},"excerpt":{"rendered":"<p>Hlavn\u00ed slo\u017eka sal\u00e1t\u016f Almagro. Tradi\u010dn\u00ed chu\u0165 poc\u00edt\u00edte v ka\u017ed\u00e9m soustu. Obvykle se pod\u00e1v\u00e1 jako p\u0159edkrm nebo v kombinaci s l\u017e\u00edcemi.  <\/p>\n","protected":false},"featured_media":23127,"template":"","meta":{"_et_pb_use_builder":"","_et_pb_old_content":"","_et_gb_content_width":""},"product_brand":[1057],"product_cat":[2104,1778,2957],"product_tag":[4166],"class_list":{"0":"post-49088","1":"product","2":"type-product","3":"status-publish","4":"has-post-thumbnail","6":"product_brand-la-encajera","7":"product_cat-lilek","8":"product_cat-pickles-cs","9":"product_cat-velkoobchod-cs","10":"product_tag-nakrajene","12":"first","13":"outofstock","14":"taxable","15":"shipping-taxable","16":"purchasable","17":"product-type-simple"},"_links":{"self":[{"href":"https:\/\/myspainfood.com\/cs\/wp-json\/wp\/v2\/product\/49088","targetHints":{"allow":["GET"]}}],"collection":[{"href":"https:\/\/myspainfood.com\/cs\/wp-json\/wp\/v2\/product"}],"about":[{"href":"https:\/\/myspainfood.com\/cs\/wp-json\/wp\/v2\/types\/product"}],"wp:featuredmedia":[{"embeddable":true,"href":"https:\/\/myspainfood.com\/cs\/wp-json\/wp\/v2\/media\/23127"}],"wp:attachment":[{"href":"https:\/\/myspainfood.com\/cs\/wp-json\/wp\/v2\/media?parent=49088"}],"wp:term":[{"taxonomy":"product_brand","embeddable":true,"href":"https:\/\/myspainfood.com\/cs\/wp-json\/wp\/v2\/product_brand?post=49088"},{"taxonomy":"product_cat","embeddable":true,"href":"https:\/\/myspainfood.com\/cs\/wp-json\/wp\/v2\/product_cat?post=49088"},{"taxonomy":"product_tag","embeddable":true,"href":"https:\/\/myspainfood.com\/cs\/wp-json\/wp\/v2\/product_tag?post=49088"}],"curies":[{"name":"wp","href":"https:\/\/api.w.org\/{rel}","templated":true}]}}