{"id":49162,"date":"2025-04-10T12:10:00","date_gmt":"2025-04-10T10:10:00","guid":{"rendered":"https:\/\/myspainfood.com\/producto\/alino-de-mi-pueblo-chicon-olivy-900-gramu-baleni-6-kusu\/"},"modified":"2025-04-10T12:10:00","modified_gmt":"2025-04-10T10:10:00","slug":"alino-de-mi-pueblo-chicon-olivy-900-gramu-baleni-6-kusu","status":"publish","type":"product","link":"https:\/\/myspainfood.com\/cs\/producto\/alino-de-mi-pueblo-chicon-olivy-900-gramu-baleni-6-kusu\/","title":{"rendered":"Ali\u00f1o de mi pueblo Chic\u00f3n olivy 900 gram\u016f balen\u00ed 6 kus\u016f"},"content":{"rendered":"<p><strong>Olivy<\/strong> &#8222;Ali\u00f1o de mi Pueblo&#8220; manzanilla <strong>dressed<\/strong> jsou <a href=\"https:\/\/aceitunaschiconlebron.com\/catalogo-productos\/comprar-aceitunas\/deshuesadas\/\" target=\"_blank\" rel=\"noopener noreferrer nofollow\">olivy bez pecek<\/a> ochucen\u00e9 t\u011bmi nejlep\u0161\u00edmi ingrediencemi podle tradi\u010dn\u00edho receptu.<\/p>\n<p>Pou\u017eit\u00ed p\u0159\u00edrodn\u00edho ko\u0159en\u00ed a kontrola teploty jsou tajemstv\u00edm, kter\u00e9 umo\u017e\u0148uje dos\u00e1hnout zvl\u00e1\u0161tn\u00ed chuti t\u011bchto oliv.<\/p>\n<p>Olivy Ali\u00f1o de mi pueblo jsou m\u011bkk\u00e9 a \u0161\u0165avnat\u00e1 du\u017eina jim dod\u00e1v\u00e1 nezam\u011bnitelnou chu\u0165.<\/p>\n<p>Dom\u00e1c\u00ed <a href=\"https:\/\/latiendadesami.com\/categoria-producto\/encurtidos\/\" target=\"_blank\" rel=\"noopener noreferrer nofollow\">nakl\u00e1dan\u00e9<\/a> olivy, kter\u00e9 se nam\u00e1\u010dej\u00ed do slan\u00e9ho n\u00e1levu a upravuj\u00ed, aby se sn\u00ed\u017eila jejich kyselost, jsou b\u011b\u017en\u011b k vid\u011bn\u00ed na mnoha teras\u00e1ch a v restaurac\u00edch.<\/p>\n<h3>V\u00fdhody oliv Ali\u00f1o de mi Pueblo<\/h3>\n<p>V\u011bd\u011bli jste, \u017ee tyto <strong>olivy<\/strong> maj\u00ed mnohostrann\u00fd p\u0159\u00ednos? Jsou velmi \u00fa\u010dinn\u00e9 v prevenci srde\u010dn\u00edch a ob\u011bhov\u00fdch onemocn\u011bn\u00ed obecn\u011b. <\/p>\n<p>To je zp\u016fsobeno vysok\u00fdm obsahem nenasycen\u00fdch tuk\u016f. Krom\u011b toho obsahuje hodn\u011b \u017eeleza a vl\u00e1kniny a je velmi syt\u00fd, tak\u017ee je ide\u00e1ln\u00ed sva\u010dinou. <\/p>\n<p>Pokud si chcete koupit olivy nebo jak\u00fdkoli jin\u00fd druh <a href=\"https:\/\/latiendadesami.com\/categoria-producto\/encurtidos\/\" rel=\"noopener noreferrer nofollow\" target=\"_blank\">nakl\u00e1dan\u00fdch potravin<\/a>, nev\u00e1hejte se pod\u00edvat do na\u0161eho online katalogu a prohl\u00e9dnout si \u0161irokou nab\u00eddku <a href=\"https:\/\/latiendadesami.com\/categoria-producto\/encurtidos\/aceitunas\/\" target=\"_blank\" rel=\"noopener noreferrer nofollow\">oliv<\/a>.<\/p>\n","protected":false},"excerpt":{"rendered":"<p>Olivy &#8222;Ali\u00f1o de mi Pueblo&#8220; manzanilla dressed jsou olivy bez pecek ochucen\u00e9 t\u011bmi nejlep\u0161\u00edmi ingrediencemi podle tradi\u010dn\u00edho receptu. Pou\u017eit\u00ed p\u0159\u00edrodn\u00edho ko\u0159en\u00ed a kontrola teploty jsou tajemstv\u00edm, kter\u00e9 umo\u017e\u0148uje dos\u00e1hnout zvl\u00e1\u0161tn\u00ed chuti t\u011bchto oliv. Olivy Ali\u00f1o de mi pueblo jsou m\u011bkk\u00e9 a \u0161\u0165avnat\u00e1 du\u017eina jim dod\u00e1v\u00e1 nezam\u011bnitelnou chu\u0165. Dom\u00e1c\u00ed nakl\u00e1dan\u00e9 olivy, kter\u00e9 se nam\u00e1\u010dej\u00ed do slan\u00e9ho [&hellip;]<\/p>\n","protected":false},"featured_media":49170,"template":"","meta":{"_et_pb_use_builder":"","_et_pb_old_content":"","_et_gb_content_width":""},"product_brand":[1036],"product_cat":[3140,2957],"product_tag":[9933],"class_list":{"0":"post-49162","1":"product","2":"type-product","3":"status-publish","4":"has-post-thumbnail","6":"product_brand-chicon","7":"product_cat-pickles-cs-2","8":"product_cat-velkoobchod-cs","9":"product_tag-vesnice","11":"first","12":"instock","13":"taxable","14":"shipping-taxable","15":"purchasable","16":"product-type-variable"},"_links":{"self":[{"href":"https:\/\/myspainfood.com\/cs\/wp-json\/wp\/v2\/product\/49162","targetHints":{"allow":["GET"]}}],"collection":[{"href":"https:\/\/myspainfood.com\/cs\/wp-json\/wp\/v2\/product"}],"about":[{"href":"https:\/\/myspainfood.com\/cs\/wp-json\/wp\/v2\/types\/product"}],"wp:featuredmedia":[{"embeddable":true,"href":"https:\/\/myspainfood.com\/cs\/wp-json\/wp\/v2\/media\/49170"}],"wp:attachment":[{"href":"https:\/\/myspainfood.com\/cs\/wp-json\/wp\/v2\/media?parent=49162"}],"wp:term":[{"taxonomy":"product_brand","embeddable":true,"href":"https:\/\/myspainfood.com\/cs\/wp-json\/wp\/v2\/product_brand?post=49162"},{"taxonomy":"product_cat","embeddable":true,"href":"https:\/\/myspainfood.com\/cs\/wp-json\/wp\/v2\/product_cat?post=49162"},{"taxonomy":"product_tag","embeddable":true,"href":"https:\/\/myspainfood.com\/cs\/wp-json\/wp\/v2\/product_tag?post=49162"}],"curies":[{"name":"wp","href":"https:\/\/api.w.org\/{rel}","templated":true}]}}