{"id":50496,"date":"2025-05-21T08:44:03","date_gmt":"2025-05-21T06:44:03","guid":{"rendered":"https:\/\/myspainfood.com\/producto\/manzanilla-hermanek-bez-pecek-900-gr-chicon\/"},"modified":"2026-01-29T13:03:43","modified_gmt":"2026-01-29T12:03:43","slug":"manzanilla-hermanek-bez-pecek-900-gr-chicon","status":"publish","type":"product","link":"https:\/\/myspainfood.com\/cs\/producto\/manzanilla-hermanek-bez-pecek-900-gr-chicon\/","title":{"rendered":"Manzanilla He\u0159m\u00e1nek bez pecek 900 gr Chic\u00f3n"},"content":{"rendered":"<p>I p\u0159es odstran\u011bn\u00ed pecky si olivy Manzanilla bez pecky prakticky zachov\u00e1vaj\u00ed sv\u016fj p\u016fvodn\u00ed tvar.<\/p>\n<h3>V\u00fdhody oliv Manzanilla Pitted <a href=\"https:\/\/aceitunaschiconlebron.com\/catalogo-productos\/comprar-aceitunas\/deshuesadas\/\" target=\"_blank\" rel=\"noopener noreferrer nofollow\">Chic\u00f3n<\/a><\/h3>\n<p>V\u011bd\u011bli jste, \u017ee tyto olivy maj\u00ed mnohostrann\u00fd p\u0159\u00ednos? Jsou velmi \u00fa\u010dinn\u00e9 v prevenci srde\u010dn\u00edch a ob\u011bhov\u00fdch onemocn\u011bn\u00ed obecn\u011b. <\/p>\n<p>To je zp\u016fsobeno vysok\u00fdm obsahem nenasycen\u00fdch tuk\u016f. Krom\u011b toho obsahuje hodn\u011b \u017eeleza a vl\u00e1kniny a je velmi syt\u00fd, tak\u017ee je ide\u00e1ln\u00ed sva\u010dinou. <\/p>\n<p>Pokud si chcete koupit olivy nebo jak\u00fdkoli jin\u00fd druh <a href=\"https:\/\/latiendadesami.com\/categoria-producto\/encurtidos\/\" rel=\"noopener noreferrer nofollow\" target=\"_blank\">nakl\u00e1dan\u00e9 zeleniny<\/a>, nev\u00e1hejte se pod\u00edvat do na\u0161eho online katalogu a prohl\u00e9dnout si \u0161irokou nab\u00eddku <a href=\"https:\/\/latiendadesami.com\/categoria-producto\/encurtidos\/aceitunas\/\" target=\"_blank\" rel=\"noopener noreferrer nofollow\">oliv<\/a>.<\/p>\n","protected":false},"excerpt":{"rendered":"<p>I p\u0159es odstran\u011bn\u00ed pecky si olivy Manzanilla bez pecky prakticky zachov\u00e1vaj\u00ed sv\u016fj p\u016fvodn\u00ed tvar. V\u00fdhody oliv Manzanilla Pitted Chic\u00f3n V\u011bd\u011bli jste, \u017ee tyto olivy maj\u00ed mnohostrann\u00fd p\u0159\u00ednos? Jsou velmi \u00fa\u010dinn\u00e9 v prevenci srde\u010dn\u00edch a ob\u011bhov\u00fdch onemocn\u011bn\u00ed obecn\u011b. To je zp\u016fsobeno vysok\u00fdm obsahem nenasycen\u00fdch tuk\u016f. Krom\u011b toho obsahuje hodn\u011b \u017eeleza a vl\u00e1kniny a je velmi syt\u00fd, [&hellip;]<\/p>\n","protected":false},"featured_media":50265,"template":"","meta":{"_et_pb_use_builder":"","_et_pb_old_content":"","_et_gb_content_width":""},"product_brand":[1036],"product_cat":[1780,1778],"product_tag":[9992,2038],"class_list":{"0":"post-50496","1":"product","2":"type-product","3":"status-publish","4":"has-post-thumbnail","6":"product_brand-chicon","7":"product_cat-olivy-cs","8":"product_cat-pickles-cs","9":"product_tag-bez-kosti-cs-2","10":"product_tag-hermanek","12":"first","13":"instock","14":"taxable","15":"shipping-taxable","16":"purchasable","17":"product-type-variable"},"_links":{"self":[{"href":"https:\/\/myspainfood.com\/cs\/wp-json\/wp\/v2\/product\/50496","targetHints":{"allow":["GET"]}}],"collection":[{"href":"https:\/\/myspainfood.com\/cs\/wp-json\/wp\/v2\/product"}],"about":[{"href":"https:\/\/myspainfood.com\/cs\/wp-json\/wp\/v2\/types\/product"}],"wp:featuredmedia":[{"embeddable":true,"href":"https:\/\/myspainfood.com\/cs\/wp-json\/wp\/v2\/media\/50265"}],"wp:attachment":[{"href":"https:\/\/myspainfood.com\/cs\/wp-json\/wp\/v2\/media?parent=50496"}],"wp:term":[{"taxonomy":"product_brand","embeddable":true,"href":"https:\/\/myspainfood.com\/cs\/wp-json\/wp\/v2\/product_brand?post=50496"},{"taxonomy":"product_cat","embeddable":true,"href":"https:\/\/myspainfood.com\/cs\/wp-json\/wp\/v2\/product_cat?post=50496"},{"taxonomy":"product_tag","embeddable":true,"href":"https:\/\/myspainfood.com\/cs\/wp-json\/wp\/v2\/product_tag?post=50496"}],"curies":[{"name":"wp","href":"https:\/\/api.w.org\/{rel}","templated":true}]}}