{"id":50952,"date":"2025-05-21T09:40:50","date_gmt":"2025-05-21T07:40:50","guid":{"rendered":"https:\/\/myspainfood.com\/producto\/kimbitos-olivy-a-okurky-900-gr-chicon\/"},"modified":"2026-01-29T13:10:49","modified_gmt":"2026-01-29T12:10:49","slug":"kimbitos-olivy-a-okurky-900-gr-chicon","status":"publish","type":"product","link":"https:\/\/myspainfood.com\/cs\/producto\/kimbitos-olivy-a-okurky-900-gr-chicon\/","title":{"rendered":"Kimbitos - olivy a okurky 900 gr Chic\u00f3n"},"content":{"rendered":"<p><a href=\"https:\/\/aceitunaschiconlebron.com\/catalogo\/manzanilla-rellena-de-pepinillo\/\" target=\"_blank\" rel=\"noopener noreferrer nofollow\">Kimbitos olivov\u00fd a okurkov\u00fd<\/a>, s jemnou sladkokyselou chut\u00ed.<\/p>\n<h3>Vlastnosti oliv Manzanilla nebo Kimbitos<\/h3>\n<p>Olivy Manzanilla, p\u016fvodem ze \u0160pan\u011blska, maj\u00ed velk\u00e9 v\u00fdhody, mezi nimi\u017e vynikaj\u00ed n\u00e1sleduj\u00edc\u00ed:<\/p>\n<p>Poskytuj\u00ed velk\u00e9 mno\u017estv\u00ed antioxidant\u016f.<\/p>\n<p>Sni\u017euj\u00ed krevn\u00ed tlak a cholesterol.<\/p>\n<p>p\u0159edch\u00e1z\u00ed n\u011bkter\u00fdm typ\u016fm rakoviny.<\/p>\n<p>P\u016fsob\u00ed jako p\u0159\u00edrodn\u00ed probiotikum.<\/p>\n<p>Zlep\u0161en\u00ed zdrav\u00ed srdce.<\/p>\n<p>Pom\u00e1haj\u00ed v boji proti infekc\u00edm.<\/p>\n<p>P\u0159edch\u00e1zej\u00ed osteopor\u00f3ze.<\/p>\n<p>V\u011bd\u011bli jste, \u017ee olivy Kimbitos maj\u00ed mnohostrann\u00fd p\u0159\u00ednos? Maj\u00ed velkou s\u00edlu, pokud jde o prevenci srde\u010dn\u00edch a ob\u011bhov\u00fdch onemocn\u011bn\u00ed obecn\u011b. <\/p>\n<p>Pokud si chcete koupit olivy nebo jak\u00fdkoli jin\u00fd druh <a href=\"https:\/\/latiendadesami.com\/categoria-producto\/encurtidos\/\" rel=\"noopener noreferrer nofollow\" target=\"_blank\">nakl\u00e1dan\u00e9 zeleniny<\/a>, nev\u00e1hejte se pod\u00edvat do na\u0161eho online katalogu a prohl\u00e9dnout si \u0161irokou nab\u00eddku <a href=\"https:\/\/latiendadesami.com\/categoria-producto\/encurtidos\/aceitunas\/\" target=\"_blank\" rel=\"noopener noreferrer nofollow\">oliv<\/a>.<\/p>\n","protected":false},"excerpt":{"rendered":"<p>Kimbitos olivov\u00fd a okurkov\u00fd, s jemnou sladkokyselou chut\u00ed. Vlastnosti oliv Manzanilla nebo Kimbitos Olivy Manzanilla, p\u016fvodem ze \u0160pan\u011blska, maj\u00ed velk\u00e9 v\u00fdhody, mezi nimi\u017e vynikaj\u00ed n\u00e1sleduj\u00edc\u00ed: Poskytuj\u00ed velk\u00e9 mno\u017estv\u00ed antioxidant\u016f. Sni\u017euj\u00ed krevn\u00ed tlak a cholesterol. p\u0159edch\u00e1z\u00ed n\u011bkter\u00fdm typ\u016fm rakoviny. P\u016fsob\u00ed jako p\u0159\u00edrodn\u00ed probiotikum. Zlep\u0161en\u00ed zdrav\u00ed srdce. Pom\u00e1haj\u00ed v boji proti infekc\u00edm. P\u0159edch\u00e1zej\u00ed osteopor\u00f3ze. V\u011bd\u011bli jste, \u017ee [&hellip;]<\/p>\n","protected":false},"featured_media":50957,"template":"","meta":{"_et_pb_use_builder":"","_et_pb_old_content":"","_et_gb_content_width":""},"product_brand":[1036],"product_cat":[1994,1780,1778],"product_tag":[2018,2038,1997],"class_list":{"0":"post-50952","1":"product","2":"type-product","3":"status-publish","4":"has-post-thumbnail","6":"product_brand-chicon","7":"product_cat-okurky","8":"product_cat-olivy-cs","9":"product_cat-pickles-cs","10":"product_tag-gherkin-cs","11":"product_tag-hermanek","12":"product_tag-kimbo-cs","14":"first","15":"instock","16":"taxable","17":"shipping-taxable","18":"purchasable","19":"product-type-variable"},"_links":{"self":[{"href":"https:\/\/myspainfood.com\/cs\/wp-json\/wp\/v2\/product\/50952","targetHints":{"allow":["GET"]}}],"collection":[{"href":"https:\/\/myspainfood.com\/cs\/wp-json\/wp\/v2\/product"}],"about":[{"href":"https:\/\/myspainfood.com\/cs\/wp-json\/wp\/v2\/types\/product"}],"wp:featuredmedia":[{"embeddable":true,"href":"https:\/\/myspainfood.com\/cs\/wp-json\/wp\/v2\/media\/50957"}],"wp:attachment":[{"href":"https:\/\/myspainfood.com\/cs\/wp-json\/wp\/v2\/media?parent=50952"}],"wp:term":[{"taxonomy":"product_brand","embeddable":true,"href":"https:\/\/myspainfood.com\/cs\/wp-json\/wp\/v2\/product_brand?post=50952"},{"taxonomy":"product_cat","embeddable":true,"href":"https:\/\/myspainfood.com\/cs\/wp-json\/wp\/v2\/product_cat?post=50952"},{"taxonomy":"product_tag","embeddable":true,"href":"https:\/\/myspainfood.com\/cs\/wp-json\/wp\/v2\/product_tag?post=50952"}],"curies":[{"name":"wp","href":"https:\/\/api.w.org\/{rel}","templated":true}]}}