{"id":51073,"date":"2025-05-21T09:40:50","date_gmt":"2025-05-21T07:40:50","guid":{"rendered":"https:\/\/myspainfood.com\/producto\/michana-vejce-extra-900-gr-chicon\/"},"modified":"2026-01-29T13:05:38","modified_gmt":"2026-01-29T12:05:38","slug":"michana-vejce-extra-900-gr-chicon","status":"publish","type":"product","link":"https:\/\/myspainfood.com\/cs\/producto\/michana-vejce-extra-900-gr-chicon\/","title":{"rendered":"M\u00edchan\u00e1 vejce Extra 900 gr Chic\u00f3n"},"content":{"rendered":"<p>Na\u0161e extra m\u00edchan\u00e1 vejce s olivami a okurkami se skl\u00e1daj\u00ed z <a href=\"https:\/\/aceitunaschiconlebron.com\/catalogo\/revuelto-extra-aceitunas-encurtidos\/\" target=\"_blank\" rel=\"noopener noreferrer nofollow\">oliv<\/a> manzanilla, okurky, cibule a mrkve.<\/p>\n<p>Tato kombinace oliv a nakl\u00e1dan\u00fdch okurek umo\u017e\u0148uje vychutnat si nep\u0159ekonatelnou chu\u0165 tapas nebo p\u0159edkrm\u016f.<\/p>\n<p>Je to velmi zdrav\u00fd dopln\u011bk na\u0161\u00ed tradi\u010dn\u00ed v\u00fd\u017eivn\u00e9 st\u0159edomo\u0159sk\u00e9 stravy.<\/p>\n<p>Nakl\u00e1dan\u00e9 okurky se z prastar\u00e9 techniky uchov\u00e1v\u00e1n\u00ed potravin na cel\u00e9m sv\u011bt\u011b staly jedn\u00edm z nejobl\u00edben\u011bj\u0161\u00edch tapas nebo p\u0159edkrm\u016f ve \u0161pan\u011blsk\u00e9 gastronomii.<\/p>\n<h3><strong>V\u00fdhody produktu Scrambled Extra<\/strong><\/h3>\n<p>V\u011bd\u011bli jste, jak\u00e9 jsou v\u00fdhody Revuelto Extra a nakl\u00e1dan\u00fdch okurek obecn\u011b? Zde je seznam t\u011bch nejd\u016fle\u017eit\u011bj\u0161\u00edch: <\/p>\n<ul>\n<li>Bohat\u00e9 na probiotika.<\/li>\n<li>Napom\u00e1haj\u00ed tr\u00e1ven\u00ed.<\/li>\n<li>Posiluj\u00ed imunitn\u00ed syst\u00e9m.<\/li>\n<li>Sni\u017euj\u00ed chu\u0165 na cukr.<\/li>\n<li>P\u0159\u00edzniv\u00e9 pro \u017elu\u010dn\u00edk.<\/li>\n<\/ul>\n<p>Pokud si chcete koupit olivy nebo jak\u00fdkoli jin\u00fd druh <a href=\"https:\/\/latiendadesami.com\/categoria-producto\/encurtidos\/\" rel=\"noopener noreferrer nofollow\" target=\"_blank\">nakl\u00e1dan\u00e9 zeleniny<\/a>, nev\u00e1hejte se pod\u00edvat do na\u0161eho online katalogu a prohl\u00e9dnout si \u0161irokou nab\u00eddku <a href=\"https:\/\/latiendadesami.com\/categoria-producto\/encurtidos\/aceitunas\/\" target=\"_blank\" rel=\"noopener noreferrer nofollow\">oliv<\/a>.<\/p>\n","protected":false},"excerpt":{"rendered":"<p>Na\u0161e extra m\u00edchan\u00e1 vejce s olivami a okurkami se skl\u00e1daj\u00ed z oliv manzanilla, okurky, cibule a mrkve. Tato kombinace oliv a nakl\u00e1dan\u00fdch okurek umo\u017e\u0148uje vychutnat si nep\u0159ekonatelnou chu\u0165 tapas nebo p\u0159edkrm\u016f. Je to velmi zdrav\u00fd dopln\u011bk na\u0161\u00ed tradi\u010dn\u00ed v\u00fd\u017eivn\u00e9 st\u0159edomo\u0159sk\u00e9 stravy. Nakl\u00e1dan\u00e9 okurky se z prastar\u00e9 techniky uchov\u00e1v\u00e1n\u00ed potravin na cel\u00e9m sv\u011bt\u011b staly jedn\u00edm z [&hellip;]<\/p>\n","protected":false},"featured_media":50819,"template":"","meta":{"_et_pb_use_builder":"","_et_pb_old_content":"","_et_gb_content_width":""},"product_brand":[1036],"product_cat":[1780,1778],"product_tag":[8166],"class_list":{"0":"post-51073","1":"product","2":"type-product","3":"status-publish","4":"has-post-thumbnail","6":"product_brand-chicon","7":"product_cat-olivy-cs","8":"product_cat-pickles-cs","9":"product_tag-michana-vejce","11":"first","12":"instock","13":"taxable","14":"shipping-taxable","15":"purchasable","16":"product-type-variable"},"_links":{"self":[{"href":"https:\/\/myspainfood.com\/cs\/wp-json\/wp\/v2\/product\/51073","targetHints":{"allow":["GET"]}}],"collection":[{"href":"https:\/\/myspainfood.com\/cs\/wp-json\/wp\/v2\/product"}],"about":[{"href":"https:\/\/myspainfood.com\/cs\/wp-json\/wp\/v2\/types\/product"}],"wp:featuredmedia":[{"embeddable":true,"href":"https:\/\/myspainfood.com\/cs\/wp-json\/wp\/v2\/media\/50819"}],"wp:attachment":[{"href":"https:\/\/myspainfood.com\/cs\/wp-json\/wp\/v2\/media?parent=51073"}],"wp:term":[{"taxonomy":"product_brand","embeddable":true,"href":"https:\/\/myspainfood.com\/cs\/wp-json\/wp\/v2\/product_brand?post=51073"},{"taxonomy":"product_cat","embeddable":true,"href":"https:\/\/myspainfood.com\/cs\/wp-json\/wp\/v2\/product_cat?post=51073"},{"taxonomy":"product_tag","embeddable":true,"href":"https:\/\/myspainfood.com\/cs\/wp-json\/wp\/v2\/product_tag?post=51073"}],"curies":[{"name":"wp","href":"https:\/\/api.w.org\/{rel}","templated":true}]}}