{"id":52426,"date":"2025-05-23T12:58:14","date_gmt":"2025-05-23T10:58:14","guid":{"rendered":"https:\/\/myspainfood.com\/producto\/alyan-dubai-pistaciova-cokolada-100-gramu\/"},"modified":"2026-01-29T13:16:51","modified_gmt":"2026-01-29T12:16:51","slug":"alyan-dubai-pistaciova-cokolada-100-gramu","status":"publish","type":"product","link":"https:\/\/myspainfood.com\/cs\/producto\/alyan-dubai-pistaciova-cokolada-100-gramu\/","title":{"rendered":"Alyan Dubai pist\u00e1ciov\u00e1 \u010dokol\u00e1da 100 gram\u016f"},"content":{"rendered":"<p>Ml\u00e9\u010dn\u00e1 \u010dokol\u00e1da pln\u011bn\u00e1 pist\u00e1ciemi a kunafou. Slo\u017een\u00ed: <\/p>\n<p>Pist\u00e1ciov\u00e1 pasta 45 % [cukr, pist\u00e1cie (30 %), rostlinn\u00fd olej (pln\u011b hydrogenovan\u00fd palmov\u00fd, bavln\u00edkov\u00fd a slune\u010dnicov\u00fd olej), odst\u0159ed\u011bn\u00e9 ml\u00e9ko, emulg\u00e1tor (slune\u010dnicov\u00fd lecitin), aromata (ml\u00e9ko, vanilin)],<\/p>\n<p>Ml\u00e9\u010dn\u00e1 \u010dokol\u00e1da 45 % [cukr, kakaov\u00e9 m\u00e1slo, su\u0161en\u00e9 plnotu\u010dn\u00e9 ml\u00e9ko, kakaov\u00e1 hmota, su\u0161en\u00e9 odst\u0159ed\u011bn\u00e9 ml\u00e9ko, su\u0161en\u00e1 syrov\u00e1tka, emulg\u00e1tor (fosfatidy amonn\u00e9, polyglycerolpolyricinole\u00e1t, slune\u010dnicov\u00fd lecitin), aroma (vanilin)],<\/p>\n<p>Kunafa 10% [p\u0161enice (obsahuje lepek), voda], konzerva\u010dn\u00ed l\u00e1tky (sorban draseln\u00fd, propionan v\u00e1penat\u00fd).<\/p>\n<p>Alergeny: ml\u00e9ko, p\u0161enice a pist\u00e1cie. M\u016f\u017ee obsahovat stopy jin\u00fdch o\u0159ech\u016f, ara\u0161\u00edd\u016f a vajec. <\/p>\n","protected":false},"excerpt":{"rendered":"<p>Ml\u00e9\u010dn\u00e1 \u010dokol\u00e1da pln\u011bn\u00e1 pist\u00e1ciemi a kunafou. Slo\u017een\u00ed: Pist\u00e1ciov\u00e1 pasta 45 % [cukr, pist\u00e1cie (30 %), rostlinn\u00fd olej (pln\u011b hydrogenovan\u00fd palmov\u00fd, bavln\u00edkov\u00fd a slune\u010dnicov\u00fd olej), odst\u0159ed\u011bn\u00e9 ml\u00e9ko, emulg\u00e1tor (slune\u010dnicov\u00fd lecitin), aromata (ml\u00e9ko, vanilin)], Ml\u00e9\u010dn\u00e1 \u010dokol\u00e1da 45 % [cukr, kakaov\u00e9 m\u00e1slo, su\u0161en\u00e9 plnotu\u010dn\u00e9 ml\u00e9ko, kakaov\u00e1 hmota, su\u0161en\u00e9 odst\u0159ed\u011bn\u00e9 ml\u00e9ko, su\u0161en\u00e1 syrov\u00e1tka, emulg\u00e1tor (fosfatidy amonn\u00e9, polyglycerolpolyricinole\u00e1t, slune\u010dnicov\u00fd lecitin), [&hellip;]<\/p>\n","protected":false},"featured_media":52360,"template":"","meta":{"_et_pb_use_builder":"","_et_pb_old_content":"","_et_gb_content_width":""},"product_brand":[],"product_cat":[1935],"product_tag":[],"class_list":{"0":"post-52426","1":"product","2":"type-product","3":"status-publish","4":"has-post-thumbnail","6":"product_cat-zachovava","8":"first","9":"instock","10":"featured","11":"taxable","12":"shipping-taxable","13":"purchasable","14":"product-type-variable"},"_links":{"self":[{"href":"https:\/\/myspainfood.com\/cs\/wp-json\/wp\/v2\/product\/52426","targetHints":{"allow":["GET"]}}],"collection":[{"href":"https:\/\/myspainfood.com\/cs\/wp-json\/wp\/v2\/product"}],"about":[{"href":"https:\/\/myspainfood.com\/cs\/wp-json\/wp\/v2\/types\/product"}],"wp:featuredmedia":[{"embeddable":true,"href":"https:\/\/myspainfood.com\/cs\/wp-json\/wp\/v2\/media\/52360"}],"wp:attachment":[{"href":"https:\/\/myspainfood.com\/cs\/wp-json\/wp\/v2\/media?parent=52426"}],"wp:term":[{"taxonomy":"product_brand","embeddable":true,"href":"https:\/\/myspainfood.com\/cs\/wp-json\/wp\/v2\/product_brand?post=52426"},{"taxonomy":"product_cat","embeddable":true,"href":"https:\/\/myspainfood.com\/cs\/wp-json\/wp\/v2\/product_cat?post=52426"},{"taxonomy":"product_tag","embeddable":true,"href":"https:\/\/myspainfood.com\/cs\/wp-json\/wp\/v2\/product_tag?post=52426"}],"curies":[{"name":"wp","href":"https:\/\/api.w.org\/{rel}","templated":true}]}}