{"id":57144,"date":"2025-04-10T12:05:35","date_gmt":"2025-04-10T10:05:35","guid":{"rendered":"https:\/\/myspainfood.com\/producto\/auberginefylte-gordal-oliven-45-kg\/"},"modified":"2025-04-10T12:05:35","modified_gmt":"2025-04-10T10:05:35","slug":"auberginefylte-gordal-oliven-45-kg","status":"publish","type":"product","link":"https:\/\/myspainfood.com\/cs\/producto\/auberginefylte-gordal-oliven-45-kg\/","title":{"rendered":"Auberginefylte Gordal-oliven 4,5 kg"},"content":{"rendered":"<p>Gordal-oliven fylt med auberginer av sorten gordal fylt med v\u00e5re tradisjonelle <a href=\"https:\/\/www.laencajera.es\/aceitunas\" target=\"_blank\" rel=\"noopener noreferrer nofollow\">Almagro-auberginer<\/a>.<\/p>\n<p>En av de mest popul\u00e6re variantene. De er ideelle som aperitiff.   <\/p>\n<p>Ingredienser: NTES: (E-621, E-631, E-627): Gordal-oliven med groper, aubergine \u201eDe Almagro\u201c, vann, salt, vineddik, kvernet spisskummen, paprika de la Vera, oregano, smaksforsterker, syrningsmiddel (E-330), konserveringsmidler (E-260, E-211, E-202), antioksidant (E-300) og naturlige essenser (essens av pepper, essens av hvitl\u00f8k, essens av spisskummen). Kan inneholde sulfitter.   <\/p>\n<p>Oppbevares p\u00e5 et kj\u00f8lig, t\u00f8rt sted, mellom 3\u00baC og 10\u00baC.<\/p>\n<p>Beskytt mot sollys og sterk lukt.<\/p>\n<p>Gordal-oliven fylt med aubergine, oppbevares i kj\u00f8leskap og konsumeres innen 30 dager etter at den er \u00e5pnet.<\/p>\n<p>Hvis du \u00f8nsker \u00e5 kj\u00f8pe oliven eller andre typer <a href=\"https:\/\/latiendadesami.com\/categoria-producto\/encurtidos\/\" rel=\"noopener noreferrer nofollow\" target=\"_blank\">sylteagurk<\/a>, kan du ta en titt p\u00e5 v\u00e5r online katalog for \u00e5 se det store utvalget av <a href=\"https:\/\/latiendadesami.com\/categoria-producto\/encurtidos\/berenjenas\/\" target=\"_blank\" rel=\"noopener noreferrer nofollow\">auberginer<\/a> vi har.<\/p>\n<p>Merket er La Encajonera, en familiebedrift som ble grunnlagt i 1990, og som ligger i hjertet av La Mancha, i byen ALMAGRO i provinsen Ciudad Real.<\/p>\n<p>Produksjonsprosessen for produktene starter i det samme dyrkingsomr\u00e5det, der man velger ut de beste kvalitetsproduktene.<\/p>\n<p>Tov\u00e1rna je zalo\u017eena na nejmodern\u011bj\u0161\u00edch technologi\u00edch spolu s nejnov\u011bj\u0161\u00edmi tradicemi a know-how.<\/p>\n","protected":false},"excerpt":{"rendered":"<p>Gordal-oliven fylt med auberginer av sorten gordal fylt med v\u00e5re tradisjonelle Almagro-auberginer. En av de mest popul\u00e6re variantene. De er ideelle som aperitiff. Ingredienser: NTES: (E-621, E-631, E-627): Gordal-oliven med groper, aubergine \u201eDe Almagro\u201c, vann, salt, vineddik, kvernet spisskummen, paprika de la Vera, oregano, smaksforsterker, syrningsmiddel (E-330), konserveringsmidler (E-260, E-211, E-202), antioksidant (E-300) og naturlige [&hellip;]<\/p>\n","protected":false},"featured_media":0,"template":"","meta":{"_et_pb_use_builder":"","_et_pb_old_content":"","_et_gb_content_width":""},"product_brand":[],"product_cat":[15],"product_tag":[],"class_list":{"0":"post-57144","1":"product","2":"type-product","3":"status-publish","5":"product_cat-uncategorized","7":"first","8":"instock","9":"taxable","10":"shipping-taxable","11":"purchasable","12":"product-type-simple"},"_links":{"self":[{"href":"https:\/\/myspainfood.com\/cs\/wp-json\/wp\/v2\/product\/57144","targetHints":{"allow":["GET"]}}],"collection":[{"href":"https:\/\/myspainfood.com\/cs\/wp-json\/wp\/v2\/product"}],"about":[{"href":"https:\/\/myspainfood.com\/cs\/wp-json\/wp\/v2\/types\/product"}],"wp:attachment":[{"href":"https:\/\/myspainfood.com\/cs\/wp-json\/wp\/v2\/media?parent=57144"}],"wp:term":[{"taxonomy":"product_brand","embeddable":true,"href":"https:\/\/myspainfood.com\/cs\/wp-json\/wp\/v2\/product_brand?post=57144"},{"taxonomy":"product_cat","embeddable":true,"href":"https:\/\/myspainfood.com\/cs\/wp-json\/wp\/v2\/product_cat?post=57144"},{"taxonomy":"product_tag","embeddable":true,"href":"https:\/\/myspainfood.com\/cs\/wp-json\/wp\/v2\/product_tag?post=57144"}],"curies":[{"name":"wp","href":"https:\/\/api.w.org\/{rel}","templated":true}]}}