{"id":62727,"date":"2025-10-10T12:25:50","date_gmt":"2025-10-10T10:25:50","guid":{"rendered":"https:\/\/myspainfood.com\/producto\/gildas-de-cecina-bokeo-45-jednotek\/"},"modified":"2025-10-10T12:25:50","modified_gmt":"2025-10-10T10:25:50","slug":"gildas-de-cecina-bokeo-45-jednotek","status":"publish","type":"product","link":"https:\/\/myspainfood.com\/cs\/producto\/gildas-de-cecina-bokeo-45-jednotek\/","title":{"rendered":"Gildas de Cecina Bokeo 45 jednotek"},"content":{"rendered":"<p>Olej (85 % slune\u010dnicov\u00fd, 15 % olivov\u00fd) a su\u0161en\u00e9 hov\u011bz\u00ed maso.<\/p>\n","protected":false},"excerpt":{"rendered":"<p>Olej (85 % slune\u010dnicov\u00fd, 15 % olivov\u00fd) a su\u0161en\u00e9 hov\u011bz\u00ed maso.<\/p>\n","protected":false},"featured_media":60044,"template":"","meta":{"_et_pb_use_builder":"","_et_pb_old_content":"","_et_gb_content_width":""},"product_brand":[1277],"product_cat":[2063,1868,2299,11067,1778,1870],"product_tag":[],"class_list":{"0":"post-62727","1":"product","2":"type-product","3":"status-publish","4":"has-post-thumbnail","6":"product_brand-bokeo","7":"product_cat-banderillas-cs","8":"product_cat-cold-cs","9":"product_cat-klobasa-cs","10":"product_cat-novy-cs","11":"product_cat-pickles-cs","12":"product_cat-pintxos-cs","13":"product_shipping_class-preprava-za-studena","15":"first","16":"outofstock","17":"taxable","18":"shipping-taxable","19":"product-type-variable"},"_links":{"self":[{"href":"https:\/\/myspainfood.com\/cs\/wp-json\/wp\/v2\/product\/62727","targetHints":{"allow":["GET"]}}],"collection":[{"href":"https:\/\/myspainfood.com\/cs\/wp-json\/wp\/v2\/product"}],"about":[{"href":"https:\/\/myspainfood.com\/cs\/wp-json\/wp\/v2\/types\/product"}],"wp:featuredmedia":[{"embeddable":true,"href":"https:\/\/myspainfood.com\/cs\/wp-json\/wp\/v2\/media\/60044"}],"wp:attachment":[{"href":"https:\/\/myspainfood.com\/cs\/wp-json\/wp\/v2\/media?parent=62727"}],"wp:term":[{"taxonomy":"product_brand","embeddable":true,"href":"https:\/\/myspainfood.com\/cs\/wp-json\/wp\/v2\/product_brand?post=62727"},{"taxonomy":"product_cat","embeddable":true,"href":"https:\/\/myspainfood.com\/cs\/wp-json\/wp\/v2\/product_cat?post=62727"},{"taxonomy":"product_tag","embeddable":true,"href":"https:\/\/myspainfood.com\/cs\/wp-json\/wp\/v2\/product_tag?post=62727"}],"curies":[{"name":"wp","href":"https:\/\/api.w.org\/{rel}","templated":true}]}}