{"id":62877,"date":"2025-10-10T12:25:50","date_gmt":"2025-10-10T10:25:50","guid":{"rendered":"https:\/\/myspainfood.com\/producto\/sardinky-v-bio-olivovem-oleji-20-25-kusu-rias-baixas-115-gr\/"},"modified":"2025-10-10T12:25:50","modified_gmt":"2025-10-10T10:25:50","slug":"sardinky-v-bio-olivovem-oleji-20-25-kusu-rias-baixas-115-gr","status":"publish","type":"product","link":"https:\/\/myspainfood.com\/cs\/producto\/sardinky-v-bio-olivovem-oleji-20-25-kusu-rias-baixas-115-gr\/","title":{"rendered":"Sardinky v bio olivov\u00e9m oleji 20\/25 kus\u016f Rias Baixas 115 gr"},"content":{"rendered":"<p>Na\u0161e sardinky v konzerv\u00e1ch jsou vynikaj\u00edc\u00ed; maj\u00ed v\u016fni, intenzivn\u00ed chu\u0165, st\u0159\u00edb\u0159it\u00fd vzhled a perfektn\u00ed um\u00edst\u011bn\u00ed a prezentaci v konzerv\u011b. V\u00fdchoz\u00edm bodem je v\u017edy v\u00fdb\u011br t\u011bch nejlep\u0161\u00edch, nej\u010derstv\u011bj\u0161\u00edch a nejmen\u0161\u00edch sardinek z ryb\u00edho trhu (v ka\u017ed\u00e9 konzerv\u011b najdete 12 a\u017e 16 sardinek). <\/p>\n<p>V na\u0161\u00ed tov\u00e1rn\u011b v Moa\u00f1a (Pontevedra) odborn\u00edci z \u0159ad na\u0161ich zam\u011bstnanc\u016f odstra\u0148uj\u00ed hlavu a vykuch\u00e1vaj\u00ed ka\u017edou rybu zvl\u00e1\u0161\u0165. Pot\u00e9 se pe\u010dliv\u011b a precizn\u011b ope\u010dou v p\u00e1\u0159e a zabal\u00ed, aby po otev\u0159en\u00ed konzervy vypadaly co nejatraktivn\u011bji. T\u0159e\u0161ni\u010dkou na dortu je p\u0159\u00eddavek <strong>organick\u00e9ho extra panensk\u00e9ho olivov\u00e9ho oleje*<\/strong>. V\u00fdsledek je velkolep\u00fd a nyn\u00ed se o tom m\u016f\u017eete p\u0159esv\u011bd\u010dit sami.  <\/p>\n<p>Nezapome\u0148te, \u017ee doba zr\u00e1n\u00ed, kter\u00e1 m\u016f\u017ee trvat n\u011bkolik m\u011bs\u00edc\u016f a\u017e n\u011bkolik let, je z\u00e1sadn\u00ed, proto\u017ee chu\u0165 sardinek se zlep\u0161uje t\u00edm, jak olej pronik\u00e1 do ryby. Pravideln\u00e9 ot\u00e1\u010den\u00ed konzerv zajist\u00ed vynikaj\u00edc\u00ed a stejnom\u011brnou chu\u0165, kter\u00e1 uspokoj\u00ed i ty nejn\u00e1ro\u010dn\u011bj\u0161\u00ed chu\u0165ov\u00e9 bu\u0148ky. <\/p>\n<p>V posledn\u00edch letech si sardinky v konzerv\u011b z\u00edskaly velk\u00fd v\u011bhlas jako potravina s vysokou v\u00fd\u017eivovou hodnotou. Dalo by se \u0159\u00edci, \u017ee z hlediska v\u00fd\u017eivy z\u00edskaly sardinky zlatou medaili. Krom\u011b vitam\u00edn\u016f A, D, K a E obsahuj\u00ed vysokou koncentraci vitam\u00ednu B12. Jsou tak\u00e9 v\u00fdznamn\u00fdm zdrojem b\u00edlkovin, sod\u00edku, fosforu, j\u00f3du a v\u00e1pn\u00edku. A jsou bohat\u00e9 na omega 3 a kyselinu olejovou, co v\u00edc si p\u0159\u00e1t?    <\/p>\n","protected":false},"excerpt":{"rendered":"<p>Na\u0161e sardinky v konzerv\u00e1ch jsou vynikaj\u00edc\u00ed; maj\u00ed v\u016fni, intenzivn\u00ed chu\u0165, st\u0159\u00edb\u0159it\u00fd vzhled a perfektn\u00ed um\u00edst\u011bn\u00ed a prezentaci v konzerv\u011b. V\u00fdchoz\u00edm bodem je v\u017edy v\u00fdb\u011br t\u011bch nejlep\u0161\u00edch, nej\u010derstv\u011bj\u0161\u00edch a nejmen\u0161\u00edch sardinek z ryb\u00edho trhu (v ka\u017ed\u00e9 konzerv\u011b najdete 12 a\u017e 16 sardinek). V na\u0161\u00ed tov\u00e1rn\u011b v Moa\u00f1a (Pontevedra) odborn\u00edci z \u0159ad na\u0161ich zam\u011bstnanc\u016f odstra\u0148uj\u00ed hlavu a [&hellip;]<\/p>\n","protected":false},"featured_media":59410,"template":"","meta":{"_et_pb_use_builder":"","_et_pb_old_content":"","_et_gb_content_width":""},"product_brand":[11014],"product_cat":[11067,3796,1935],"product_tag":[],"class_list":{"0":"post-62877","1":"product","2":"type-product","3":"status-publish","4":"has-post-thumbnail","6":"product_brand-rias-baixas","7":"product_cat-novy-cs","8":"product_cat-sardinillas-cs","9":"product_cat-zachovava","11":"first","12":"instock","13":"featured","14":"taxable","15":"shipping-taxable","16":"purchasable","17":"product-type-variable"},"_links":{"self":[{"href":"https:\/\/myspainfood.com\/cs\/wp-json\/wp\/v2\/product\/62877","targetHints":{"allow":["GET"]}}],"collection":[{"href":"https:\/\/myspainfood.com\/cs\/wp-json\/wp\/v2\/product"}],"about":[{"href":"https:\/\/myspainfood.com\/cs\/wp-json\/wp\/v2\/types\/product"}],"wp:featuredmedia":[{"embeddable":true,"href":"https:\/\/myspainfood.com\/cs\/wp-json\/wp\/v2\/media\/59410"}],"wp:attachment":[{"href":"https:\/\/myspainfood.com\/cs\/wp-json\/wp\/v2\/media?parent=62877"}],"wp:term":[{"taxonomy":"product_brand","embeddable":true,"href":"https:\/\/myspainfood.com\/cs\/wp-json\/wp\/v2\/product_brand?post=62877"},{"taxonomy":"product_cat","embeddable":true,"href":"https:\/\/myspainfood.com\/cs\/wp-json\/wp\/v2\/product_cat?post=62877"},{"taxonomy":"product_tag","embeddable":true,"href":"https:\/\/myspainfood.com\/cs\/wp-json\/wp\/v2\/product_tag?post=62877"}],"curies":[{"name":"wp","href":"https:\/\/api.w.org\/{rel}","templated":true}]}}