{"id":62955,"date":"2025-10-10T12:25:49","date_gmt":"2025-10-10T10:25:49","guid":{"rendered":"https:\/\/myspainfood.com\/producto\/musle-v-nakladane-omacce-6-8-kusu-bio-olivovy-olej-rias-baixas-115-g\/"},"modified":"2025-10-10T12:25:49","modified_gmt":"2025-10-10T10:25:49","slug":"musle-v-nakladane-omacce-6-8-kusu-bio-olivovy-olej-rias-baixas-115-g","status":"publish","type":"product","link":"https:\/\/myspainfood.com\/cs\/producto\/musle-v-nakladane-omacce-6-8-kusu-bio-olivovy-olej-rias-baixas-115-g\/","title":{"rendered":"Mu\u0161le v nakl\u00e1dan\u00e9 om\u00e1\u010dce 6\/8 kus\u016f bio olivov\u00fd olej Rias Baixas 115 g"},"content":{"rendered":"<p>Sl\u00e1vky galicijsk\u00e9 (Mytilus galloprovincialis) se ji\u017e staly nejd\u016fle\u017eit\u011bj\u0161\u00edm p\u011bstovan\u00fdm druhem 21. stolet\u00ed ve \u0160pan\u011blsku. A n\u011bco na tom mus\u00ed b\u00fdt, kdy\u017e sl\u00e1vky z na\u0161ich b\u0159eh\u016f konzumovali ji\u017e obyvatel\u00e9 Kastrosu ve 4. stolet\u00ed p\u0159. n. l. a dnes je k uspokojen\u00ed rostouc\u00ed popt\u00e1vky na trhu pot\u0159eba v\u00edce ne\u017e 3 000 h\u0159iven sl\u00e1vek. <\/p>\n<p>CONSERVAS R\u00cdAS BAIXAS 1907 vyb\u00edr\u00e1 mu\u0161le z nejlep\u0161\u00edch nalezi\u0161\u0165 a trp\u011bliv\u011b vy\u010dk\u00e1v\u00e1 na spr\u00e1vn\u00fd okam\u017eik, kdy budou vyt\u011b\u017eeny, kdy\u017e jsou m\u011bkk\u00fd\u0161i v nejlep\u0161\u00ed f\u00e1zi zralosti. Rad\u011bji rozb\u00edj\u00edme z\u00e1soby, ne\u017e abychom v\u00e1m nab\u00edzeli nekvalitn\u00ed vyt\u0159en\u00e9 ml\u017ee. <\/p>\n<p>Mu\u0161le se po omyt\u00ed a o\u010di\u0161t\u011bn\u00ed va\u0159\u00ed v p\u00e1\u0159e a vousky se opatrn\u011b odstran\u00ed, aby se nepo\u0161kodily. Pot\u00e9 je sma\u017e\u00edme na kvalitn\u00edm oleji a po v\u00fdb\u011bru spr\u00e1vn\u00e9 velikosti je ru\u010dn\u011b bal\u00edme jednu po druh\u00e9, tak\u017ee po otev\u0159en\u00ed konzervy se v\u00e1m naskytne kr\u00e1sn\u00fd pohled na jeden z na\u0161ich hv\u011bzdn\u00fdch produkt\u016f. <\/p>\n<p>Dal\u0161\u00edm tajemstv\u00edm, d\u00edky n\u011bmu\u017e jsou na\u0161e mu\u0161le jedny z nejoce\u0148ovan\u011bj\u0161\u00edch na trhu, je n\u00e1\u0161 escabeche, kter\u00fd se vyr\u00e1b\u00ed ru\u010dn\u011b podle receptu zd\u011bd\u011bn\u00e9ho po generace. Pou\u017e\u00edv\u00e1me nejkvalitn\u011bj\u0161\u00ed papriku a \u010derven\u00fd vinn\u00fd ocet, bio extra panensk\u00fd olivov\u00fd olej* a dopl\u0148ujeme ho p\u0159\u00edrodn\u00edmi bobkov\u00fdmi listy. <\/p>\n<p>A jak ji\u017e pravd\u011bpodobn\u011b v\u00edte, galicijsk\u00e9 mu\u0161le jsou vynikaj\u00edc\u00edm zdrojem kvalitn\u00edch b\u00edlkovin, jejich\u017e nutri\u010dn\u00ed hodnoty jsou podobn\u00e9 jako u humra nebo \u0161tikozubce. Krom\u011b bohat\u00e9ho obsahu b\u00edlkovin v\u0161ak maj\u00ed i m\u00e1lo kalori\u00ed a jsou bohat\u00e9 na vitamin A, vitaminy skupiny B, vitamin C, E a K a tak\u00e9 na miner\u00e1ln\u00ed l\u00e1tky: v\u00e1pn\u00edk, m\u011b\u010f, fosfor, \u017eelezo, ho\u0159\u010d\u00edk, mangan, drasl\u00edk, selen, sod\u00edk, j\u00f3d a zinek. <\/p>\n","protected":false},"excerpt":{"rendered":"<p>Sl\u00e1vky galicijsk\u00e9 (Mytilus galloprovincialis) se ji\u017e staly nejd\u016fle\u017eit\u011bj\u0161\u00edm p\u011bstovan\u00fdm druhem 21. stolet\u00ed ve \u0160pan\u011blsku. A n\u011bco na tom mus\u00ed b\u00fdt, kdy\u017e sl\u00e1vky z na\u0161ich b\u0159eh\u016f konzumovali ji\u017e obyvatel\u00e9 Kastrosu ve 4. stolet\u00ed p\u0159. n. l. a dnes je k uspokojen\u00ed rostouc\u00ed popt\u00e1vky na trhu pot\u0159eba v\u00edce ne\u017e 3 000 h\u0159iven sl\u00e1vek. CONSERVAS R\u00cdAS BAIXAS 1907 [&hellip;]<\/p>\n","protected":false},"featured_media":59361,"template":"","meta":{"_et_pb_use_builder":"","_et_pb_old_content":"","_et_gb_content_width":""},"product_brand":[11014],"product_cat":[4071,11067,1935],"product_tag":[],"class_list":{"0":"post-62955","1":"product","2":"type-product","3":"status-publish","4":"has-post-thumbnail","6":"product_brand-rias-baixas","7":"product_cat-musle-cs-2","8":"product_cat-novy-cs","9":"product_cat-zachovava","11":"first","12":"instock","13":"taxable","14":"shipping-taxable","15":"purchasable","16":"product-type-variable"},"_links":{"self":[{"href":"https:\/\/myspainfood.com\/cs\/wp-json\/wp\/v2\/product\/62955","targetHints":{"allow":["GET"]}}],"collection":[{"href":"https:\/\/myspainfood.com\/cs\/wp-json\/wp\/v2\/product"}],"about":[{"href":"https:\/\/myspainfood.com\/cs\/wp-json\/wp\/v2\/types\/product"}],"wp:featuredmedia":[{"embeddable":true,"href":"https:\/\/myspainfood.com\/cs\/wp-json\/wp\/v2\/media\/59361"}],"wp:attachment":[{"href":"https:\/\/myspainfood.com\/cs\/wp-json\/wp\/v2\/media?parent=62955"}],"wp:term":[{"taxonomy":"product_brand","embeddable":true,"href":"https:\/\/myspainfood.com\/cs\/wp-json\/wp\/v2\/product_brand?post=62955"},{"taxonomy":"product_cat","embeddable":true,"href":"https:\/\/myspainfood.com\/cs\/wp-json\/wp\/v2\/product_cat?post=62955"},{"taxonomy":"product_tag","embeddable":true,"href":"https:\/\/myspainfood.com\/cs\/wp-json\/wp\/v2\/product_tag?post=62955"}],"curies":[{"name":"wp","href":"https:\/\/api.w.org\/{rel}","templated":true}]}}