{"id":63003,"date":"2025-10-10T12:25:49","date_gmt":"2025-10-10T10:25:49","guid":{"rendered":"https:\/\/myspainfood.com\/producto\/skeble-britva-z-finisterre-v-rias-baixas-bio-olivovy-olej-115-g\/"},"modified":"2025-10-10T12:25:49","modified_gmt":"2025-10-10T10:25:49","slug":"skeble-britva-z-finisterre-v-rias-baixas-bio-olivovy-olej-115-g","status":"publish","type":"product","link":"https:\/\/myspainfood.com\/cs\/producto\/skeble-britva-z-finisterre-v-rias-baixas-bio-olivovy-olej-115-g\/","title":{"rendered":"\u0160keble b\u0159itva z Finisterre v Rias Baixas bio olivov\u00fd olej 115 g"},"content":{"rendered":"<p>\u0160keble \u017eiletkov\u00e9 se t\u011b\u017e\u00ed na mnoha m\u00edstech na\u0161ich kr\u00e1sn\u00fdch \u0159ek, ale ze v\u0161ech je jedno, kde \u0161keble \u017eiletkov\u00e9 a longueirones dosahuj\u00ed nejvy\u0161\u0161\u00ed kvality: Finisterre (Fisterra). A proto\u017ee tomu nem\u016f\u017ee b\u00fdt jinak, ve spole\u010dnosti CONSERVAS R\u00cdAS BAIXAS 1907 nakupujeme \u0161keble \u017eiletkov\u00e9 pouze z t\u011bchto rajsk\u00fdch pl\u00e1\u017e\u00ed, a to pouze ty, kter\u00e9 jsou vyloveny jeden po druh\u00e9m voln\u00fdmi pot\u00e1p\u011b\u010di, aby bylo zaji\u0161t\u011bno zachov\u00e1n\u00ed p\u0159\u00edrodn\u00edho prost\u0159ed\u00ed a aby si tuto pochoutku mohly vychutnat i budouc\u00ed generace. <\/p>\n<p>\u010cerstv\u00e9 \u017eiletky se \u010dist\u00ed ve slan\u00e9 vod\u011b, aby se z nich odstranil zbytek p\u00edsku, a pot\u00e9 se pe\u010dliv\u011b bal\u00ed v na\u0161ich z\u00e1vodech v Moa\u0148i.<\/p>\n<p>A p\u0159esto\u017ee jsou \u0161keble Finisterre delikatesou samy o sob\u011b, rozhodli jsme se je pod\u00e1vat v bio extra panensk\u00e9m olivov\u00e9m oleji*. V\u00fdsledek je velkolep\u00fd a my v\u00e1s zveme k jeho ochutn\u00e1n\u00ed. <\/p>\n<p>Krom\u011b toho maj\u00ed \u0161keble velmi n\u00edzk\u00fd obsah kalori\u00ed a lipid\u016f. Na druhou stranu jsou \u0161keble bohat\u00e9 na polynenasycen\u00e9 mastn\u00e9 kyseliny OMEGA 3, a proto se jejich konzumace velmi doporu\u010duje. <\/p>\n","protected":false},"excerpt":{"rendered":"<p>\u0160keble \u017eiletkov\u00e9 se t\u011b\u017e\u00ed na mnoha m\u00edstech na\u0161ich kr\u00e1sn\u00fdch \u0159ek, ale ze v\u0161ech je jedno, kde \u0161keble \u017eiletkov\u00e9 a longueirones dosahuj\u00ed nejvy\u0161\u0161\u00ed kvality: Finisterre (Fisterra). A proto\u017ee tomu nem\u016f\u017ee b\u00fdt jinak, ve spole\u010dnosti CONSERVAS R\u00cdAS BAIXAS 1907 nakupujeme \u0161keble \u017eiletkov\u00e9 pouze z t\u011bchto rajsk\u00fdch pl\u00e1\u017e\u00ed, a to pouze ty, kter\u00e9 jsou vyloveny jeden po druh\u00e9m [&hellip;]<\/p>\n","protected":false},"featured_media":59288,"template":"","meta":{"_et_pb_use_builder":"","_et_pb_old_content":"","_et_gb_content_width":""},"product_brand":[11014],"product_cat":[11067,1935,7667],"product_tag":[],"class_list":{"0":"post-63003","1":"product","2":"type-product","3":"status-publish","4":"has-post-thumbnail","6":"product_brand-rias-baixas","7":"product_cat-novy-cs","8":"product_cat-zachovava","9":"product_cat-ziletky-cs","11":"first","12":"instock","13":"taxable","14":"shipping-taxable","15":"purchasable","16":"product-type-variable"},"_links":{"self":[{"href":"https:\/\/myspainfood.com\/cs\/wp-json\/wp\/v2\/product\/63003","targetHints":{"allow":["GET"]}}],"collection":[{"href":"https:\/\/myspainfood.com\/cs\/wp-json\/wp\/v2\/product"}],"about":[{"href":"https:\/\/myspainfood.com\/cs\/wp-json\/wp\/v2\/types\/product"}],"wp:featuredmedia":[{"embeddable":true,"href":"https:\/\/myspainfood.com\/cs\/wp-json\/wp\/v2\/media\/59288"}],"wp:attachment":[{"href":"https:\/\/myspainfood.com\/cs\/wp-json\/wp\/v2\/media?parent=63003"}],"wp:term":[{"taxonomy":"product_brand","embeddable":true,"href":"https:\/\/myspainfood.com\/cs\/wp-json\/wp\/v2\/product_brand?post=63003"},{"taxonomy":"product_cat","embeddable":true,"href":"https:\/\/myspainfood.com\/cs\/wp-json\/wp\/v2\/product_cat?post=63003"},{"taxonomy":"product_tag","embeddable":true,"href":"https:\/\/myspainfood.com\/cs\/wp-json\/wp\/v2\/product_tag?post=63003"}],"curies":[{"name":"wp","href":"https:\/\/api.w.org\/{rel}","templated":true}]}}