{"id":63157,"date":"2025-10-10T12:25:49","date_gmt":"2025-10-10T10:25:49","guid":{"rendered":"https:\/\/myspainfood.com\/producto\/mali-uhori-v-bio-olivovem-oleji-rias-baixas-110-g\/"},"modified":"2026-01-29T11:18:21","modified_gmt":"2026-01-29T10:18:21","slug":"mali-uhori-v-bio-olivovem-oleji-rias-baixas-110-g","status":"publish","type":"product","link":"https:\/\/myspainfood.com\/cs\/producto\/mali-uhori-v-bio-olivovem-oleji-rias-baixas-110-g\/","title":{"rendered":"Mal\u00ed \u00faho\u0159i v bio olivov\u00e9m oleji Rias Baixas 110 g"},"content":{"rendered":"<p>Jak pravd\u011bpodobn\u011b v\u00edte, \u00faho\u0159 sklen\u011bn\u00fd je ml\u00e1d\u011b \u00faho\u0159e. Jejich dobrodru\u017estv\u00ed za\u010d\u00edn\u00e1 v Sargasov\u00e9m mo\u0159i uprost\u0159ed Karibiku, kde se \u00faho\u0159i t\u0159ou a l\u00edhnou se z nich jikry, kter\u00e9 se n\u00e1sleduj\u00edc\u00ed t\u0159i roky budou pohybovat pod\u00e9l Golfsk\u00e9ho proudu, dokud se nedostanou do evropsk\u00fdch \u0159ek. Sklen\u011bn\u00ed \u00faho\u0159i se shroma\u017e\u010fuj\u00ed ve velk\u00fdch skupin\u00e1ch v \u00fast\u00edch \u0159ek a plavou proti proudu, dokud se z nich nestanou dosp\u011bl\u00ed jedinci. A nejzaj\u00edmav\u011bj\u0161\u00ed na tom je, \u017ee ka\u017ed\u00fd \u00faho\u0159 p\u0159iplouv\u00e1 do stejn\u00e9 \u0159eky, ze kter\u00e9 se vyno\u0159ili jeho rodi\u010de. Po uloven\u00ed ka\u017ed\u00fd jedinec obvykle v\u00e1\u017e\u00ed 1 g a m\u011b\u0159\u00ed necel\u00fdch 8 cm.     <\/p>\n<p>Je samoz\u0159ejm\u00e9, \u017ee tak k\u0159ehk\u00e1 a cenn\u00e1 ryba je p\u0159i p\u0159eprav\u011b do z\u00e1vodu, p\u0159i va\u0159en\u00ed a konzervov\u00e1n\u00ed o\u0161et\u0159ov\u00e1na s maxim\u00e1ln\u00ed p\u00e9\u010d\u00ed a jemnost\u00ed. P\u0159edstavujeme ji podle tradi\u010dn\u00edho receptu na tuto delikatesu, s velkorys\u00fdm pikantn\u00edm n\u00e1dechem, kter\u00fd j\u00ed dod\u00e1v\u00e1 p\u0159\u00edrodn\u00ed chilli papri\u010dka, a zalitou bio extra panensk\u00fdm olivov\u00fdm olejem*. <\/p>\n<p>Krom\u011b chuti, kter\u00e1 je pro mnoh\u00e9 odborn\u00edky nep\u0159ekonateln\u00e1, jsou lososy produktem s velmi vysokou v\u00fd\u017eivovou hodnotou. Jedn\u00e1 se toti\u017e o nejtu\u010dn\u011bj\u0161\u00ed zn\u00e1mou olejnatou rybu a obsahuje velk\u00e9 mno\u017estv\u00ed b\u00edlkovin (16,3 g na 100 g). Poskytuje tak\u00e9 zaj\u00edmav\u00e9 mno\u017estv\u00ed n\u011bkter\u00fdch miner\u00e1ln\u00edch l\u00e1tek, jako je fosfor a drasl\u00edk, kter\u00e9 podporuj\u00ed zdrav\u00ed na\u0161ich ledvin a nervov\u00e9ho syst\u00e9mu. Nejv\u00fdznamn\u011bj\u0161\u00ed vlastnost\u00ed je v\u0161ak velmi vysok\u00fd pod\u00edl vitaminu A, kter\u00fd m\u00e1 mimo jin\u00e9 p\u0159\u00edzniv\u00e9 \u00fa\u010dinky na zdrav\u00ed o\u010d\u00ed a zraku.   <\/p>\n","protected":false},"excerpt":{"rendered":"<p>Jak pravd\u011bpodobn\u011b v\u00edte, \u00faho\u0159 sklen\u011bn\u00fd je ml\u00e1d\u011b \u00faho\u0159e. Jejich dobrodru\u017estv\u00ed za\u010d\u00edn\u00e1 v Sargasov\u00e9m mo\u0159i uprost\u0159ed Karibiku, kde se \u00faho\u0159i t\u0159ou a l\u00edhnou se z nich jikry, kter\u00e9 se n\u00e1sleduj\u00edc\u00ed t\u0159i roky budou pohybovat pod\u00e9l Golfsk\u00e9ho proudu, dokud se nedostanou do evropsk\u00fdch \u0159ek. Sklen\u011bn\u00ed \u00faho\u0159i se shroma\u017e\u010fuj\u00ed ve velk\u00fdch skupin\u00e1ch v \u00fast\u00edch \u0159ek a plavou proti [&hellip;]<\/p>\n","protected":false},"featured_media":59142,"template":"","meta":{"_et_pb_use_builder":"","_et_pb_old_content":"","_et_gb_content_width":""},"product_brand":[11014],"product_cat":[11067,1935],"product_tag":[],"class_list":{"0":"post-63157","1":"product","2":"type-product","3":"status-publish","4":"has-post-thumbnail","6":"product_brand-rias-baixas","7":"product_cat-novy-cs","8":"product_cat-zachovava","10":"first","11":"instock","12":"taxable","13":"shipping-taxable","14":"purchasable","15":"product-type-variable"},"_links":{"self":[{"href":"https:\/\/myspainfood.com\/cs\/wp-json\/wp\/v2\/product\/63157","targetHints":{"allow":["GET"]}}],"collection":[{"href":"https:\/\/myspainfood.com\/cs\/wp-json\/wp\/v2\/product"}],"about":[{"href":"https:\/\/myspainfood.com\/cs\/wp-json\/wp\/v2\/types\/product"}],"wp:featuredmedia":[{"embeddable":true,"href":"https:\/\/myspainfood.com\/cs\/wp-json\/wp\/v2\/media\/59142"}],"wp:attachment":[{"href":"https:\/\/myspainfood.com\/cs\/wp-json\/wp\/v2\/media?parent=63157"}],"wp:term":[{"taxonomy":"product_brand","embeddable":true,"href":"https:\/\/myspainfood.com\/cs\/wp-json\/wp\/v2\/product_brand?post=63157"},{"taxonomy":"product_cat","embeddable":true,"href":"https:\/\/myspainfood.com\/cs\/wp-json\/wp\/v2\/product_cat?post=63157"},{"taxonomy":"product_tag","embeddable":true,"href":"https:\/\/myspainfood.com\/cs\/wp-json\/wp\/v2\/product_tag?post=63157"}],"curies":[{"name":"wp","href":"https:\/\/api.w.org\/{rel}","templated":true}]}}