{"id":63192,"date":"2025-10-10T12:25:49","date_gmt":"2025-10-10T10:25:49","guid":{"rendered":"https:\/\/myspainfood.com\/producto\/sardelove-file-kantabrijska-sardel-300-g-picarpicar-kulata-konzerva-baleni-16-kusu\/"},"modified":"2025-10-10T12:25:49","modified_gmt":"2025-10-10T10:25:49","slug":"sardelove-file-kantabrijska-sardel-300-g-picarpicar-kulata-konzerva-baleni-16-kusu","status":"publish","type":"product","link":"https:\/\/myspainfood.com\/cs\/producto\/sardelove-file-kantabrijska-sardel-300-g-picarpicar-kulata-konzerva-baleni-16-kusu\/","title":{"rendered":"Sardelov\u00e9 fil\u00e9 Kantabrijsk\u00e1 sardel-300 g-Picar&amp;Picar Kulat\u00e1 konzerva - balen\u00ed 16 kus\u016f"},"content":{"rendered":"","protected":false},"excerpt":{"rendered":"","protected":false},"featured_media":59117,"template":"","meta":{"_et_pb_use_builder":"","_et_pb_old_content":"","_et_gb_content_width":""},"product_brand":[1127],"product_cat":[1897,1868,11067],"product_tag":[],"class_list":{"0":"post-63192","1":"product","2":"type-product","3":"status-publish","4":"has-post-thumbnail","6":"product_brand-picarpicar","7":"product_cat-ancovicky-cs-2","8":"product_cat-cold-cs","9":"product_cat-novy-cs","10":"product_shipping_class-preprava-za-studena","12":"first","13":"instock","14":"taxable","15":"shipping-taxable","16":"purchasable","17":"product-type-simple"},"_links":{"self":[{"href":"https:\/\/myspainfood.com\/cs\/wp-json\/wp\/v2\/product\/63192","targetHints":{"allow":["GET"]}}],"collection":[{"href":"https:\/\/myspainfood.com\/cs\/wp-json\/wp\/v2\/product"}],"about":[{"href":"https:\/\/myspainfood.com\/cs\/wp-json\/wp\/v2\/types\/product"}],"wp:featuredmedia":[{"embeddable":true,"href":"https:\/\/myspainfood.com\/cs\/wp-json\/wp\/v2\/media\/59117"}],"wp:attachment":[{"href":"https:\/\/myspainfood.com\/cs\/wp-json\/wp\/v2\/media?parent=63192"}],"wp:term":[{"taxonomy":"product_brand","embeddable":true,"href":"https:\/\/myspainfood.com\/cs\/wp-json\/wp\/v2\/product_brand?post=63192"},{"taxonomy":"product_cat","embeddable":true,"href":"https:\/\/myspainfood.com\/cs\/wp-json\/wp\/v2\/product_cat?post=63192"},{"taxonomy":"product_tag","embeddable":true,"href":"https:\/\/myspainfood.com\/cs\/wp-json\/wp\/v2\/product_tag?post=63192"}],"curies":[{"name":"wp","href":"https:\/\/api.w.org\/{rel}","templated":true}]}}