{"id":63415,"date":"2025-10-10T12:25:48","date_gmt":"2025-10-10T10:25:48","guid":{"rendered":"https:\/\/myspainfood.com\/producto\/la-barraca-prirodni-hrach-390-gr-syrovy\/"},"modified":"2025-10-10T12:25:48","modified_gmt":"2025-10-10T10:25:48","slug":"la-barraca-prirodni-hrach-390-gr-syrovy","status":"publish","type":"product","link":"https:\/\/myspainfood.com\/cs\/producto\/la-barraca-prirodni-hrach-390-gr-syrovy\/","title":{"rendered":"La Barraca p\u0159\u00edrodn\u00ed hr\u00e1ch 390 gr syrov\u00fd"},"content":{"rendered":"<p>Hr\u00e1ch la Barraca<\/p>\n<p>Slo\u017een\u00ed: Hr\u00e1ch, voda, cukr a s\u016fl.<\/p>\n","protected":false},"excerpt":{"rendered":"<p>Hr\u00e1ch velmi jemn\u00fd Extra<\/p>\n","protected":false},"featured_media":58994,"template":"","meta":{"_et_pb_use_builder":"","_et_pb_old_content":"","_et_gb_content_width":""},"product_brand":[11011],"product_cat":[11067,1935,3731],"product_tag":[],"class_list":{"0":"post-63415","1":"product","2":"type-product","3":"status-publish","4":"has-post-thumbnail","6":"product_brand-la-barraca","7":"product_cat-novy-cs","8":"product_cat-zachovava","9":"product_cat-zelenina-cs","11":"first","12":"instock","13":"taxable","14":"shipping-taxable","15":"purchasable","16":"product-type-variable"},"_links":{"self":[{"href":"https:\/\/myspainfood.com\/cs\/wp-json\/wp\/v2\/product\/63415","targetHints":{"allow":["GET"]}}],"collection":[{"href":"https:\/\/myspainfood.com\/cs\/wp-json\/wp\/v2\/product"}],"about":[{"href":"https:\/\/myspainfood.com\/cs\/wp-json\/wp\/v2\/types\/product"}],"wp:featuredmedia":[{"embeddable":true,"href":"https:\/\/myspainfood.com\/cs\/wp-json\/wp\/v2\/media\/58994"}],"wp:attachment":[{"href":"https:\/\/myspainfood.com\/cs\/wp-json\/wp\/v2\/media?parent=63415"}],"wp:term":[{"taxonomy":"product_brand","embeddable":true,"href":"https:\/\/myspainfood.com\/cs\/wp-json\/wp\/v2\/product_brand?post=63415"},{"taxonomy":"product_cat","embeddable":true,"href":"https:\/\/myspainfood.com\/cs\/wp-json\/wp\/v2\/product_cat?post=63415"},{"taxonomy":"product_tag","embeddable":true,"href":"https:\/\/myspainfood.com\/cs\/wp-json\/wp\/v2\/product_tag?post=63415"}],"curies":[{"name":"wp","href":"https:\/\/api.w.org\/{rel}","templated":true}]}}