{"id":16215,"date":"2025-04-08T08:43:07","date_gmt":"2025-04-08T06:43:07","guid":{"rendered":"https:\/\/myspainfood.com\/fortrolighedspolitik\/"},"modified":"2025-05-05T11:17:04","modified_gmt":"2025-05-05T09:17:04","slug":"fortrolighedspolitik","status":"publish","type":"page","link":"https:\/\/myspainfood.com\/da\/fortrolighedspolitik\/","title":{"rendered":"Fortrolighedspolitik"},"content":{"rendered":"\n<p>Velkommen til https:\/\/myspainfood.com (&#8220;webstedet&#8221;). Vi forst\u00e5r, at online-privatliv er vigtigt for brugere af vores websted, is\u00e6r n\u00e5r de handler. Denne erkl\u00e6ring regulerer vores privatlivspolitik med hensyn til de brugere af webstedet (&#8220;bes\u00f8gende&#8221;), der bes\u00f8ger uden at handle, og bes\u00f8gende, der registrerer sig for at handle p\u00e5 webstedet og g\u00f8re brug af de forskellige tjenester, der tilbydes af SUMINISTROS HOSTELEROS, S. L. (samlet kaldet &#8220;tjenester&#8221;) (&#8220;autoriserede kunder&#8221;).  <\/p>\n\n<p><strong>&#8220;Personligt identificerbare oplysninger<\/strong><\/p>\n\n<p>betyder alle oplysninger, der identificerer eller kan bruges til at identificere, kontakte eller lokalisere den person, som s\u00e5danne oplysninger vedr\u00f8rer, herunder, men ikke begr\u00e6nset til, navn, adresse, telefonnummer, faxnummer, e-mailadresse, \u00f8konomiske profiler, personnummer og kreditkortoplysninger. Personligt identificerbare oplysninger omfatter ikke oplysninger, der indsamles anonymt (dvs. uden at identificere den enkelte bruger) eller demografiske oplysninger, der ikke er knyttet til en identificeret person. <\/p>\n\n<p><strong>Hvilke personlige data indsamles?<\/strong><\/p>\n\n<p>Vi kan indsamle grundl\u00e6ggende brugerprofiloplysninger fra alle vores bes\u00f8gende. Vi indsamler f\u00f8lgende yderligere oplysninger fra vores autoriserede kunder: de autoriserede kunders navne, adresser, telefonnumre og e-mailadresser, virksomhedens art og st\u00f8rrelse samt arten og st\u00f8rrelsen af det reklameinventar, som den autoriserede kunde har til hensigt at k\u00f8be eller s\u00e6lge. <\/p>\n\n<p><strong>Hvilke organisationer indsamler oplysningerne?<\/strong><\/p>\n\n<p>Ud over vores direkte indsamling af oplysninger kan vores tredjepartsudbydere (f.eks. kreditkortselskaber, clearinghuse og banker), der kan levere tjenester som kredit-, forsikrings- og sp\u00e6rretjenester, indsamle disse oplysninger fra vores bes\u00f8gende og autoriserede kunder. Vi kontrollerer ikke, hvordan disse tredjeparter bruger s\u00e5danne oplysninger, men vi beder dem om at oplyse, hvordan de bruger personlige oplysninger, som bes\u00f8gende og autoriserede kunder har givet dem. Nogle af disse tredjeparter kan v\u00e6re mellemm\u00e6nd, der kun fungerer som led i distributionsk\u00e6den og ikke gemmer, opbevarer eller bruger de oplysninger, de f\u00e5r.  <\/p>\n\n<p><strong>Hvordan bruger hjemmesiden personligt identificerbare oplysninger?<\/strong><\/p>\n\n<p>Vi bruger personoplysninger til at personligg\u00f8re webstedet, levere passende tjenester og opfylde anmodninger om at k\u00f8be og s\u00e6lge p\u00e5 webstedet. Vi kan sende e-mails til bes\u00f8gende og autoriserede kunder om forskning eller k\u00f8bs- og salgsmuligheder p\u00e5 webstedet eller oplysninger relateret til emnet p\u00e5 webstedet. Vi kan ogs\u00e5 bruge persondata til at kontakte bes\u00f8gende og autoriserede kunder som svar p\u00e5 specifikke foresp\u00f8rgsler eller til at levere \u00f8nskede oplysninger.  <\/p>\n\n<p><strong>Hvem kan man dele oplysninger med?<\/strong><\/p>\n\n<p>Autoriserede kunders personlige data kan deles med andre autoriserede kunder, der \u00f8nsker at evaluere potentielle transaktioner med andre autoriserede kunder. Vi kan dele aggregerede oplysninger om vores bes\u00f8gende, herunder demografien for vores bes\u00f8gende og autoriserede kunder, med vores tilknyttede agenturer og tredjepartsleverand\u00f8rer. Vi tilbyder ogs\u00e5 muligheden for at &#8220;frav\u00e6lge&#8221; at modtage oplysninger eller blive kontaktet af os eller af et agentur, der handler p\u00e5 vores vegne.  <\/p>\n\n<p><strong>Hvordan opbevares personligt identificerbare oplysninger?<\/strong><\/p>\n\n<p>Personligt identificerbare oplysninger indsamlet af SUMINISTROS HOSTELEROS, S. L. opbevares sikkert og er ikke tilg\u00e6ngelige for tredjeparter eller ansatte i SUMINISTROS HOSTELEROS, S. L. undtagen til den brug, der er angivet ovenfor.<\/p>\n\n<p><strong>Hvilke valg har bes\u00f8gende med hensyn til indsamling, brug og distribution af information?<\/strong><\/p>\n\n<p>Bes\u00f8gende og autoriserede kunder kan frav\u00e6lge at modtage uopfordrede oplysninger eller blive kontaktet af os og\/eller vores leverand\u00f8rer og tilknyttede agenturer ved at svare p\u00e5 e-mails som anvist eller ved at kontakte os p\u00e5<\/p>\n\n<p><strong>Bruges der cookies p\u00e5 hjemmesiden?<\/strong><\/p>\n\n<p>Cookies bruges af mange forskellige \u00e5rsager. Vi bruger cookies til at f\u00e5 oplysninger om vores bes\u00f8gendes pr\u00e6ferencer og de tjenester, de v\u00e6lger. Vi bruger ogs\u00e5 cookies til sikkerhedsform\u00e5l for at beskytte vores autoriserede kunder. Hvis en autoriseret kunde f.eks. er logget ind, og webstedet ikke bruges i mere end 10 minutter, logger vi automatisk den autoriserede kunde ud.   <\/p>\n\n<p><strong>Hvordan bruger SUMINISTROS HOSTELEROS, S. L. adgangsdata?<\/strong><\/p>\n\n<p>SUMINISTROS HOSTELEROS, S. L. bruger adgangsoplysninger, herunder, men ikke begr\u00e6nset til, IP-adresser, internetudbydere og browsertyper, til at analysere tendenser, administrere webstedet, spore en brugers bev\u00e6gelse og brug og indsamle brede demografiske oplysninger.<\/p>\n\n<p><strong>Hvilke partnere eller tjenesteudbydere har adgang til de bes\u00f8gendes og\/eller autoriserede kunders personligt identificerbare oplysninger p\u00e5 webstedet?<\/strong><\/p>\n\n<p>SUMINISTROS HOSTELEROS, S. L. har indg\u00e5et og vil fortsat indg\u00e5 samarbejdsaftaler og andre tilknytninger med en r\u00e6kke leverand\u00f8rer, som kan have adgang til visse personoplysninger med henblik p\u00e5 at vurdere de autoriserede kunders egnethed til tjenesten. Vores privatlivspolitik d\u00e6kker ikke indsamling eller brug af disse oplysninger. Videregivelse af personligt identificerbare oplysninger for at overholde loven. Vi vil videregive personligt identificerbare oplysninger for at overholde en retskendelse eller st\u00e6vning eller en retsh\u00e5ndh\u00e6vende myndigheds anmodning om videregivelse af oplysninger. Vi vil ogs\u00e5 videregive personligt identificerbare oplysninger, n\u00e5r det med rimelighed er n\u00f8dvendigt for at beskytte sikkerheden for vores bes\u00f8gende og autoriserede kunder.    <\/p>\n\n<p><strong>Hvordan beskytter webstedet personlige oplysninger?<\/strong><\/p>\n\n<p>Alle vores medarbejdere er opm\u00e6rksomme p\u00e5 vores sikkerhedspolitik og -praksis. De personligt identificerbare oplysninger om vores bes\u00f8gende og autoriserede kunder er kun tilg\u00e6ngelige for et begr\u00e6nset antal kvalificerede medarbejdere, der har en adgangskode til at f\u00e5 adgang til oplysningerne. Vi gennemf\u00f8rer regelm\u00e6ssige revisioner af vores sikkerhedssystemer og -processer. F\u00f8lsomme oplysninger, som f.eks. kreditkort- eller CPR-numre, er beskyttet af krypteringsprotokoller, der er etableret for at beskytte oplysninger, der sendes via internettet. Selvom vi tr\u00e6ffer kommercielt rimelige foranstaltninger for at opretholde et sikkert websted, er elektronisk kommunikation og databaser udsat for fejl, manipulation og indbrud, og vi kan ikke garantere eller garantere, at s\u00e5danne begivenheder ikke vil forekomme og vil ikke v\u00e6re ansvarlige over for bes\u00f8gende eller autoriserede kunder for s\u00e5danne h\u00e6ndelser.    <\/p>\n\n<p><strong>Hvordan kan bes\u00f8gende rette eventuelle un\u00f8jagtigheder i personligt identificerbare oplysninger?<\/strong><\/p>\n\n<p>Bes\u00f8gende og autoriserede kunder kan kontakte os for at opdatere deres personlige data eller rette eventuelle un\u00f8jagtigheder ved at sende os en e-mail p\u00e5 hola@myspainfood.com.<\/p>\n\n<p><strong>Kan en bes\u00f8gende slette eller deaktivere personlige oplysninger, der er indsamlet af webstedet?<\/strong><\/p>\n\n<p>Vi giver bes\u00f8gende og autoriserede kunder en mekanisme til at fjerne\/deaktivere personligt identificerbare oplysninger fra webstedets database ved at kontakte . P\u00e5 grund af sikkerhedskopier og registreringer af sletninger kan det dog v\u00e6re umuligt at slette en bes\u00f8gendes indtastning uden at bevare nogle resterende oplysninger. Hvis en person anmoder om deaktivering af hans eller hendes personligt identificerbare oplysninger, slettes de funktionelt, og vi vil ikke s\u00e6lge, overf\u00f8re eller bruge personligt identificerbare oplysninger vedr\u00f8rende den p\u00e5g\u00e6ldende person p\u00e5 nogen m\u00e5de i fremtiden.  <\/p>\n\n<p><strong>Hvad sker der, hvis privatlivspolitikken \u00e6ndres?<\/strong><\/p>\n\n<p>Vi vil informere vores bes\u00f8gende og autoriserede kunder om \u00e6ndringer i vores privatlivspolitik ved at offentligg\u00f8re s\u00e5danne \u00e6ndringer p\u00e5 webstedet. Men hvis vi \u00e6ndrer vores privatlivspolitik p\u00e5 en m\u00e5de, der kan medf\u00f8re videregivelse af personligt identificerbare oplysninger, som en bes\u00f8gende eller autoriseret kunde tidligere har anmodet om ikke at blive videregivet, vil vi kontakte den p\u00e5g\u00e6ldende bes\u00f8gende eller autoriserede kunde for at give den p\u00e5g\u00e6ldende bes\u00f8gende eller autoriserede kunde mulighed for at forhindre en s\u00e5dan videregivelse. <\/p>\n\n<p><strong>Returpolitik?<\/strong><\/p>\n\n<p>F\u00f8lgende betingelser for returnering af vores produkter g\u00e6lder ikke i tilf\u00e6lde af ud\u00f8velse af fortrydelsesretten. Returnering eller ombytning af produkter accepteres kun i tilf\u00e6lde af produktionsfejl, transportskader eller leveringsfejl. Under alle omst\u00e6ndigheder m\u00e5 der ikke v\u00e6re g\u00e5et mere end 14 dage siden modtagelsen af produktet, og emballagen og tilbeh\u00f8ret skal v\u00e6re inkluderet. Det skal p\u00e5 forh\u00e5nd kontrolleres, at der er tale om en fabrikations- eller emballagefejl eller en uregelm\u00e6ssighed, og at den ikke skyldes forkert eller uagtsom brug, h\u00e5ndtering eller opbevaring. De skal altid ledsages af den tilsvarende f\u00f8lgeseddel eller faktura. B\u00e5de i tilf\u00e6lde af returnering p\u00e5 grund af en produktions- eller emballagefejl og i tilf\u00e6lde af en fejl i ordren, vil KUNDEN om muligt blive tilbudt udskiftning med et andet alternativ uden yderligere omkostninger og uden ret til nogen form for kompensation fra KUNDENs side. MySpainFood er ansvarlig for de omkostninger, der er afholdt ved afsendelse af ordren. Under alle omst\u00e6ndigheder skal returneringen altid v\u00e6re underlagt forudg\u00e5ende unders\u00f8gelse af MySpainFood af tilstanden af det produkt, der returneres, og verifikation af, at kravene i disse salgsbetingelser er opfyldt. N\u00e5r returneringen er modtaget, og hvis det er relevant, refunderer vi det opkr\u00e6vede bel\u00f8b inden for en periode p\u00e5 h\u00f8jst 30 dage og p\u00e5 samme vilk\u00e5r som dem, der blev brugt til at foretage betalingen. MySpainFood forbeholder sig ret til at afvise returneringer, der er meddelt eller sendt efter fristen, eller produkter, der ikke er i samme stand, som de blev modtaget. Returneringer skal h\u00e5ndteres ved at sende en e-mail til info@latiendadesami.com med en beskrivelse af \u00e5rsagerne og \u00e5rsagerne til returneringen. Det vil ogs\u00e5 v\u00e6re n\u00f8dvendigt at angive navn og efternavn og ordrens referencenummer. N\u00e5r anmodningen er modtaget, vil vi behandle den rettidigt.            <\/p>\n\n<p><strong>Links:<\/strong><\/p>\n\n<p>https:\/\/myspainfood.com indeholder links til andre hjemmesider. Bem\u00e6rk, at n\u00e5r du klikker p\u00e5 et af disse links, g\u00e5r du til et andet websted. Vi opfordrer dig til at l\u00e6se erkl\u00e6ringerne om beskyttelse af personlige oplysninger p\u00e5 disse linkede websteder, da deres politikker om beskyttelse af personlige oplysninger kan afvige fra vores.  <\/p>\n","protected":false},"excerpt":{"rendered":"<p>Velkommen til https:\/\/myspainfood.com (&#8220;webstedet&#8221;). Vi forst\u00e5r, at online-privatliv er vigtigt for brugere af vores websted, is\u00e6r n\u00e5r de handler. Denne erkl\u00e6ring regulerer vores privatlivspolitik med hensyn til de brugere af webstedet (&#8220;bes\u00f8gende&#8221;), der bes\u00f8ger uden at handle, og bes\u00f8gende, der registrerer sig for at handle p\u00e5 webstedet og g\u00f8re brug af de forskellige tjenester, der [&hellip;]<\/p>\n","protected":false},"author":1,"featured_media":0,"parent":0,"menu_order":0,"comment_status":"closed","ping_status":"closed","template":"","meta":{"_et_pb_use_builder":"","_et_pb_old_content":"","_et_gb_content_width":"","footnotes":""},"class_list":["post-16215","page","type-page","status-publish","hentry"],"_links":{"self":[{"href":"https:\/\/myspainfood.com\/da\/wp-json\/wp\/v2\/pages\/16215","targetHints":{"allow":["GET"]}}],"collection":[{"href":"https:\/\/myspainfood.com\/da\/wp-json\/wp\/v2\/pages"}],"about":[{"href":"https:\/\/myspainfood.com\/da\/wp-json\/wp\/v2\/types\/page"}],"author":[{"embeddable":true,"href":"https:\/\/myspainfood.com\/da\/wp-json\/wp\/v2\/users\/1"}],"replies":[{"embeddable":true,"href":"https:\/\/myspainfood.com\/da\/wp-json\/wp\/v2\/comments?post=16215"}],"version-history":[{"count":1,"href":"https:\/\/myspainfood.com\/da\/wp-json\/wp\/v2\/pages\/16215\/revisions"}],"predecessor-version":[{"id":16216,"href":"https:\/\/myspainfood.com\/da\/wp-json\/wp\/v2\/pages\/16215\/revisions\/16216"}],"wp:attachment":[{"href":"https:\/\/myspainfood.com\/da\/wp-json\/wp\/v2\/media?parent=16215"}],"curies":[{"name":"wp","href":"https:\/\/api.w.org\/{rel}","templated":true}]}}