{"id":16297,"date":"2025-04-10T15:12:12","date_gmt":"2025-04-10T13:12:12","guid":{"rendered":"https:\/\/myspainfood.com\/koeb-returnering-og-forsendelse\/"},"modified":"2025-05-05T11:17:23","modified_gmt":"2025-05-05T09:17:23","slug":"koeb-returnering-og-forsendelse","status":"publish","type":"page","link":"https:\/\/myspainfood.com\/da\/koeb-returnering-og-forsendelse\/","title":{"rendered":"K\u00f8b, returnering og forsendelse"},"content":{"rendered":"\n<p>Denne aftale regulerer de generelle k\u00f8bsbetingelser for de forskellige produkter og tjenester, der tilbydes p\u00e5 denne hjemmeside af SAMI SUMINISTROS HOSTELEROS, S. L. (herefter MY SPAIN FOOD) med NIF B84614064 og adresse p\u00e5 c\/ Luis i 60, sotano, nave 27. 28031 Madrid, Spanien. Madrid, Spanien.<br\/>N\u00e5r KLIENTEN gennemf\u00f8rer registreringsprocessen og k\u00f8ber et af vores produkter, accepterer han\/hun udtrykkeligt de klausuler, der er angivet nedenfor, samt betingelserne for adgang og brug af vores hjemmeside og dens privatlivspolitik, der er tilg\u00e6ngelig via linket Privatlivspolitik.<br\/>KLIENTEN anerkender at have tilstr\u00e6kkelig juridisk kapacitet til at indg\u00e5 en kontraktlig forpligtelse.<br\/>Denne kontrakt er permanent tilg\u00e6ngelig i de juridiske meddelelser p\u00e5 vores hjemmeside.  <\/p>\n\n<p>PRISER OG AFGIFTER<br\/>Som vederlag for det k\u00f8bte produkt accepterer KUNDEN udtrykkeligt at betale MY SPAIN FOOD de bel\u00f8b, der er angivet p\u00e5 k\u00f8bstidspunktet i den prisliste, der er oprettet p\u00e5 webstedet https:\/\/www.myspainfood.es for de valgte produkter.<br\/>De produkter, der tilbydes p\u00e5 dette websted, er underlagt national forbrugsskat, som er INKLUDERET i de priser, der er angivet for hvert produkt.<br\/>Transportomkostninger er IKKE inkluderet i prisen p\u00e5 produkterne.<br\/>N\u00e5r udv\u00e6lgelsen af produkter er afsluttet, og inden du bekr\u00e6fter ordren og forts\u00e6tter med at betale for den, vises den endelige pris for k\u00f8bet p\u00e5 sk\u00e6rmen, som inkluderer skatter, h\u00e5ndtering, emballage og forsendelsesomkostninger, hvis det er relevant, hvilket afspejles p\u00e5 ordreformularen p\u00e5 k\u00f8bstidspunktet og p\u00e5 fakturaen.<br\/>Alt, hvad der ikke er angivet som inkluderet i beskrivelsen, er ikke inkluderet.<\/p>\n\n<p>2. K\u00d8BSPROCEDURE<br\/>Kun personer over 14 \u00e5r (uden alkohol) og over 18 \u00e5r (med alkohol) og virksomheder kan afgive ordrer via dette websted.<br\/>Alle vores produkter er opf\u00f8rt individuelt p\u00e5 webstedet. Proceduren for at foretage og administrere dit k\u00f8b er angivet p\u00e5 webstedet, og f\u00f8lgende trin skal f\u00f8lges:<br\/>a. V\u00e6lg det produkt, du \u00f8nsker at k\u00f8be.<br\/>b. N\u00e5r du har valgt et produkt, kan du l\u00e6gge det i indk\u00f8bskurven og v\u00e6lge, om du vil forts\u00e6tte med at handle eller behandle ordren.<br\/>c. For at behandle ordren skal du udfylde en formular med dine personlige oplysninger for at formalisere k\u00f8bsproceduren.<br\/>d. Derefter kontrolleres ordren, hvor de valgte varer beskrives en efter en, og den samlede pris beregnes.<br\/>e. Det er ogs\u00e5 n\u00f8dvendigt at angive fakturerings- og leveringsadresser for k\u00f8bet. Du kan angive en enkelt adresse til fakturering og levering.<br\/>f. N\u00e5r processen er afsluttet, skal du s\u00e6tte kryds i en boks for at bekr\u00e6fte, at du har l\u00e6st og accepteret salgsbetingelserne.<br\/>g. Hjemmesiden giver dig betalingsmekanismerne afh\u00e6ngigt af det system, der er valgt i hvert enkelt tilf\u00e6lde.<br\/>h. N\u00e5r betalingsoplysningerne er indtastet, skal du bekr\u00e6fte ordren ved at klikke p\u00e5 knappen &#8220;K\u00f8b&#8221;.<br\/>i. N\u00e5r der er klikket p\u00e5 knappen &#8220;K\u00f8b&#8221;, er betalingen gennemf\u00f8rt, og produkterne vil v\u00e6re til din r\u00e5dighed.<br\/>KLIENTEN informeres om, at fotografierne og beskrivelserne af produkterne p\u00e5 hjemmesiden er et omtrentlig billede af de tilbudte produkter og tjenester og derfor kan afvige fra originalen. Beskrivelserne og illustrationerne af de produkter, der tilbydes via dette websted, er kun informative.          <\/p>\n\n<p>3. TILG\u00c6NGELIGHED OG LEVERING<br\/>De produkter, der tilbydes af MY SPAIN FOOD, er kun tilg\u00e6ngelige til distribution p\u00e5 det spanske fastland.<br\/>Ordrer vil blive behandlet, n\u00e5r betalingen er modtaget korrekt. De produkter, der tilbydes af MY SPAIN FOOD, vil altid v\u00e6re underlagt tilg\u00e6ngelighed, som specifikt vil blive angivet p\u00e5 vores hjemmeside for hvert produkt, s\u00e5 kunden i tilf\u00e6lde af manglende tilg\u00e6ngelighed af en vare vil blive beh\u00f8rigt informeret om den manglende tilg\u00e6ngelighed. Under normale forhold er alle de produkter, der vises p\u00e5 vores websted, tilg\u00e6ngelige til levering inden for de angivne tidspunkter. I tilf\u00e6lde, hvor det produkt, som KUNDEN har bestilt, ikke er p\u00e5 lager, n\u00e5r ordren er afgivet, vil KUNDEN blive beh\u00f8rigt informeret om dette og vil blive tilbudt et alternativt produkt med lignende egenskaber til samme pris og kvalitet. Hvis KUNDEN alligevel ikke er interesseret i at acceptere det foresl\u00e5ede alternativ, vil MY SPAIN FOOD forts\u00e6tte med at refundere det allerede betalte bel\u00f8b og vil informere KUNDEN om procedurerne og fristerne for refusion. Som en generel regel vil den maksimale hjemleveringstid v\u00e6re 5 til 10 dage fra k\u00f8bstidspunktet og fra det tidspunkt, hvor vi har bekr\u00e6ftet din betaling, behandling af ordrer modtaget inden kl. 14:00 samme dag og altid p\u00e5 arbejdsdage for byen Madrid (SPANIEN). Disse leveringstider er omtrentlige og under ingen omst\u00e6ndigheder bindende for MY SPAIN FOOD. Leveringer vil blive foretaget p\u00e5 arbejdsdage (mandag til fredag). Leveringen af det produkt, der er k\u00f8bt hjemme, foretages af transport\u00f8ren sammen med en f\u00f8lgeseddel p\u00e5 den adresse, der er angivet p\u00e5 ordreformularen, som kunden skal underskrive som et modtagelsesdokument. Ligeledes vil KUNDEN blive beh\u00f8rigt informeret i tilf\u00e6lde af enhver h\u00e6ndelse eller forsinkelse i leveringen af en eller anden grund. Hvis levering ikke er mulig p\u00e5 den angivne adresse p\u00e5 grund af adressatens frav\u00e6r, vil transport\u00f8ren kontakte KUNDEN direkte for at arrangere enten en leveringstid eller afhentning af pakken i den tilsvarende filial eller under alle omst\u00e6ndigheder for at angive de trin, der skal f\u00f8lges for at f\u00e5 produkterne.<br\/>Efter fristen, hvis ordren ikke er afhentet, returneres den til vores lagre, og der sendes en e-mail, der angiver, hvordan leveringen endelig vil blive udf\u00f8rt. I sidstn\u00e6vnte tilf\u00e6lde vil forsendelsesomkostningerne blive b\u00e5ret af KUNDEN. Der er ogs\u00e5 mulighed for at afhente ordren i butikken; hvis KUNDEN v\u00e6lger denne mulighed, vil ordren blive forberedt, n\u00e5r betalingen er foretaget. N\u00e5r ordren er klargjort, vil KUNDEN inden for 24 til 48 timer efter bekr\u00e6ftelse af ordren modtage en e-mail, der informerer ham\/hende om, at ordren er klar til afhentning og resten af de relevante oplysninger. Hvis KUNDEN v\u00e6lger denne leveringsmetode, vil han\/hun ikke p\u00e5drage sig nogen forsendelses- eller transportomkostninger. Hvis KUNDEN, der har valgt at afhente ordren i butikken, og n\u00e5r e-mailen er sendt med angivelse af, at ordren er klar til afhentning, ikke kommer inden for 48-72 timer, afh\u00e6ngigt af ordrens art (letford\u00e6rvelige fysiske produkter), mister KUNDEN alle rettigheder til det foretagne k\u00f8b. Hvis produkterne ikke er af denne art, vil perioden for afhentning i butikken v\u00e6re 7 dage, og i tilf\u00e6lde af manglende afhentning vil vi kontakte KUNDEN for endelig at forts\u00e6tte med levering af ordren.                 For hele tiden at v\u00e6re informeret om h\u00e5ndteringen af dit k\u00f8b modtager du en e-mail med bekr\u00e6ftelse af din ordre og betaling. KUNDEN kan ogs\u00e5 kontrollere status for sin ordre ved at sende en e-mail til hola@myspainfood.com. <\/p>\n\n<p>4. BETALING OG BETALINGSBETINGELSER<br\/>F\u00f8lgende betalingsmetoder accepteres:<br\/>- Kredit- og betalingskort. Transaktionen sker ved at oprette direkte forbindelse til Stripe. <br\/>- GOOGLE PAY. Transaktionen sker ved at oprette direkte forbindelse til Stripe. <br\/>- APPLE PAY. Transaktionen sker ved at oprette direkte forbindelse til Stripe. <br\/>- Paypal. Direkte forbindelse med Paypal. <br\/>- Bankoverf\u00f8rsel. Ved at betale det samlede k\u00f8bsbel\u00f8b til den angivne l\u00f8bende konto. N\u00e5r betalingen er gennemf\u00f8rt, vil du modtage en bekr\u00e6ftelsesmail.<br\/>MY SPAIN FOOD har ikke adgang til dine kreditkortoplysninger. Alle vores betalingssystemer er helt sikre. Betalinger er forud for levering af produktet eller levering af tjenesten, s\u00e5 MY SPAIN FOOD vil ikke levere det \u00f8nskede produkt, f\u00f8r betalingen er modtaget. MY SPAIN FOOD forbeholder sig ret til midlertidigt eller permanent at annullere de leverede tjenester i tilf\u00e6lde af en h\u00e6ndelse i betalingen. KLIENTEN informeres om, at i forhold til kortbetalinger vil den person, der er ansvarlig for operationerne, v\u00e6re indehaveren af det anvendte kredit- eller betalingskort.      <\/p>\n\n<p>5. FAKTURAER<br\/>Du modtager en k\u00f8bskvittering via e-mail p\u00e5 k\u00f8bstidspunktet. Hvis du \u00f8nsker at modtage en faktura, skal du kontakte kundeservice (hola@myspainfood.com) for at give os de n\u00f8dvendige skatteoplysninger. KLIENTEN er ansvarlig for at bekr\u00e6fte modtagelsen af meddelelserne og for at underrette os om eventuelle \u00e6ndringer af deres oplysninger, idet LA MY SPAIN FOOD fritages for ethvert ansvar, der opst\u00e5r som f\u00f8lge af denne omst\u00e6ndighed.  <\/p>\n\n<p>6. GARANTI<br\/>Hos MY SPAIN FOOD bestr\u00e6ber vi os p\u00e5 at tilbyde tjenester af h\u00f8jeste kvalitet, selvom vi i betragtning af disse (letford\u00e6rvelige produkter) tilbyder en tilfredshedsgaranti p\u00e5 de fleste af vores produkter. Hvis du af en eller anden grund ikke modtager produktet eller tjenesten korrekt, skal du informere os s\u00e5 hurtigt som muligt og angive h\u00e6ndelsen, og vi vil fors\u00f8ge, hvis fejlen er verificeret, at rette den s\u00e5 hurtigt som muligt.<br\/>Alle vores ikke-ford\u00e6rvelige produkter er underlagt kvalitetskontrol og er garanteret mod produktionsfejl i en periode p\u00e5 2 \u00e5r fra k\u00f8bsdatoen eller, hvis det ikke er tilf\u00e6ldet, fra udl\u00f8bsdatoen. Garantien d\u00e6kker enhver fabrikations-, design- eller materialefejl, men den manglende overensstemmelse skal meddeles inden for 14 dage efter, at man er blevet opm\u00e6rksom p\u00e5 den. Garantien d\u00e6kker kun defekte produkter. Den d\u00e6kker ikke st\u00f8d, forkert brug eller andet, der ikke kan tilskrives en fejl fra leverand\u00f8rens side eller en fejl i produktet. I garantiperioden kan KUNDEN returnere produktet, og vi vil reparere eller erstatte det. Transportomkostningerne i forbindelse med returnering under garantien skal IKKE afholdes af KUNDEN. Garantidokumentet er k\u00f8bsfakturaen.       <\/p>\n\n<p>7. RETURNERING<br\/>F\u00f8lgende betingelser for returnering af vores produkter g\u00e6lder ikke i tilf\u00e6lde af ud\u00f8velse af fortrydelsesretten. Returnering eller ombytning af produkter accepteres kun i tilf\u00e6lde af produktionsfejl, transportskader eller leveringsfejl. Under alle omst\u00e6ndigheder m\u00e5 der ikke v\u00e6re g\u00e5et mere end 14 dage siden modtagelsen af produktet, og emballagen og tilbeh\u00f8ret skal v\u00e6re inkluderet. Det skal p\u00e5 forh\u00e5nd kontrolleres, at der er tale om en fabrikations- eller emballagefejl eller en uregelm\u00e6ssighed, og at den ikke skyldes forkert eller uagtsom brug, h\u00e5ndtering eller opbevaring. De skal altid ledsages af den tilsvarende f\u00f8lgeseddel eller faktura. B\u00e5de i tilf\u00e6lde af returnering p\u00e5 grund af en produktions- eller emballagefejl og i tilf\u00e6lde af en fejl i ordren vil KUNDEN om muligt blive tilbudt at erstatte den med et andet alternativ uden yderligere omkostninger og uden ret til nogen form for kompensation fra KUNDENs side. De omkostninger, der genereres af forsendelsen af ordren, b\u00e6res af MY SPAIN FOOD. Under alle omst\u00e6ndigheder vil returneringen altid v\u00e6re underlagt forudg\u00e5ende unders\u00f8gelse af MY SPAIN FOOD af tilstanden for det produkt, der returneres, og verifikation af overholdelse af kravene i disse salgsbetingelser. N\u00e5r returneringen er modtaget, og hvis det er relevant, vil vi forts\u00e6tte med at refundere det opkr\u00e6vede bel\u00f8b inden for en maksimal periode p\u00e5 30 dage og inden for de samme tidsfrister, der bruges til at foretage betalingen. MY SPAIN FOOD forbeholder sig ret til at afvise returneringer, der er kommunikeret eller sendt efter fristen, eller produkter, der ikke er i samme stand, som de blev modtaget. Returneringer administreres ved at sende en e-mail til hola@myspainfood.es med en beskrivelse af \u00e5rsagerne og \u00e5rsagerne til returneringen. Det vil ogs\u00e5 v\u00e6re n\u00f8dvendigt at angive navn og efternavn og ordrens referencenummer. N\u00e5r anmodningen er modtaget, vil vi behandle den rettidigt.            <\/p>\n\n<p>8. TILBAGETR\u00c6DELSESRET<br\/>I betragtning af produktets art (letford\u00e6rveligt produkt) og dets opbevaringsforhold og i overensstemmelse med artikel 103, litra d og e, i det kongelige lovdekret 1\/2007 af 16. november til beskyttelse af forbrugere og brugere, g\u00e6lder fortrydelsesretten ikke for denne kontrakt. For ethvert produkt, der ikke betragtes som letford\u00e6rveligt (art. 103.d), og forudsat at det ikke er blevet \u00e5bnet (art. 103.e), har du ret til at tr\u00e6kke dig tilbage fra denne kontrakt inden for 14 kalenderdage uden at angive nogen grund. Fortrydelsesfristen udl\u00f8ber 14 kalenderdage efter den dag, hvor kontrakten blev indg\u00e5et. For at ud\u00f8ve fortrydelsesretten skal du underrette os p\u00e5 MY SPAIN FOOD c\/ Luis I 60, s\u00f3tano, nave 27 , 28031, Madrid, Spanien e-mail: hola@myspainfood.com, om din beslutning om at tr\u00e6de tilbage fra kontrakten ved hj\u00e6lp af en utvetydig erkl\u00e6ring (f.eks. et brev sendt med posten, fax eller e-mail). Du kan bruge nedenst\u00e5ende fortrydelsesformular, selv om det ikke er obligatorisk at bruge den. Standardfortrydelsesformular Til MY SPAIN FOOD c\/ Luis I 60, s\u00f3tano, nave 27 MADRID (28031) Spanien hola@myspainfood.com Jeg informerer dig hermed om, at jeg fortryder min kontrakt om salg af f\u00f8lgende varer: Modtaget\/bestilt den: Forbrugerens navn: Forbrugerens underskrift Dato For at overholde fortrydelsesfristen er det tilstr\u00e6kkeligt, at meddelelsen om din ud\u00f8velse af denne ret sendes inden udl\u00f8bet af fortrydelsesfristen.     <br\/>Konsekvenser af fortrydelse:<br\/>I tilf\u00e6lde af fortrydelse fra din side refunderer vi alle betalinger modtaget fra dig uden un\u00f8dig forsinkelse og under alle omst\u00e6ndigheder senest 14 kalenderdage fra den dato, hvor vi er informeret om din beslutning om at fortryde denne kontrakt. KUNDEN skal b\u00e6re de direkte omkostninger ved returnering af varerne, hvorved afhentningsomkostningerne tr\u00e6kkes fra refusionen, undtagen i tilf\u00e6lde af defekt kvalitet eller en forsendelsesfejl fra vores side. Vi gennemf\u00f8rer en s\u00e5dan tilbagebetaling med samme betalingsmiddel, som du benyttede ved den oprindelige transaktion, medmindre du udtrykkeligt har angivet andet; under alle omst\u00e6ndigheder vil du ikke blive p\u00e5lagt nogen omkostninger som f\u00f8lge af tilbagebetalingen. Ved meddelelse om fortrydelsesretten skal du returnere eller overdrage varerne direkte til os uden un\u00f8dig forsinkelse og under alle omst\u00e6ndigheder senest 14 kalenderdage fra den dato, hvor du meddeler os din beslutning om at fortryde aftalen. Fristen anses for at v\u00e6re overholdt, hvis du returnerer varerne inden fristens udl\u00f8b. Varerne, der skal returneres, skal v\u00e6re i perfekt stand, ikke beskadiget, deformeret eller vise tegn p\u00e5 slitage, ridser eller pletter. Du h\u00e6fter for eventuel forringelse af varens v\u00e6rdi, som skyldes anden h\u00e5ndtering, end hvad der er n\u00f8dvendigt for at fastsl\u00e5 varens art, egenskaber og den m\u00e5de, den fungerer p\u00e5.      <\/p>\n\n<p>9. OPFYLDELSE AF KONTRAKTEN OG \u00c6NDRINGER AF TJENESTERNE<br\/>Den nuv\u00e6rende kontrakt vil blive fuldf\u00f8rt med betaling af produktet og afsendelse til KLIENTEN af en bekr\u00e6ftelses-e-mail med en beskrivelse af det foretagne k\u00f8b.<br\/>MY SPAIN FOOD forbeholder sig ret til p\u00e5 enhver m\u00e5de at \u00e6ndre egenskaberne og betingelserne for sine tjenester, altid med det form\u00e5l at forbedre dem og til fordel for KLIENTEN.<\/p>\n\n<p>10. PARTERNES FORPLIGTELSER<br\/>MY SPAIN FOOD forpligter sig til at give KLIENTEN de produkter og tjenester, der er indg\u00e5et kontrakt om, ved at anvende den maksimale omhu i leveringen af tjenesten, samt at tage sig af vedligeholdelsen af de installationer, der er n\u00f8dvendige for driften af netv\u00e6rket, med det passende tekniske og computerudstyr, og at styre logistik, forsendelse og levering af k\u00f8bet foretaget gennem luftfartsselskabet.<br\/>KLIENTEN forpligter sig til at bruge de tjenester, der stilles til r\u00e5dighed i god tro, uden at overtr\u00e6de loven i nogen sag eller kr\u00e6nke tredjeparts rettigheder, samt betaling af det valgte produkt p\u00e5 det tidspunkt og den m\u00e5de, der er fastlagt i disse salgsbetingelser og dets modtagelse p\u00e5 det sted, der er angivet til levering. MY SPAIN FOOD garanterer ikke, at tilg\u00e6ngeligheden af den service, der er omfattet af denne kontrakt, vil v\u00e6re kontinuerlig og uafbrudt p\u00e5 grund af omst\u00e6ndigheder for\u00e5rsaget af problemer i internetnetv\u00e6rket, nedbrud i computerenheder og andre uforudsigelige omst\u00e6ndigheder. Derfor forpligter KLIENTEN sig til at b\u00e6re disse omst\u00e6ndigheder inden for rimelige gr\u00e6nser og giver derfor udtrykkeligt afkald p\u00e5 ethvert kontraktligt eller ekstrakontraktligt ansvar over for LA MY SPAIN FOOD for mulige fejl, fejl og brug af den aftalte service.  <\/p>\n\n<p>11. KOMMUNIKATION<br\/>Alle meddelelser mellem parterne vil fortrinsvis blive foretaget via e-mail. KUNDEN er ansvarlig for at bekr\u00e6fte modtagelsen af meddelelserne og for at underrette MY SPAIN FOOD om eventuelle \u00e6ndringer i deres data og fritages for ethvert ansvar, der opst\u00e5r som f\u00f8lge af denne omst\u00e6ndighed. I tilf\u00e6lde af \u00e6ndring skal KUNDEN underrette MY SPAIN FOOD via e-mail eller telefonnumre angivet p\u00e5 vores hjemmeside. I overensstemmelse med artikel 21 i lov 34\/2002 om tjenester i informationssamfundet og elektronisk handel informerer vi dig om, at vores kommercielle forsendelser og oplysninger vedr\u00f8rende vores websted og de produkter, der tilbydes p\u00e5 det, vil blive sendt via e-mail til den e-mail-adresse, du angiver, altid tilbagekaldelig. Under alle omst\u00e6ndigheder har du mulighed for at afvise vores kommercielle kommunikation ved at sende en e-mail til adressen hola@myspainfood.com med angivelse af ordet UNSUBSCRIBE i emnelinjen.    <\/p>\n\n<p>12. FORPLIGTELSE, ACCEPT OG GYLDIGHED AF KONTRAKTEN<br\/>KUNDEN anerkender at have l\u00e6st og accepteret de juridiske betingelser for brug og privatlivspolitikken p\u00e5 hjemmesiden. KUNDEN anerkender, at han\/hun har forst\u00e5et alle oplysninger vedr\u00f8rende produkter og tjenester, herunder, hvor det er relevant, levering, der tilbydes p\u00e5 vores websted, samt alle betingelser og bestemmelser i denne elektroniske kontrakt, og erkl\u00e6rer derfor, at de er tilstr\u00e6kkelige til udelukkelse af fejl i samtykket til denne kontrakt, og accepterer dem derfor fuldt ud og udtrykkeligt. KLIENTEN er fuldt ud klar over, at accept og udf\u00f8relse af denne kontrakt vil finde sted ved at give hans \/ hendes data og klikke p\u00e5 knappen &#8220;K\u00f8b&#8221;, der er angivet p\u00e5 vores hjemmeside, og vil blive afsluttet med betaling af tjenesten.  <\/p>\n\n<p>13. MINDRE\u00c5RIGE UNDER 18<br\/>MY SPAIN FOOD er forpligtet til ikke at tillade nogen transaktion, der er ulovlig, eller som af kreditkortm\u00e6rkerne eller den indl\u00f8sende bank anses for at kunne skade eller have potentiale til at p\u00e5virke deres goodwill negativt. Kortm\u00e6rkernes programmer forbyder f\u00f8lgende aktiviteter: salg eller tilbud om et produkt eller en tjeneste, der ikke fuldt ud overholder alle love, der g\u00e6lder for indl\u00f8seren, den udstedende bank, forretningen, kortholderen eller kortene. Derudover er f\u00f8lgende aktiviteter ogs\u00e5 udtrykkeligt forbudt: &#8220;Salg af alkoholholdige drikkevarer til personer under 18 \u00e5r&#8221;.  <\/p>\n\n<p>14. G\u00c6LDENDE LOV<br\/>Denne kontrakt er af kommerciel karakter og skal reguleres af og fortolkes i overensstemmelse med spansk lov. I tilf\u00e6lde af uoverensstemmelser eller forskelle mellem parterne i forbindelse med fortolkning, indhold eller udf\u00f8relse af kontrakten, som ikke l\u00f8ses ved gensidig aftale, skal parterne underkaste sig de domstole, der er kompetente i hvert enkelt tilf\u00e6lde, og i tilf\u00e6lde, hvor det er forudset, at parterne kan underkaste sig en jurisdiktion, skal de underkaste sig domstolene i Madrid og udtrykkeligt give afkald p\u00e5 enhver anden jurisdiktion, der m\u00e5tte svare til dem. Vi stiller ogs\u00e5 f\u00f8lgende link til r\u00e5dighed for vores kunder for at f\u00e5 adgang til Europa-Kommissionens officielle onlineplatform til l\u00f8sning af tvister: https:\/\/ec.europa.eu\/consumers\/odr\/main\/index.cfm?event=main.home2.show&amp;lng=ES  <\/p>\n\n<p>15. PERSONLIGE DATA<br\/>Se privatlivspolitik. V\u00e6r opm\u00e6rksom p\u00e5: Disse generelle vilk\u00e5r og betingelser er blevet opdateret den 29\/7\/2021. Vi kan til enhver tid \u00e6ndre dem samt \u00e6ndre listen over priser og produkter, der tilbydes. Tjek venligst udstedelsesdatoen, hver gang du g\u00e5r ind p\u00e5 vores hjemmeside for at sikre, at der ikke er sket \u00e6ndringer, der kan p\u00e5virke dig.   <\/p>\n","protected":false},"excerpt":{"rendered":"<p>Denne aftale regulerer de generelle k\u00f8bsbetingelser for de forskellige produkter og tjenester, der tilbydes p\u00e5 denne hjemmeside af SAMI SUMINISTROS HOSTELEROS, S. L. (herefter MY SPAIN FOOD) med NIF B84614064 og adresse p\u00e5 c\/ Luis i 60, sotano, nave 27. 28031 Madrid, Spanien. Madrid, Spanien.N\u00e5r KLIENTEN gennemf\u00f8rer registreringsprocessen og k\u00f8ber et af vores produkter, accepterer [&hellip;]<\/p>\n","protected":false},"author":1,"featured_media":0,"parent":0,"menu_order":0,"comment_status":"closed","ping_status":"closed","template":"","meta":{"_et_pb_use_builder":"","_et_pb_old_content":"","_et_gb_content_width":"","footnotes":""},"class_list":["post-16297","page","type-page","status-publish","hentry"],"_links":{"self":[{"href":"https:\/\/myspainfood.com\/da\/wp-json\/wp\/v2\/pages\/16297","targetHints":{"allow":["GET"]}}],"collection":[{"href":"https:\/\/myspainfood.com\/da\/wp-json\/wp\/v2\/pages"}],"about":[{"href":"https:\/\/myspainfood.com\/da\/wp-json\/wp\/v2\/types\/page"}],"author":[{"embeddable":true,"href":"https:\/\/myspainfood.com\/da\/wp-json\/wp\/v2\/users\/1"}],"replies":[{"embeddable":true,"href":"https:\/\/myspainfood.com\/da\/wp-json\/wp\/v2\/comments?post=16297"}],"version-history":[{"count":1,"href":"https:\/\/myspainfood.com\/da\/wp-json\/wp\/v2\/pages\/16297\/revisions"}],"predecessor-version":[{"id":16300,"href":"https:\/\/myspainfood.com\/da\/wp-json\/wp\/v2\/pages\/16297\/revisions\/16300"}],"wp:attachment":[{"href":"https:\/\/myspainfood.com\/da\/wp-json\/wp\/v2\/media?parent=16297"}],"curies":[{"name":"wp","href":"https:\/\/api.w.org\/{rel}","templated":true}]}}