{"id":17123,"date":"2025-04-10T12:05:09","date_gmt":"2025-04-10T10:05:09","guid":{"rendered":"https:\/\/myspainfood.com\/producto\/hvidloeg-900-gr-chicon\/"},"modified":"2025-05-08T20:46:38","modified_gmt":"2025-05-08T18:46:38","slug":"hvidloeg-900-gr-chicon","status":"publish","type":"product","link":"https:\/\/myspainfood.com\/da\/producto\/hvidloeg-900-gr-chicon\/","title":{"rendered":"Hvidl\u00f8g 900 gr Chic\u00f3n"},"content":{"rendered":"<p><strong>Hvidl\u00f8g i olie<\/strong>, skr\u00e6llet, behandlet og h\u00e6rdet for at bl\u00f8dg\u00f8re den naturlige smag og samtidig bevare de oprindelige egenskaber.<\/p>\n<p>Hvidl\u00f8g i olie er en delikatesse for ganen, enten som forret eller som tilbeh\u00f8r til dine bedste retter.<\/p>\n<h3><strong>Fordele ved <a href=\"https:\/\/aceitunaschiconlebron.com\/catalogo\/ajos-en-aceite\/\" target=\"_blank\" rel=\"noopener noreferrer nofollow\">hvidl\u00f8gsolie<\/a><\/strong><\/h3>\n<p>Ved du, hvad de vigtigste fordele ved hvidl\u00f8g i olie som pickles er? Jo, blandt mange andre egenskaber er de rige p\u00e5 probiotika, styrker immunforsvaret og hj\u00e6lper endda p\u00e5 ford\u00f8jelsen. <\/p>\n<p>Syltede agurker er g\u00e5et fra at v\u00e6re en gammel teknik til konservering af mad over hele verden til at v\u00e6re en af de mest v\u00e6rdsatte tapas eller forretter i den spanske gastronomi. Ud over vores l\u00e6kre <strong>hvidl\u00f8g i olie<\/strong> kan du i vores onlinekatalog finde andre typer pickles som kapers, s\u00f8de banderillas eller krydrede banderillas. <\/p>\n<h3><strong>Egenskaber Syltede hvidl\u00f8g<\/strong><\/h3>\n<p>Det har <strong>antibiotiske egenskaber<\/strong>. Hvidl\u00f8gsolie dr\u00e6ber en lang r\u00e6kke mikrober, s\u00e5som vira, bakterier, svampe og parasitter. <\/p>\n<p>Den <strong>virker afsv\u00e6kkende<\/strong>, er en kilde til C-vitamin, enzymer og mineraler, som er med til at styrke kroppens forsvar og immunforsvar.<\/p>\n<p><strong>Hvidl\u00f8g i olie beskytter vores hjerte<\/strong> mod kardiovaskul\u00e6re hjerteproblemer som f.eks. hjerteanfald og \u00e5reforkalkning.<\/p>\n<p>En anden <strong>egenskab ved syltet hvidl\u00f8g<\/strong> er, at det s\u00e6nker kolesteroltallet, da det har evnen til moderat at s\u00e6nke triglyceriderne og det samlede kolesterol i blodet, hvilket kan reducere arteriel plak.<\/p>\n<p>Kort sagt har hvidl\u00f8g i olie eller <a href=\"https:\/\/latiendadesami.com\/categoria-producto\/encurtidos\/\" target=\"_blank\" rel=\"noopener noreferrer nofollow\">syltede<\/a> hvidl\u00f8g flere egenskaber og fordele for menneskers sundhed.<\/p>\n","protected":false},"excerpt":{"rendered":"<p>Hvidl\u00f8g i olie, skr\u00e6llet, behandlet og h\u00e6rdet for at bl\u00f8dg\u00f8re den naturlige smag og samtidig bevare de oprindelige egenskaber. Hvidl\u00f8g i olie er en delikatesse for ganen, enten som forret eller som tilbeh\u00f8r til dine bedste retter. Fordele ved hvidl\u00f8gsolie Ved du, hvad de vigtigste fordele ved hvidl\u00f8g i olie som pickles er? Jo, blandt [&hellip;]<\/p>\n","protected":false},"featured_media":17129,"template":"","meta":{"_et_pb_use_builder":"","_et_pb_old_content":"","_et_gb_content_width":""},"product_brand":[1036],"product_cat":[1652,1647],"product_tag":[1656,1653],"class_list":{"0":"post-17123","1":"product","2":"type-product","3":"status-publish","4":"has-post-thumbnail","6":"product_brand-chicon","7":"product_cat-hvidlog","8":"product_cat-pickles-da","9":"product_tag-hvid","10":"product_tag-hvidlog","12":"first","13":"instock","14":"taxable","15":"shipping-taxable","16":"purchasable","17":"product-type-variable"},"_links":{"self":[{"href":"https:\/\/myspainfood.com\/da\/wp-json\/wp\/v2\/product\/17123","targetHints":{"allow":["GET"]}}],"collection":[{"href":"https:\/\/myspainfood.com\/da\/wp-json\/wp\/v2\/product"}],"about":[{"href":"https:\/\/myspainfood.com\/da\/wp-json\/wp\/v2\/types\/product"}],"wp:featuredmedia":[{"embeddable":true,"href":"https:\/\/myspainfood.com\/da\/wp-json\/wp\/v2\/media\/17129"}],"wp:attachment":[{"href":"https:\/\/myspainfood.com\/da\/wp-json\/wp\/v2\/media?parent=17123"}],"wp:term":[{"taxonomy":"product_brand","embeddable":true,"href":"https:\/\/myspainfood.com\/da\/wp-json\/wp\/v2\/product_brand?post=17123"},{"taxonomy":"product_cat","embeddable":true,"href":"https:\/\/myspainfood.com\/da\/wp-json\/wp\/v2\/product_cat?post=17123"},{"taxonomy":"product_tag","embeddable":true,"href":"https:\/\/myspainfood.com\/da\/wp-json\/wp\/v2\/product_tag?post=17123"}],"curies":[{"name":"wp","href":"https:\/\/api.w.org\/{rel}","templated":true}]}}