{"id":17141,"date":"2025-04-10T12:05:09","date_gmt":"2025-04-10T10:05:09","guid":{"rendered":"https:\/\/myspainfood.com\/producto\/kimbos-gordal-gordal-oliven-og-agurk-900-gr-chicon\/"},"modified":"2025-05-08T13:29:43","modified_gmt":"2025-05-08T11:29:43","slug":"kimbos-gordal-gordal-oliven-og-agurk-900-gr-chicon","status":"publish","type":"product","link":"https:\/\/myspainfood.com\/da\/producto\/kimbos-gordal-gordal-oliven-og-agurk-900-gr-chicon\/","title":{"rendered":"Kimbos Gordal - gordal oliven og agurk 900 gr Chicon"},"content":{"rendered":"<h3>Hvorfor bruge Kimbos Gordal Oliven fyldt med agurk?<\/h3>\n<p>Kimbos Gordal er en variant af en af de mest popul\u00e6re fyldte oliven b\u00e5de i Spanien og i udlandet.<\/p>\n<p>En af dens s\u00e6regenheder er dens st\u00f8rrelse, da den normalt er st\u00f8rre end andre sorter.<\/p>\n<p>Det g\u00f8r den til en ideel oliven at servere ved bordet fyldt med forskellige typer mad som f.eks. ansjoser, asier eller peberfrugter.<\/p>\n<p>Navnet &#8220;Aceituna Gordal&#8221; har den f\u00e5et p\u00e5 grund af sin st\u00f8rrelse.<\/p>\n<p>Det kan siges at v\u00e6re ret attraktivt og i\u00f8jnefaldende.<\/p>\n<p>Selv om den stammer fra <a href=\"https:\/\/aceitunaschiconlebron.com\/catalogo\/aceituna-gordal-rellena-de-pepinillo\/\" target=\"_blank\" rel=\"noopener noreferrer nofollow\">Andalusien<\/a>, har forbruget af Gordal-oliven fyldt med asier spredt sig til USA, som er det sted, hvor den er blevet mest udbredt uden for Spanien.<\/p>\n<p>Hvis du vil k\u00f8be oliven eller andre former for <a href=\"https:\/\/latiendadesami.com\/categoria-producto\/encurtidos\/\" rel=\"noopener noreferrer nofollow\" target=\"_blank\">syltede f\u00f8devarer<\/a>, s\u00e5 t\u00f8v ikke med at tage et kig p\u00e5 vores onlinekatalog for at se det store udvalg af <a href=\"https:\/\/latiendadesami.com\/categoria-producto\/encurtidos\/aceitunas\/\" target=\"_blank\" rel=\"noopener noreferrer nofollow\">oliven<\/a>, vi har.<\/p>\n","protected":false},"excerpt":{"rendered":"<p>Hvorfor bruge Kimbos Gordal Oliven fyldt med agurk? Kimbos Gordal er en variant af en af de mest popul\u00e6re fyldte oliven b\u00e5de i Spanien og i udlandet. En af dens s\u00e6regenheder er dens st\u00f8rrelse, da den normalt er st\u00f8rre end andre sorter. Det g\u00f8r den til en ideel oliven at servere ved bordet fyldt med [&hellip;]<\/p>\n","protected":false},"featured_media":17146,"template":"","meta":{"_et_pb_use_builder":"","_et_pb_old_content":"","_et_gb_content_width":""},"product_brand":[1036],"product_cat":[1654,1647],"product_tag":[1659,1660],"class_list":{"0":"post-17141","1":"product","2":"type-product","3":"status-publish","4":"has-post-thumbnail","6":"product_brand-chicon","7":"product_cat-oliven-da","8":"product_cat-pickles-da","9":"product_tag-gordal-da","10":"product_tag-kimbo-da","12":"first","13":"instock","14":"taxable","15":"shipping-taxable","16":"purchasable","17":"product-type-variable"},"_links":{"self":[{"href":"https:\/\/myspainfood.com\/da\/wp-json\/wp\/v2\/product\/17141","targetHints":{"allow":["GET"]}}],"collection":[{"href":"https:\/\/myspainfood.com\/da\/wp-json\/wp\/v2\/product"}],"about":[{"href":"https:\/\/myspainfood.com\/da\/wp-json\/wp\/v2\/types\/product"}],"wp:featuredmedia":[{"embeddable":true,"href":"https:\/\/myspainfood.com\/da\/wp-json\/wp\/v2\/media\/17146"}],"wp:attachment":[{"href":"https:\/\/myspainfood.com\/da\/wp-json\/wp\/v2\/media?parent=17141"}],"wp:term":[{"taxonomy":"product_brand","embeddable":true,"href":"https:\/\/myspainfood.com\/da\/wp-json\/wp\/v2\/product_brand?post=17141"},{"taxonomy":"product_cat","embeddable":true,"href":"https:\/\/myspainfood.com\/da\/wp-json\/wp\/v2\/product_cat?post=17141"},{"taxonomy":"product_tag","embeddable":true,"href":"https:\/\/myspainfood.com\/da\/wp-json\/wp\/v2\/product_tag?post=17141"}],"curies":[{"name":"wp","href":"https:\/\/api.w.org\/{rel}","templated":true}]}}