{"id":17515,"date":"2025-04-10T12:05:26","date_gmt":"2025-04-10T10:05:26","guid":{"rendered":"https:\/\/myspainfood.com\/producto\/partida-de-la-abuela-tin-5kg\/"},"modified":"2026-04-17T13:15:17","modified_gmt":"2026-04-17T11:15:17","slug":"partida-de-la-abuela-tin-5kg","status":"publish","type":"product","link":"https:\/\/myspainfood.com\/da\/producto\/partida-de-la-abuela-tin-5kg\/","title":{"rendered":"Partida de la Abuela tin 5Kg"},"content":{"rendered":"<p>Fordele ved Partida de la Abuela Oliven d\u00e5se 5Kg<\/p>\n<p>Fordelene ved bedstemors kn\u00e6kkede oliven er mange, og ud over deres fantastiske smag er deres egenskaber ogs\u00e5 meget gavnlige for helbredet.<\/p>\n<p>De s\u00e6nker kolesteroltallet. Takket v\u00e6re oliesyre hj\u00e6lper bedstemors delte oliven med at holde kolesteroltallet i skak. <\/p>\n<p>De hj\u00e6lper p\u00e5 ford\u00f8jelsen. P\u00e5 grund af deres h\u00f8je fiberindhold hj\u00e6lper disse oliven med at fjerne giftstoffer og forbedre den generelle ford\u00f8jelse. <\/p>\n<p>Fordele for huden. A- og E-vitamin er godt for huden og har anti-ageing-fordele. <\/p>\n<p>De giver energi. De har et h\u00f8jt indhold af jern, som hj\u00e6lper med at syntetisere carnitin og producere energi. <\/p>\n<p>K\u00f8b dine oliven Partida de la Abuela d\u00e5se 5Kg<\/p>\n<p>Grandma&#8217;s Olives udm\u00e6rker sig ved deres s\u00f8de, men intense smag og deres karakteristiske krydderier, som er skabt af naturlige krydderier.<\/p>\n<p>Efter at have v\u00e6ret konserveret i 5 \u00e5r udbl\u00f8des oliventr\u00e6ets frugter, indtil de opn\u00e5r den behagelige konsistens i vores <a href=\"https:\/\/latiendadesami.com\/categoria-producto\/encurtidos\/\" target=\"_blank\" rel=\"noopener noreferrer nofollow\">&#8220;Encurtidos Aceitunas de la Abuela&#8221; (bedstemors olivenpickles<\/a> ).<\/p>\n<p>Disse hele, fastk\u00f8dede oliven, let knuste og <a href=\"https:\/\/es.wikipedia.org\/wiki\/Aceitunas_ali%C3%B1adas\" target=\"_blank\" rel=\"noopener noreferrer nofollow\">krydret<\/a> efter bedstemors opskrift, er resultatet af en lang familietradition, oprindeligt fra Antequera i Malaga.<\/p>\n","protected":false},"excerpt":{"rendered":"<p>Fordele ved Partida de la Abuela Oliven d\u00e5se 5Kg Fordelene ved bedstemors kn\u00e6kkede oliven er mange, og ud over deres fantastiske smag er deres egenskaber ogs\u00e5 meget gavnlige for helbredet. De s\u00e6nker kolesteroltallet. Takket v\u00e6re oliesyre hj\u00e6lper bedstemors delte oliven med at holde kolesteroltallet i skak. De hj\u00e6lper p\u00e5 ford\u00f8jelsen. P\u00e5 grund af deres h\u00f8je [&hellip;]<\/p>\n","protected":false},"featured_media":17517,"template":"","meta":{"_et_pb_use_builder":"","_et_pb_old_content":"","_et_gb_content_width":""},"product_brand":[],"product_cat":[1654,1647],"product_tag":[1770,1771],"class_list":{"0":"post-17515","1":"product","2":"type-product","3":"status-publish","4":"has-post-thumbnail","6":"product_cat-oliven-da","7":"product_cat-pickles-da","8":"product_tag-bedstemor","9":"product_tag-vare-da","11":"first","12":"instock","13":"featured","14":"taxable","15":"shipping-taxable","16":"purchasable","17":"product-type-simple"},"_links":{"self":[{"href":"https:\/\/myspainfood.com\/da\/wp-json\/wp\/v2\/product\/17515","targetHints":{"allow":["GET"]}}],"collection":[{"href":"https:\/\/myspainfood.com\/da\/wp-json\/wp\/v2\/product"}],"about":[{"href":"https:\/\/myspainfood.com\/da\/wp-json\/wp\/v2\/types\/product"}],"wp:featuredmedia":[{"embeddable":true,"href":"https:\/\/myspainfood.com\/da\/wp-json\/wp\/v2\/media\/17517"}],"wp:attachment":[{"href":"https:\/\/myspainfood.com\/da\/wp-json\/wp\/v2\/media?parent=17515"}],"wp:term":[{"taxonomy":"product_brand","embeddable":true,"href":"https:\/\/myspainfood.com\/da\/wp-json\/wp\/v2\/product_brand?post=17515"},{"taxonomy":"product_cat","embeddable":true,"href":"https:\/\/myspainfood.com\/da\/wp-json\/wp\/v2\/product_cat?post=17515"},{"taxonomy":"product_tag","embeddable":true,"href":"https:\/\/myspainfood.com\/da\/wp-json\/wp\/v2\/product_tag?post=17515"}],"curies":[{"name":"wp","href":"https:\/\/api.w.org\/{rel}","templated":true}]}}