{"id":17877,"date":"2025-04-10T12:14:40","date_gmt":"2025-04-10T10:14:40","guid":{"rendered":"https:\/\/myspainfood.com\/producto\/almejon-havmandel-naturlig-estela-do-mar-111-gr\/"},"modified":"2026-01-20T13:36:49","modified_gmt":"2026-01-20T12:36:49","slug":"almejon-havmandel-naturlig-estela-do-mar-111-gr","status":"publish","type":"product","link":"https:\/\/myspainfood.com\/da\/producto\/almejon-havmandel-naturlig-estela-do-mar-111-gr\/","title":{"rendered":"Almej\u00f3n (Havmandel) naturlig Estela do Mar 111 gr"},"content":{"rendered":"<p>Oplev den autentiske havsmag med <strong>Estela do Mar Natural Almej\u00f3n<\/strong>. Denne havmandel p\u00e5 d\u00e5se p\u00e5 111 gram indfanger al den friskhed og renhed, der kendetegner de bedste muslinger, uden tils\u00e6tningsstoffer eller konserveringsmidler. Denne musling er perfekt til dem, der er p\u00e5 udkig efter naturlig fisk og skaldyr af h\u00f8j kvalitet, og den er ideel til at nyde alene eller i dine yndlingsopskrifter, hvor den giver en m\u00f8r konsistens og en intens smag.  <\/p>\n<p><strong>Estela do Mar naturlig musling<\/strong> er rig p\u00e5 protein, omega-3 og vigtige mineraler og er et n\u00e6rende alternativ til enhver kost. Giv dine retter et gastronomisk og sundt pr\u00e6g, og udforsk flere muligheder i vores <a target=\"_new\" rel=\"noopener\">sektion<\/a> med fisk og skaldyr, eller tjek fordelene ved frisk fisk og skaldyr p\u00e5 referencesites som <a href=\"https:\/\/www.fen.org.es\" target=\"_new\" rel=\"noopener noreferrer nofollow\" target=\"_blank\">Spanish Nutrition Foundation.<\/a> <\/p>\n<p>Tilf\u00f8j Estela do Mar-muslinger til dine m\u00e5ltider og nyd et gourmet-touch!<\/p>\n<p><span class=\"BxUVEf ILfuVd\" lang=\"es\"><span class=\"hgKElc\"> <\/span><\/span><\/p>\n","protected":false},"excerpt":{"rendered":"<p>Oplev den autentiske havsmag med Estela do Mar Natural Almej\u00f3n. Denne havmandel p\u00e5 d\u00e5se p\u00e5 111 gram indfanger al den friskhed og renhed, der kendetegner de bedste muslinger, uden tils\u00e6tningsstoffer eller konserveringsmidler. Denne musling er perfekt til dem, der er p\u00e5 udkig efter naturlig fisk og skaldyr af h\u00f8j kvalitet, og den er ideel til [&hellip;]<\/p>\n","protected":false},"featured_media":17890,"template":"","meta":{"_et_pb_use_builder":"","_et_pb_old_content":"","_et_gb_content_width":""},"product_brand":[1469],"product_cat":[1648,1920],"product_tag":[],"class_list":{"0":"post-17877","1":"product","2":"type-product","3":"status-publish","4":"has-post-thumbnail","6":"product_brand-estela-do-mar","7":"product_cat-konserves","8":"product_cat-muslinger","10":"first","11":"outofstock","12":"taxable","13":"shipping-taxable","14":"product-type-variable"},"_links":{"self":[{"href":"https:\/\/myspainfood.com\/da\/wp-json\/wp\/v2\/product\/17877","targetHints":{"allow":["GET"]}}],"collection":[{"href":"https:\/\/myspainfood.com\/da\/wp-json\/wp\/v2\/product"}],"about":[{"href":"https:\/\/myspainfood.com\/da\/wp-json\/wp\/v2\/types\/product"}],"wp:featuredmedia":[{"embeddable":true,"href":"https:\/\/myspainfood.com\/da\/wp-json\/wp\/v2\/media\/17890"}],"wp:attachment":[{"href":"https:\/\/myspainfood.com\/da\/wp-json\/wp\/v2\/media?parent=17877"}],"wp:term":[{"taxonomy":"product_brand","embeddable":true,"href":"https:\/\/myspainfood.com\/da\/wp-json\/wp\/v2\/product_brand?post=17877"},{"taxonomy":"product_cat","embeddable":true,"href":"https:\/\/myspainfood.com\/da\/wp-json\/wp\/v2\/product_cat?post=17877"},{"taxonomy":"product_tag","embeddable":true,"href":"https:\/\/myspainfood.com\/da\/wp-json\/wp\/v2\/product_tag?post=17877"}],"curies":[{"name":"wp","href":"https:\/\/api.w.org\/{rel}","templated":true}]}}