{"id":17997,"date":"2025-04-10T12:05:44","date_gmt":"2025-04-10T10:05:44","guid":{"rendered":"https:\/\/myspainfood.com\/producto\/agurkefyldt-kamille-38-kg-kimbitos\/"},"modified":"2025-09-15T22:44:14","modified_gmt":"2025-09-15T20:44:14","slug":"agurkefyldt-kamille-38-kg-kimbitos","status":"publish","type":"product","link":"https:\/\/myspainfood.com\/da\/producto\/agurkefyldt-kamille-38-kg-kimbitos\/","title":{"rendered":"Agurkefyldt kamille 3,8 kg Kimbitos"},"content":{"rendered":"<p>Manzanilla-fyldt agurk 3,8 kg Kimbitos er en snack, hvor vi finder de traditionelle <a href=\"https:\/\/www.laencajera.es\/encurtidos-de-almagro\" target=\"_blank\" rel=\"noopener noreferrer nofollow\">manzanilla-oliven<\/a> fyldt med agurk.<\/p>\n<p>Et ideelt tilbeh\u00f8r til traditionelle retter.<\/p>\n<p>Kimbitos er det navn, som vi i visse dele af Spanien kender p\u00e5 den udstenede manzanilla-oliven med en syltet agurk.<\/p>\n<p>Det er h\u00e5ndlavet for at skabe denne forening.<\/p>\n<h3>Fordele ved agurkefyldt kamille 3,8 kg Kimbitos<\/h3>\n<p>Kendte du til de mange fordele ved disse oliven? De er meget effektive til at forebygge hjerte- og kredsl\u00f8bssygdomme generelt. <\/p>\n<p>Det skyldes det h\u00f8je indhold af um\u00e6ttede fedtstoffer. Derudover er det en f\u00f8devare, der indeholder meget jern og fibre og er meget m\u00e6ttende, hvilket g\u00f8r det til et perfekt mellemm\u00e5ltid. <\/p>\n<p>Hvis du vil k\u00f8be oliven eller andre former for <a href=\"https:\/\/latiendadesami.com\/categoria-producto\/encurtidos\/\" rel=\"noopener noreferrer nofollow\" target=\"_blank\">syltede f\u00f8devarer<\/a>, s\u00e5 t\u00f8v ikke med at tage et kig p\u00e5 vores onlinekatalog for at se det store udvalg af <a href=\"https:\/\/latiendadesami.com\/categoria-producto\/encurtidos\/aceitunas\/\" target=\"_blank\" rel=\"noopener noreferrer nofollow\">oliven<\/a>, vi har.<\/p>\n<p>Oprindelse: Castilla la Mancha.<\/p>\n<p>Ingredienser: Oliven, asier, vand, salt, surhedsregulerende middel (E-330), konserveringsmidler (E211, E-202, E-260), smagsforst\u00e6rker (E-621, E-631, E-627), antioxidanter (E-300) og naturlige aromaer. Kan indeholde spor af sulfitter. <\/p>\n<h3>Ern\u00e6ringsm\u00e6ssige oplysninger<\/h3>\n<p>Energiv\u00e6rdi 132 kcal\/ 553 kj Fedt 13,4 g, heraf m\u00e6ttet 1,7 g Kulhydrat 0,8 g, heraf sukker 0,09 g Kostfibre 0,5 g Protein 2,6 g Salt 2,0 g<\/p>\n","protected":false},"excerpt":{"rendered":"<p>Manzanilla-fyldt agurk 3,8 kg Kimbitos er en snack, hvor vi finder de traditionelle manzanilla-oliven fyldt med agurk. Et ideelt tilbeh\u00f8r til traditionelle retter. Kimbitos er det navn, som vi i visse dele af Spanien kender p\u00e5 den udstenede manzanilla-oliven med en syltet agurk. Det er h\u00e5ndlavet for at skabe denne forening. Fordele ved agurkefyldt kamille [&hellip;]<\/p>\n","protected":false},"featured_media":17999,"template":"","meta":{"_et_pb_use_builder":"","_et_pb_old_content":"","_et_gb_content_width":""},"product_brand":[],"product_cat":[1649,1654,1647],"product_tag":[1660],"class_list":{"0":"post-17997","1":"product","2":"type-product","3":"status-publish","4":"has-post-thumbnail","6":"product_cat-agurker","7":"product_cat-oliven-da","8":"product_cat-pickles-da","9":"product_tag-kimbo-da","11":"first","12":"instock","13":"taxable","14":"shipping-taxable","15":"purchasable","16":"product-type-simple"},"_links":{"self":[{"href":"https:\/\/myspainfood.com\/da\/wp-json\/wp\/v2\/product\/17997","targetHints":{"allow":["GET"]}}],"collection":[{"href":"https:\/\/myspainfood.com\/da\/wp-json\/wp\/v2\/product"}],"about":[{"href":"https:\/\/myspainfood.com\/da\/wp-json\/wp\/v2\/types\/product"}],"wp:featuredmedia":[{"embeddable":true,"href":"https:\/\/myspainfood.com\/da\/wp-json\/wp\/v2\/media\/17999"}],"wp:attachment":[{"href":"https:\/\/myspainfood.com\/da\/wp-json\/wp\/v2\/media?parent=17997"}],"wp:term":[{"taxonomy":"product_brand","embeddable":true,"href":"https:\/\/myspainfood.com\/da\/wp-json\/wp\/v2\/product_brand?post=17997"},{"taxonomy":"product_cat","embeddable":true,"href":"https:\/\/myspainfood.com\/da\/wp-json\/wp\/v2\/product_cat?post=17997"},{"taxonomy":"product_tag","embeddable":true,"href":"https:\/\/myspainfood.com\/da\/wp-json\/wp\/v2\/product_tag?post=17997"}],"curies":[{"name":"wp","href":"https:\/\/api.w.org\/{rel}","templated":true}]}}