{"id":18103,"date":"2025-04-10T12:10:57","date_gmt":"2025-04-10T10:10:57","guid":{"rendered":"https:\/\/myspainfood.com\/producto\/oliven-chupadedos-aguedo-2-kg-nettovaegt\/"},"modified":"2025-04-10T12:10:57","modified_gmt":"2025-04-10T10:10:57","slug":"oliven-chupadedos-aguedo-2-kg-nettovaegt","status":"publish","type":"product","link":"https:\/\/myspainfood.com\/da\/producto\/oliven-chupadedos-aguedo-2-kg-nettovaegt\/","title":{"rendered":"Oliven Chupadedos Aguedo 2 kg nettov\u00e6gt"},"content":{"rendered":"<div>\n<p>Hos ACEITUNAS AGUEDO garanterer vi, at vores produkter er af h\u00f8jeste kvalitet, idet vi kombinerer tradition og ny teknologi. Vi tilbyder den professionalisme, der ligger i at v\u00e6re en familievirksomhed i konstant v\u00e6kst, hvor vores kunders tilfredshed er vores eneste m\u00e5l. <\/p>\n<p>Vi overv\u00e5ger alle produktionsprocesser fra start til slut, det er den eneste m\u00e5de at opn\u00e5 MAKSIMALE produkter p\u00e5.<\/p>\n<\/div>\n<div class=\"leo_camara_desc\">Vi tilbyder vores kunder den sundeste og mest naturlige snack med en umiskendelig smag og den h\u00f8jeste kvalitet.<\/div>\n","protected":false},"excerpt":{"rendered":"<p>Hos ACEITUNAS AGUEDO garanterer vi, at vores produkter er af h\u00f8jeste kvalitet, idet vi kombinerer tradition og ny teknologi. Vi tilbyder den professionalisme, der ligger i at v\u00e6re en familievirksomhed i konstant v\u00e6kst, hvor vores kunders tilfredshed er vores eneste m\u00e5l. Vi overv\u00e5ger alle produktionsprocesser fra start til slut, det er den eneste m\u00e5de at [&hellip;]<\/p>\n","protected":false},"featured_media":18104,"template":"","meta":{"_et_pb_use_builder":"","_et_pb_old_content":"","_et_gb_content_width":""},"product_brand":[1397],"product_cat":[1654,1647],"product_tag":[2039],"class_list":{"0":"post-18103","1":"product","2":"type-product","3":"status-publish","4":"has-post-thumbnail","6":"product_brand-aguedo","7":"product_cat-oliven-da","8":"product_cat-pickles-da","9":"product_tag-kamille","11":"first","12":"outofstock","13":"taxable","14":"shipping-taxable","15":"purchasable","16":"product-type-simple"},"_links":{"self":[{"href":"https:\/\/myspainfood.com\/da\/wp-json\/wp\/v2\/product\/18103","targetHints":{"allow":["GET"]}}],"collection":[{"href":"https:\/\/myspainfood.com\/da\/wp-json\/wp\/v2\/product"}],"about":[{"href":"https:\/\/myspainfood.com\/da\/wp-json\/wp\/v2\/types\/product"}],"wp:featuredmedia":[{"embeddable":true,"href":"https:\/\/myspainfood.com\/da\/wp-json\/wp\/v2\/media\/18104"}],"wp:attachment":[{"href":"https:\/\/myspainfood.com\/da\/wp-json\/wp\/v2\/media?parent=18103"}],"wp:term":[{"taxonomy":"product_brand","embeddable":true,"href":"https:\/\/myspainfood.com\/da\/wp-json\/wp\/v2\/product_brand?post=18103"},{"taxonomy":"product_cat","embeddable":true,"href":"https:\/\/myspainfood.com\/da\/wp-json\/wp\/v2\/product_cat?post=18103"},{"taxonomy":"product_tag","embeddable":true,"href":"https:\/\/myspainfood.com\/da\/wp-json\/wp\/v2\/product_tag?post=18103"}],"curies":[{"name":"wp","href":"https:\/\/api.w.org\/{rel}","templated":true}]}}