{"id":18145,"date":"2025-04-10T12:05:43","date_gmt":"2025-04-10T10:05:43","guid":{"rendered":"https:\/\/myspainfood.com\/producto\/krydrede-agurk-banderiller-38-kg\/"},"modified":"2025-09-16T11:29:42","modified_gmt":"2025-09-16T09:29:42","slug":"krydrede-agurk-banderiller-38-kg","status":"publish","type":"product","link":"https:\/\/myspainfood.com\/da\/producto\/krydrede-agurk-banderiller-38-kg\/","title":{"rendered":"Krydrede agurk-banderiller 3,8 kg"},"content":{"rendered":"<p>Med Almagros Banderillas Picantes Pepino Entero 3,8 kg kan du nyde flere <a href=\"https:\/\/www.laencajera.es\/encurtidos-de-almagro\" target=\"_blank\" rel=\"noopener noreferrer nofollow\">pickles<\/a> p\u00e5 samme tid.<\/p>\n<p>Med en forfriskende og let smag kan vores banderiller nydes mellem m\u00e5ltiderne eller sammen med venner.<\/p>\n<p>Nyd krydderierne i \u00e9n mundfuld med disse Banderillas Picantes hele agurker p\u00e5 3,8 kg. Oprindelsen er Castilla la Mancha. <\/p>\n<p>Ingredienser: L\u00f8g 21-23, r\u00f8d peber, oliven (ansl\u00e5et st\u00f8rrelse fra 200-320), hel agurk 60-80, chilipeber, vand, salt og plastspat, smagsforst\u00e6rker (E-621, E-627), syrningsmiddel E-330, antioxidant E-300, konserveringsmidler (E-211, E-202, E-270, E-260) Indeholder sulfitter.<\/p>\n<p>Bevaringsbetingelser:<\/p>\n<p>Opbevares k\u00f8ligt og t\u00f8rt, mellem 3\u00baC og 10\u00baC. Holdes v\u00e6k fra sollys og st\u00e6rke lugte. <\/p>\n<p>N\u00e5r den er \u00e5bnet, skal den opbevares p\u00e5 k\u00f8l og forbruges inden for 30 dage.<\/p>\n<p>Hvis du vil k\u00f8be oliven eller andre typer <a href=\"https:\/\/latiendadesami.com\/categoria-producto\/encurtidos\/\" rel=\"noopener noreferrer nofollow\" target=\"_blank\">pickles<\/a>, s\u00e5 t\u00f8v ikke med at kigge i vores onlinekatalog for at se det store udvalg af <a href=\"https:\/\/latiendadesami.com\/categoria-producto\/encurtidos\/berenjenas\/\" target=\"_blank\" rel=\"noopener noreferrer nofollow\">auberginer<\/a>, vi har.<\/p>\n<p>M\u00e6rket er La Encajonera, en familievirksomhed, der blev grundlagt i 1990 og ligger i hjertet af La Mancha, i byen ALMAGRO i provinsen Ciudad Real.<\/p>\n<p>Fremstillingsprocessen for produkterne starter i det samme dyrkningsomr\u00e5de, hvor man udv\u00e6lger det bedste kvalitetsprodukt.<\/p>\n<p>Fabrikken er udstyret med den mest avancerede teknologi, samtidig med at den bevarer h\u00e5ndv\u00e6rkernes tradition og knowhow.<\/p>\n","protected":false},"excerpt":{"rendered":"<p>Med Almagros Banderillas Picantes Pepino Entero 3,8 kg kan du nyde flere pickles p\u00e5 samme tid. Med en forfriskende og let smag kan vores banderiller nydes mellem m\u00e5ltiderne eller sammen med venner. Nyd krydderierne i \u00e9n mundfuld med disse Banderillas Picantes hele agurker p\u00e5 3,8 kg. Oprindelsen er Castilla la Mancha. Ingredienser: L\u00f8g 21-23, r\u00f8d [&hellip;]<\/p>\n","protected":false},"featured_media":18148,"template":"","meta":{"_et_pb_use_builder":"","_et_pb_old_content":"","_et_gb_content_width":""},"product_brand":[],"product_cat":[1649,1647,2061],"product_tag":[2019,2062],"class_list":{"0":"post-18145","1":"product","2":"type-product","3":"status-publish","4":"has-post-thumbnail","6":"product_cat-agurker","7":"product_cat-pickles-da","8":"product_cat-vimpler-banderillas","9":"product_tag-gherkin-da","10":"product_tag-krydret-da","12":"first","13":"instock","14":"taxable","15":"shipping-taxable","16":"purchasable","17":"product-type-simple"},"_links":{"self":[{"href":"https:\/\/myspainfood.com\/da\/wp-json\/wp\/v2\/product\/18145","targetHints":{"allow":["GET"]}}],"collection":[{"href":"https:\/\/myspainfood.com\/da\/wp-json\/wp\/v2\/product"}],"about":[{"href":"https:\/\/myspainfood.com\/da\/wp-json\/wp\/v2\/types\/product"}],"wp:featuredmedia":[{"embeddable":true,"href":"https:\/\/myspainfood.com\/da\/wp-json\/wp\/v2\/media\/18148"}],"wp:attachment":[{"href":"https:\/\/myspainfood.com\/da\/wp-json\/wp\/v2\/media?parent=18145"}],"wp:term":[{"taxonomy":"product_brand","embeddable":true,"href":"https:\/\/myspainfood.com\/da\/wp-json\/wp\/v2\/product_brand?post=18145"},{"taxonomy":"product_cat","embeddable":true,"href":"https:\/\/myspainfood.com\/da\/wp-json\/wp\/v2\/product_cat?post=18145"},{"taxonomy":"product_tag","embeddable":true,"href":"https:\/\/myspainfood.com\/da\/wp-json\/wp\/v2\/product_tag?post=18145"}],"curies":[{"name":"wp","href":"https:\/\/api.w.org\/{rel}","templated":true}]}}