{"id":18247,"date":"2025-04-10T12:05:35","date_gmt":"2025-04-10T10:05:35","guid":{"rendered":"https:\/\/myspainfood.com\/producto\/auberginefyldte-gordal-oliven-45-kg\/"},"modified":"2025-04-10T12:05:35","modified_gmt":"2025-04-10T10:05:35","slug":"auberginefyldte-gordal-oliven-45-kg","status":"publish","type":"product","link":"https:\/\/myspainfood.com\/da\/producto\/auberginefyldte-gordal-oliven-45-kg\/","title":{"rendered":"Auberginefyldte Gordal-oliven 4,5 kg"},"content":{"rendered":"<p>Gordal-oliven fyldt med auberginer af gordal-sorten fyldt med vores traditionelle <a href=\"https:\/\/www.laencajera.es\/aceitunas\" target=\"_blank\" rel=\"noopener noreferrer nofollow\">Almagro-auberginer<\/a>.<\/p>\n<p>En af de mest popul\u00e6re sorter. De er ideelle som aperitif. <\/p>\n<p>Ingredienser: NTES: Udstenede Gordal-oliven, aubergine &#8220;De Almagro&#8221;, vand, salt, vineddike, st\u00f8dt spidskommen, paprika de la Vera, oregano, smagsforst\u00e6rker (E-621, E-631, E-627), syrningsmiddel (E-330), konserveringsmidler (E-260, E-211, E-202), antioxidant (E-300) og naturlige essenser (essens af peber, essens af hvidl\u00f8g, essens af spidskommen). Kan indeholde sulfitter. <\/p>\n<p>Opbevares p\u00e5 et k\u00f8ligt, t\u00f8rt sted mellem 3\u00baC og 10\u00baC.<\/p>\n<p>Beskyt mod sollys og st\u00e6rke lugte.<\/p>\n<p>Gordal-oliven fyldt med aubergine. N\u00e5r den er \u00e5bnet, skal den opbevares p\u00e5 k\u00f8l og indtages inden for 30 dage.<\/p>\n<p>Hvis du vil k\u00f8be oliven eller andre typer <a href=\"https:\/\/latiendadesami.com\/categoria-producto\/encurtidos\/\" rel=\"noopener noreferrer nofollow\" target=\"_blank\">pickles<\/a>, s\u00e5 t\u00f8v ikke med at kigge i vores onlinekatalog for at se det store udvalg af <a href=\"https:\/\/latiendadesami.com\/categoria-producto\/encurtidos\/berenjenas\/\" target=\"_blank\" rel=\"noopener noreferrer nofollow\">auberginer<\/a>, vi har.<\/p>\n<p>M\u00e6rket er La Encajonera, en familievirksomhed, der blev grundlagt i 1990 og ligger i hjertet af La Mancha, i byen ALMAGRO i provinsen Ciudad Real.<\/p>\n<p>Fremstillingsprocessen for produkterne starter i det samme dyrkningsomr\u00e5de, hvor man udv\u00e6lger det bedste kvalitetsprodukt.<\/p>\n<p>Fabrikken er udstyret med den mest avancerede teknologi, samtidig med at den bevarer h\u00e5ndv\u00e6rkernes tradition og knowhow.<\/p>\n","protected":false},"excerpt":{"rendered":"<p>Gordal-oliven fyldt med auberginer af gordal-sorten fyldt med vores traditionelle Almagro-auberginer. En af de mest popul\u00e6re sorter. De er ideelle som aperitif. Ingredienser: NTES: Udstenede Gordal-oliven, aubergine &#8220;De Almagro&#8221;, vand, salt, vineddike, st\u00f8dt spidskommen, paprika de la Vera, oregano, smagsforst\u00e6rker (E-621, E-631, E-627), syrningsmiddel (E-330), konserveringsmidler (E-260, E-211, E-202), antioxidant (E-300) og naturlige essenser (essens [&hellip;]<\/p>\n","protected":false},"featured_media":18250,"template":"","meta":{"_et_pb_use_builder":"","_et_pb_old_content":"","_et_gb_content_width":""},"product_brand":[],"product_cat":[1654,1647],"product_tag":[2148,2150],"class_list":{"0":"post-18247","1":"product","2":"type-product","3":"status-publish","4":"has-post-thumbnail","6":"product_cat-oliven-da","7":"product_cat-pickles-da","8":"product_tag-aubergine","9":"product_tag-udfyld","11":"first","12":"instock","13":"taxable","14":"shipping-taxable","15":"purchasable","16":"product-type-simple"},"_links":{"self":[{"href":"https:\/\/myspainfood.com\/da\/wp-json\/wp\/v2\/product\/18247","targetHints":{"allow":["GET"]}}],"collection":[{"href":"https:\/\/myspainfood.com\/da\/wp-json\/wp\/v2\/product"}],"about":[{"href":"https:\/\/myspainfood.com\/da\/wp-json\/wp\/v2\/types\/product"}],"wp:featuredmedia":[{"embeddable":true,"href":"https:\/\/myspainfood.com\/da\/wp-json\/wp\/v2\/media\/18250"}],"wp:attachment":[{"href":"https:\/\/myspainfood.com\/da\/wp-json\/wp\/v2\/media?parent=18247"}],"wp:term":[{"taxonomy":"product_brand","embeddable":true,"href":"https:\/\/myspainfood.com\/da\/wp-json\/wp\/v2\/product_brand?post=18247"},{"taxonomy":"product_cat","embeddable":true,"href":"https:\/\/myspainfood.com\/da\/wp-json\/wp\/v2\/product_cat?post=18247"},{"taxonomy":"product_tag","embeddable":true,"href":"https:\/\/myspainfood.com\/da\/wp-json\/wp\/v2\/product_tag?post=18247"}],"curies":[{"name":"wp","href":"https:\/\/api.w.org\/{rel}","templated":true}]}}