{"id":18314,"date":"2025-04-10T12:09:16","date_gmt":"2025-04-10T10:09:16","guid":{"rendered":"https:\/\/myspainfood.com\/producto\/manzanilla-olive-anchovy-flavour-140-160-5-kg-draenet\/"},"modified":"2026-04-06T12:12:29","modified_gmt":"2026-04-06T10:12:29","slug":"manzanilla-olive-anchovy-flavour-140-160-5-kg-draenet","status":"publish","type":"product","link":"https:\/\/myspainfood.com\/da\/producto\/manzanilla-olive-anchovy-flavour-140-160-5-kg-draenet\/","title":{"rendered":"Manzanilla Olive Anchovy Flavour 140-160 5 kg dr\u00e6net"},"content":{"rendered":"<p>Manzanilla-oliven med ansjossmag er den mest popul\u00e6re oliven p\u00e5 markedet. Den er meget v\u00e6rdsat for sin fine smag. Den bruges prim\u00e6rt som bordoliven. Gulgr\u00f8n i farven, udstenet og med en mild smag. Udbredt som aperitif og som forret. Den indg\u00e5r i opskrifter som pizzaer, salater eller mere avancerede retter.     <\/p>\n<p>Ingredienser: Oliven, vand, salt, surhedsregulerende middel (E-330), konserveringsmidler<\/p>\n<p>(E-211, E-202, E-270) Antioxidant (E-300)<\/p>\n<p>Kan indeholde sulfitter.<\/p>\n<p>Opbevares p\u00e5 et k\u00f8ligt, t\u00f8rt sted mellem 3\u00baC og 10\u00baC.<\/p>\n<p>Beskyt mod sollys og st\u00e6rke lugte.<\/p>\n<p>Hvis du vil k\u00f8be oliven eller andre typer <a href=\"https:\/\/latiendadesami.com\/categoria-producto\/encurtidos\/\" rel=\"noopener noreferrer nofollow\" target=\"_blank\">pickles<\/a>, s\u00e5 t\u00f8v ikke med at kigge i vores onlinekatalog for at se det store udvalg af <a href=\"https:\/\/latiendadesami.com\/categoria-producto\/encurtidos\/berenjenas\/\" target=\"_blank\" rel=\"noopener noreferrer nofollow\">auberginer<\/a>, vi har.<\/p>\n<p>M\u00e6rket er La Encajera, en familievirksomhed, der blev grundlagt i 1990 og ligger i hjertet af La Mancha, i byen ALMAGRO i provinsen Ciudad Real.<\/p>\n<p>Fremstillingsprocessen for produkterne starter i det samme dyrkningsomr\u00e5de, hvor man udv\u00e6lger det bedste kvalitetsprodukt.<\/p>\n<p>Fabrikken er udstyret med den mest avancerede teknologi, samtidig med at den bevarer h\u00e5ndv\u00e6rkernes tradition og knowhow.<\/p>\n","protected":false},"excerpt":{"rendered":"<p>Manzanilla-oliven med ansjossmag er den mest popul\u00e6re oliven p\u00e5 markedet. Den er meget v\u00e6rdsat for sin fine smag. Den bruges prim\u00e6rt som bordoliven. Gulgr\u00f8n i farven, udstenet og med en mild smag. Udbredt som aperitif og som forret. Den indg\u00e5r i opskrifter som pizzaer, salater eller mere avancerede retter. Ingredienser: Oliven, vand, salt, surhedsregulerende middel [&hellip;]<\/p>\n","protected":false},"featured_media":18315,"template":"","meta":{"_et_pb_use_builder":"","_et_pb_old_content":"","_et_gb_content_width":""},"product_brand":[],"product_cat":[1654,1647],"product_tag":[2148,2150],"class_list":{"0":"post-18314","1":"product","2":"type-product","3":"status-publish","4":"has-post-thumbnail","6":"product_cat-oliven-da","7":"product_cat-pickles-da","8":"product_tag-aubergine","9":"product_tag-udfyld","11":"first","12":"instock","13":"taxable","14":"shipping-taxable","15":"purchasable","16":"product-type-simple"},"_links":{"self":[{"href":"https:\/\/myspainfood.com\/da\/wp-json\/wp\/v2\/product\/18314","targetHints":{"allow":["GET"]}}],"collection":[{"href":"https:\/\/myspainfood.com\/da\/wp-json\/wp\/v2\/product"}],"about":[{"href":"https:\/\/myspainfood.com\/da\/wp-json\/wp\/v2\/types\/product"}],"wp:featuredmedia":[{"embeddable":true,"href":"https:\/\/myspainfood.com\/da\/wp-json\/wp\/v2\/media\/18315"}],"wp:attachment":[{"href":"https:\/\/myspainfood.com\/da\/wp-json\/wp\/v2\/media?parent=18314"}],"wp:term":[{"taxonomy":"product_brand","embeddable":true,"href":"https:\/\/myspainfood.com\/da\/wp-json\/wp\/v2\/product_brand?post=18314"},{"taxonomy":"product_cat","embeddable":true,"href":"https:\/\/myspainfood.com\/da\/wp-json\/wp\/v2\/product_cat?post=18314"},{"taxonomy":"product_tag","embeddable":true,"href":"https:\/\/myspainfood.com\/da\/wp-json\/wp\/v2\/product_tag?post=18314"}],"curies":[{"name":"wp","href":"https:\/\/api.w.org\/{rel}","templated":true}]}}