{"id":19065,"date":"2025-04-10T12:16:39","date_gmt":"2025-04-10T10:16:39","guid":{"rendered":"https:\/\/myspainfood.com\/producto\/hele-ekstra-ristede-piquillo-peberfrugter-la-joya-del-valle-320gr\/"},"modified":"2026-01-29T12:53:22","modified_gmt":"2026-01-29T11:53:22","slug":"hele-ekstra-ristede-piquillo-peberfrugter-la-joya-del-valle-320gr","status":"publish","type":"product","link":"https:\/\/myspainfood.com\/da\/producto\/hele-ekstra-ristede-piquillo-peberfrugter-la-joya-del-valle-320gr\/","title":{"rendered":"Hele ekstra ristede Piquillo-peberfrugter La joya del valle 320gr"},"content":{"rendered":"<p>Ingredienser: Piquillo-peberfrugter, hvidl\u00f8g, salt og syrningsmiddel: citronsyre, h\u00e6rder: calciumklorid.<\/p>\n<p> Opbevares p\u00e5 k\u00f8l efter \u00e5bning og forbruges helst inden for 5 dage<\/p>\n<p> Vi har den h\u00f8jeste kvalitet til den bedste pris.<\/p>\n<p> Kontakt os for mere information, eller hvis du har sp\u00f8rgsm\u00e5l til dette eller andre produkter i vores katalog.<\/p>\n","protected":false},"excerpt":{"rendered":"<p>Ingredienser: Piquillo-peberfrugter, hvidl\u00f8g, salt og syrningsmiddel: citronsyre, h\u00e6rder: calciumklorid. Opbevares p\u00e5 k\u00f8l efter \u00e5bning og forbruges helst inden for 5 dage Vi har den h\u00f8jeste kvalitet til den bedste pris. Kontakt os for mere information, eller hvis du har sp\u00f8rgsm\u00e5l til dette eller andre produkter i vores katalog.<\/p>\n","protected":false},"featured_media":19071,"template":"","meta":{"_et_pb_use_builder":"","_et_pb_old_content":"","_et_gb_content_width":""},"product_brand":[1129],"product_cat":[1648,2363],"product_tag":[2365,2364],"class_list":{"0":"post-19065","1":"product","2":"type-product","3":"status-publish","4":"has-post-thumbnail","6":"product_brand-mateo","7":"product_cat-konserves","8":"product_cat-peberfrugter","9":"product_tag-peber","10":"product_tag-stegt","12":"first","13":"outofstock","14":"featured","15":"taxable","16":"shipping-taxable","17":"product-type-variable"},"_links":{"self":[{"href":"https:\/\/myspainfood.com\/da\/wp-json\/wp\/v2\/product\/19065","targetHints":{"allow":["GET"]}}],"collection":[{"href":"https:\/\/myspainfood.com\/da\/wp-json\/wp\/v2\/product"}],"about":[{"href":"https:\/\/myspainfood.com\/da\/wp-json\/wp\/v2\/types\/product"}],"wp:featuredmedia":[{"embeddable":true,"href":"https:\/\/myspainfood.com\/da\/wp-json\/wp\/v2\/media\/19071"}],"wp:attachment":[{"href":"https:\/\/myspainfood.com\/da\/wp-json\/wp\/v2\/media?parent=19065"}],"wp:term":[{"taxonomy":"product_brand","embeddable":true,"href":"https:\/\/myspainfood.com\/da\/wp-json\/wp\/v2\/product_brand?post=19065"},{"taxonomy":"product_cat","embeddable":true,"href":"https:\/\/myspainfood.com\/da\/wp-json\/wp\/v2\/product_cat?post=19065"},{"taxonomy":"product_tag","embeddable":true,"href":"https:\/\/myspainfood.com\/da\/wp-json\/wp\/v2\/product_tag?post=19065"}],"curies":[{"name":"wp","href":"https:\/\/api.w.org\/{rel}","templated":true}]}}