{"id":19175,"date":"2025-04-10T12:16:39","date_gmt":"2025-04-10T10:16:39","guid":{"rendered":"https:\/\/myspainfood.com\/producto\/ekstra-jomfruolivenolie-viejo-olivar-5-liter-cazorla-jaen\/"},"modified":"2026-01-29T12:36:54","modified_gmt":"2026-01-29T11:36:54","slug":"ekstra-jomfruolivenolie-viejo-olivar-5-liter-cazorla-jaen","status":"publish","type":"product","link":"https:\/\/myspainfood.com\/da\/producto\/ekstra-jomfruolivenolie-viejo-olivar-5-liter-cazorla-jaen\/","title":{"rendered":"Ekstra jomfruolivenolie Viejo Olivar 5 liter Cazorla Ja\u00e9n"},"content":{"rendered":"<p><strong>Ekstra jomfruolivenolie<\/strong> fra Ja\u00e9n er et af stjerneprodukterne i den spanske gastronomi, og det er ogs\u00e5 vores introduktionsbrev til hele verden. At k\u00f8be olivenolie er ensbetydende med at erhverve et enest\u00e5ende produkt p\u00e5 grund af dets utrolige sundhedsm\u00e6ssige fordele. Desuden er det den grundl\u00e6ggende ingrediens i middelhavskosten, en ingrediens, der ikke b\u00f8r mangle i noget k\u00f8kken med respekt for sig selv.  <\/p>\n<p>Blandt olivenolier er ekstra jomfruolivenolie den mest enest\u00e5ende p\u00e5 grund af dens smag, aroma og fordele for organismen. Den er rig p\u00e5 A-, D-, E- og K-vitamin, forebygger risikoen for ophobning af kolesterol, forbedrer blodtrykket og fremmer tarmtransit. Af alle disse grunde vil k\u00f8b af ekstra jomfruolivenolie altid v\u00e6re den bedste l\u00f8sning for dit helbred og din gane.  <\/p>\n<p>I Ja\u00e9n er vi stolte af at v\u00e6re de st\u00f8rste producenter af olivenolie i verden, og de ekstra jomfruolivenolier fra vores jord er uden tvivl de mest ber\u00f8mte b\u00e5de nationalt og internationalt og af den h\u00f8jeste kvalitet, der kan k\u00f8bes.<\/p>\n","protected":false},"excerpt":{"rendered":"<p>Ekstra jomfruolivenolie fra Ja\u00e9n er et af stjerneprodukterne i den spanske gastronomi, og det er ogs\u00e5 vores introduktionsbrev til hele verden. At k\u00f8be olivenolie er ensbetydende med at erhverve et enest\u00e5ende produkt p\u00e5 grund af dets utrolige sundhedsm\u00e6ssige fordele. Desuden er det den grundl\u00e6ggende ingrediens i middelhavskosten, en ingrediens, der ikke b\u00f8r mangle i noget [&hellip;]<\/p>\n","protected":false},"featured_media":19183,"template":"","meta":{"_et_pb_use_builder":"","_et_pb_old_content":"","_et_gb_content_width":""},"product_brand":[1221],"product_cat":[2606,2605],"product_tag":[2607],"class_list":{"0":"post-19175","1":"product","2":"type-product","3":"status-publish","4":"has-post-thumbnail","6":"product_brand-valdezarza","7":"product_cat-ekstra-jomfru-oliven","8":"product_cat-olie-da","9":"product_tag-olie-da","11":"first","12":"outofstock","13":"featured","14":"taxable","15":"shipping-taxable","16":"product-type-variable"},"_links":{"self":[{"href":"https:\/\/myspainfood.com\/da\/wp-json\/wp\/v2\/product\/19175","targetHints":{"allow":["GET"]}}],"collection":[{"href":"https:\/\/myspainfood.com\/da\/wp-json\/wp\/v2\/product"}],"about":[{"href":"https:\/\/myspainfood.com\/da\/wp-json\/wp\/v2\/types\/product"}],"wp:featuredmedia":[{"embeddable":true,"href":"https:\/\/myspainfood.com\/da\/wp-json\/wp\/v2\/media\/19183"}],"wp:attachment":[{"href":"https:\/\/myspainfood.com\/da\/wp-json\/wp\/v2\/media?parent=19175"}],"wp:term":[{"taxonomy":"product_brand","embeddable":true,"href":"https:\/\/myspainfood.com\/da\/wp-json\/wp\/v2\/product_brand?post=19175"},{"taxonomy":"product_cat","embeddable":true,"href":"https:\/\/myspainfood.com\/da\/wp-json\/wp\/v2\/product_cat?post=19175"},{"taxonomy":"product_tag","embeddable":true,"href":"https:\/\/myspainfood.com\/da\/wp-json\/wp\/v2\/product_tag?post=19175"}],"curies":[{"name":"wp","href":"https:\/\/api.w.org\/{rel}","templated":true}]}}