{"id":19337,"date":"2025-04-10T12:16:48","date_gmt":"2025-04-10T10:16:48","guid":{"rendered":"https:\/\/myspainfood.com\/producto\/parti-1d-chop-chop\/"},"modified":"2026-01-13T13:57:12","modified_gmt":"2026-01-13T12:57:12","slug":"parti-1d-chop-chop","status":"publish","type":"product","link":"https:\/\/myspainfood.com\/da\/producto\/parti-1d-chop-chop\/","title":{"rendered":"parti 1d Chop &amp; Chop"},"content":{"rendered":"<p>PARTI 1D: Fiskekonserves af h\u00f8jeste kvalitet, parti best\u00e5ende af: Ansjosfilet i olie 200 gr (1 stk.), Ansjosfilet i eddike 200 gr (1 stk.), Ansjosfilet i hvidl\u00f8g og persille 200 gr (1 stk.), Ansjosflag 220 gr (3 stk.), Sildefilet 220 gr (1 stk.) og Sildefilet med oliven 220 gr (1 stk.).<\/p>\n<p>INDHOLD:<\/p>\n<ul>\n<li>Ansjosfilet i olie:<\/li>\n<\/ul>\n<p>Bakke 200 gr: 1 stk.<\/p>\n<ul>\n<li>Ansjosfilet i eddike:<\/li>\n<\/ul>\n<p>Bakke 200 gr: 1 stk.<\/p>\n<ul>\n<li>Krydret ansjosfilet (hvidl\u00f8g og persille):<\/li>\n<\/ul>\n<p>Bakke 200 gr: 1 stk.<\/p>\n<ul>\n<li>Banderole af boquer\u00f3n:<\/li>\n<\/ul>\n<p>Bakke 220 gr: 3 stk.<\/p>\n<ul>\n<li>Sildefileter:<\/li>\n<\/ul>\n<p>Bakke 220 gr: 1 stk.<\/p>\n<ul>\n<li>Sildefileter med oliven:<\/li>\n<\/ul>\n<p>Bakke 220 gr: 1 stk.<\/p>\n","protected":false},"excerpt":{"rendered":"<p>PARTI 1D: Fiskekonserves af h\u00f8jeste kvalitet, parti best\u00e5ende af: Ansjosfilet i olie 200 gr (1 stk.), Ansjosfilet i eddike 200 gr (1 stk.), Ansjosfilet i hvidl\u00f8g og persille 200 gr (1 stk.), Ansjosflag 220 gr (3 stk.), Sildefilet 220 gr (1 stk.) og Sildefilet med oliven 220 gr (1 stk.). INDHOLD: Ansjosfilet i olie: Bakke [&hellip;]<\/p>\n","protected":false},"featured_media":19339,"template":"","meta":{"_et_pb_use_builder":"","_et_pb_old_content":"","_et_gb_content_width":""},"product_brand":[1127],"product_cat":[1894,1860],"product_tag":[],"class_list":{"0":"post-19337","1":"product","2":"type-product","3":"status-publish","4":"has-post-thumbnail","6":"product_brand-picarpicar","7":"product_cat-ansjoser-da","8":"product_cat-koldt","9":"product_shipping_class-kold-forsendelse","11":"first","12":"outofstock","13":"taxable","14":"shipping-taxable","15":"purchasable","16":"product-type-simple"},"_links":{"self":[{"href":"https:\/\/myspainfood.com\/da\/wp-json\/wp\/v2\/product\/19337","targetHints":{"allow":["GET"]}}],"collection":[{"href":"https:\/\/myspainfood.com\/da\/wp-json\/wp\/v2\/product"}],"about":[{"href":"https:\/\/myspainfood.com\/da\/wp-json\/wp\/v2\/types\/product"}],"wp:featuredmedia":[{"embeddable":true,"href":"https:\/\/myspainfood.com\/da\/wp-json\/wp\/v2\/media\/19339"}],"wp:attachment":[{"href":"https:\/\/myspainfood.com\/da\/wp-json\/wp\/v2\/media?parent=19337"}],"wp:term":[{"taxonomy":"product_brand","embeddable":true,"href":"https:\/\/myspainfood.com\/da\/wp-json\/wp\/v2\/product_brand?post=19337"},{"taxonomy":"product_cat","embeddable":true,"href":"https:\/\/myspainfood.com\/da\/wp-json\/wp\/v2\/product_cat?post=19337"},{"taxonomy":"product_tag","embeddable":true,"href":"https:\/\/myspainfood.com\/da\/wp-json\/wp\/v2\/product_tag?post=19337"}],"curies":[{"name":"wp","href":"https:\/\/api.w.org\/{rel}","templated":true}]}}