{"id":19357,"date":"2025-04-10T12:16:18","date_gmt":"2025-04-10T10:16:18","guid":{"rendered":"https:\/\/myspainfood.com\/producto\/sardiner-i-solsikkeolie-rias-baixas-855-g\/"},"modified":"2026-01-30T14:37:40","modified_gmt":"2026-01-30T13:37:40","slug":"sardiner-i-solsikkeolie-rias-baixas-855-g","status":"publish","type":"product","link":"https:\/\/myspainfood.com\/da\/producto\/sardiner-i-solsikkeolie-rias-baixas-855-g\/","title":{"rendered":"Sardiner i solsikkeolie - Rias Baixas - 855 g"},"content":{"rendered":"<h3><strong>Sardiner i solsikkeolie - R\u00edas Baixas - 855 g<\/strong><\/h3>\n<p><strong>Sardiner i solsikkeolie fra R\u00edas Baixas<\/strong> er omhyggeligt udvalgt og pakket for at bevare deres friskhed og naturlige smag, s\u00e5 du kan nyde hele deres aroma. De er ideelle til salater, forretter eller traditionelle opskrifter og udm\u00e6rker sig ved deres m\u00f8re konsistens og uds\u00f8gte smag i munden. <\/p>\n<p>T\u00f8v ikke, og fork\u00e6l dig selv med de bedste sardiner. Oplev vores udvalg af <a href=\"https:\/\/latiendadesami.com\/categoria-producto\/conservas\/\" target=\"_blank\" rel=\"noopener noreferrer nofollow\"><b>d\u00e5semad<\/b> <\/a>  <\/p>\n<h4><strong>Hvorfor v\u00e6lge dem<\/strong><\/h4>\n<ul>\n<li><strong>Garanteret oprindelse!<\/strong>  Fanget i Atlanterhavets rene og rige vand i R\u00edas Baixas i Galicien.<\/li>\n<li><strong>F\u00f8rsteklasses solsikkeolie, som giver en<\/strong>bl\u00f8d og afbalanceret smag.<\/li>\n<li><strong>Format<\/strong>: 855 g d\u00e5se, ideel til familier eller s\u00e6rlige begivenheder.<\/li>\n<\/ul>\n","protected":false},"excerpt":{"rendered":"<p>Sardiner i solsikkeolie - R\u00edas Baixas - 855 g Sardiner i solsikkeolie fra R\u00edas Baixas er omhyggeligt udvalgt og pakket for at bevare deres friskhed og naturlige smag, s\u00e5 du kan nyde hele deres aroma. De er ideelle til salater, forretter eller traditionelle opskrifter og udm\u00e6rker sig ved deres m\u00f8re konsistens og uds\u00f8gte smag i [&hellip;]<\/p>\n","protected":false},"featured_media":19362,"template":"","meta":{"_et_pb_use_builder":"","_et_pb_old_content":"","_et_gb_content_width":""},"product_brand":[],"product_cat":[1648],"product_tag":[],"class_list":{"0":"post-19357","1":"product","2":"type-product","3":"status-publish","4":"has-post-thumbnail","6":"product_cat-konserves","8":"first","9":"outofstock","10":"taxable","11":"shipping-taxable","12":"product-type-variable"},"_links":{"self":[{"href":"https:\/\/myspainfood.com\/da\/wp-json\/wp\/v2\/product\/19357","targetHints":{"allow":["GET"]}}],"collection":[{"href":"https:\/\/myspainfood.com\/da\/wp-json\/wp\/v2\/product"}],"about":[{"href":"https:\/\/myspainfood.com\/da\/wp-json\/wp\/v2\/types\/product"}],"wp:featuredmedia":[{"embeddable":true,"href":"https:\/\/myspainfood.com\/da\/wp-json\/wp\/v2\/media\/19362"}],"wp:attachment":[{"href":"https:\/\/myspainfood.com\/da\/wp-json\/wp\/v2\/media?parent=19357"}],"wp:term":[{"taxonomy":"product_brand","embeddable":true,"href":"https:\/\/myspainfood.com\/da\/wp-json\/wp\/v2\/product_brand?post=19357"},{"taxonomy":"product_cat","embeddable":true,"href":"https:\/\/myspainfood.com\/da\/wp-json\/wp\/v2\/product_cat?post=19357"},{"taxonomy":"product_tag","embeddable":true,"href":"https:\/\/myspainfood.com\/da\/wp-json\/wp\/v2\/product_tag?post=19357"}],"curies":[{"name":"wp","href":"https:\/\/api.w.org\/{rel}","templated":true}]}}